{"id":8149,"date":"2022-07-18T09:11:01","date_gmt":"2022-07-18T07:11:01","guid":{"rendered":"https:\/\/creandgroup.com\/supporting\/"},"modified":"2026-02-13T14:14:52","modified_gmt":"2026-02-13T13:14:52","slug":"supporting","status":"publish","type":"page","link":"https:\/\/creandgroup.com\/fr\/supporting\/","title":{"rendered":"Supporting"},"content":{"rendered":"<section data-block_0c13f4009a1653e070f28ab7e769e38e class=\"hero align section-hero-secondary relative block clear-both overflow-hidden bg-center bg-cover\" style=\"background-image: url('https:\/\/creandgroup.com\/wp-content\/uploads\/Mask_Group_3.jpg')\" data-aos=\"fade\" data-aos-duration=\"500\" data-aos-easing=\"ease-in-out\" data-aos-mirror=\"false\">\n        <div class=\"container relative flex flex-wrap items-center py-10 xl:pl-48 lg:h-68 lg:flex-nowrap\">\n            <svg class=\"icon-oval-secundary hidden md:block absolute top-0 -left-5 lg:-left-20 xl:left-24 h-full\" width=\"317\" height=\"247\" viewBox=\"0 0 317 247\" fill=\"none\" xmlns=\"https:\/\/www.w3.org\/2000\/svg\">\n<path opacity=\"0.5\" d=\"M317 370C142.478 370 1 259.638 1 123.5C1 -12.6382 142.478 -123 317 -123\" stroke=\"white\" stroke-width=\"1.6658\"\/>\n<\/svg> \n            <h1 class=\"text-white lg:w-1\/2 lg:pr-10  font-tiempos_bold \"   style=\"line-height: 52px; letter-spacing: 2px; font-size: 45px;\" >Supporting<br \/>\r\n<\/h1>\n            <div class=\"pl-3 mt-3 lg:mt-0 text-white lg:w-2\/3\">\n                <h3 class=\" big-text   leading-normal\">Vivez le sport en regardant la cha\u00eene sportive de Cr\u00e8dit Andorr\u00e0 sur les r\u00e9seaux.<br \/>\r\n<\/h3>\n                            <\/div>\n        <\/div>\n    <\/section>\n    <style>\n        .section-hero-secondary a.border-white{\n            transition: all 0.2s;\n        }\n        .section-hero-secondary a.border-white:hover{\n            color: #369125;\n            background-color: white;\n        }\n        .section-hero-secondary a.border-white:hover .icon-white-fill path{\n            fill: #369125;\n        }\n        .section-hero-secondary.text-light .container{\n            height: auto !important;\n        }\n        .section-hero-secondary.text-light h1{\n            font-weight: 400 !important;\n        }\n        .section-hero-secondary .big-text{\n            font-size: 18px;\n            line-height: 28px;\n        }\n        @media (min-width: 1024px){\n            .section-hero-secondary .big-text{\n                font-size: 22px;\n                line-height: 32px;\n            }\n        }\n    <\/style>\n\n\n<section data-block_e05742d67884b5f07c314f98a72be1eb class=\"navigation align section-navigation hidden lg:block  border-b sticky top-10 xl:top-20 bg-white overflow-hidden border-t border-gallery_gray \" data-aos=\"fade\" data-aos-duration=\"500\" data-aos-easing=\"ease-in-out\" data-aos-once=\"true\">\n    <div class=\"container\">\n        <div class=\"wrapper flex items-center\">\n            <div class=\"flex items-center gap-5 lg:gap-8 text-center justify-evenly uppercase navigation-list mx-auto font-roboto_regular\">\n                                             <a href=\"https:\/\/creandgroup.com\/fr\/la-neige\/\" class=\"text-sm lg:text-base py-5 xl:pt-8 xl:pb-6 cursor-pointer\">La neige<\/a>\n                                             <a href=\"https:\/\/creandgroup.com\/fr\/envers-le-sport\/\" class=\"text-sm lg:text-base py-5 xl:pt-8 xl:pb-6 cursor-pointer\">Envers le sport<\/a>\n                                             <a href=\"https:\/\/creandgroup.com\/fr\/nos-sportifs\/\" class=\"text-sm lg:text-base py-5 xl:pt-8 xl:pb-6 cursor-pointer\">Nos sportifs<\/a>\n                                             <a href=\"#\" class=\"text-sm lg:text-base py-5 xl:pt-8 xl:pb-6 cursor-pointer\">Supporting<\/a>\n                        <\/div>\n        <\/div>\n    <\/div>\n\n<\/section>\n<style>\n    .section-navigation{\n        z-index: 19;\n    }\n    .section-navigation .currentPage{\n        color: #369125;\n        font-weight: 700;\n        border-bottom: 2px solid #369125;\n    }\n    .section-navigation .active{\n        color: #369125;\n        font-weight: 700;\n        border-bottom: 2px solid #369125;\n    }\n    .navigation-list a:hover{\n        color: #369125;\n        border-bottom: 2px solid #369125;\n    }\n    .section-navigation .go-back:hover .icon-arrow-down path{\n        stroke: #369125;\n    }\n<\/style>\n<script>\n    function goBack() {\n        window.history.back();\n    }\n<\/script>\n\n<section id=\"block_563e70cc35600486e06dfebcca7d11a3\"  data-block_563e70cc35600486e06dfebcca7d11a3 class=\"text-img-cta align w-full section-text-img-cta bg-white relative block clear-both overflow-hidden my-8 lg:my-20 lg:h-auto  \">\n    <div class=\"relatize z-1  max-w-extra_wide mx-auto   flex-row-reverse mt-12  wrapper mt-12 flex items-center flex-wrap lg:flex-wrap justify-center lg:justify-end\">\n        <div class=\"w-full lg:w-1\/2  px-4 md:px-8   md:pl-20  section-info  text-center md:text-left\" data-aos=\"fade-in\" data-aos-duration=\"500\"  data-aos-delay=\"300\" data-aos-easing=\"ease-in-out\" data-aos-once=\"true\">\n            <h2 class=\"text-title font-tiempos_bold\">Cha\u00eenes Supporting<\/h2>\n                                        <div class=\"mt-5 wysiwyg lg:pr-10 font-roboto_regular font-light\"><p>Le sport fait partie de notre ADN. C&rsquo;est pourquoi 2018 voit la naissance de Supporting, notre canal de m\u00e9dias sociaux d\u00e9di\u00e9 au sponsoring sportif.<\/p>\n<p>&nbsp;<\/p>\n<p>Nous offrons des informations d\u00e9taill\u00e9es et imm\u00e9diates sur les concours et autres \u00e9v\u00e9nements parrain\u00e9s par Creand: championnats de ski, eSports, comp\u00e9titions de<br \/>\nVTT ou championnats de golf, entre autres.<\/p>\n<p>&nbsp;<\/p>\n<p>Inscrit dans la ligne d\u2019engagement de Creand pour encourager les valeurs du sport et de la vie saine, l\u2019objectif de Supporting est de donner de la visibilit\u00e9 \u00e0 ce que nous faisons pour le sport et \u00e0 ce que font ceux que nous parrainons.<\/p>\n<p>&nbsp;<\/p>\n<p class=\"p1\">Retrouvez-nous sur Facebook, Twitter, Instagram, TikTok et YouTube, avec du contenu in\u00e9dit et exclusif, des photos, des vid\u00e9os et des r\u00e9sultats.<\/p>\n<p>&nbsp;<\/p>\n<\/div>\n                                                \n                    <\/div>\n                    <div class=\"w-full mt-10 md:mt-0 md:w-5\/12 flex  justify-end \" data-aos=\"fade-in\" data-aos-duration=\"500\" data-aos-easing=\"ease-in-out\" data-aos-once=\"true\">\n                                                    <div style=\"width: 640px;\" class=\"wp-video\"><video class=\"wp-video-shortcode\" id=\"video-8149-1\" width=\"640\" height=\"360\" preload=\"auto\" controls=\"controls\"><source type=\"video\/youtube\" src=\"https:\/\/www.youtube.com\/watch?v=PqjKlyFbwn8&#038;_=1\" \/><a href=\"https:\/\/www.youtube.com\/watch?v=PqjKlyFbwn8\" target=\"_blank\" rel=\"noopener\">https:\/\/www.youtube.com\/watch?v=PqjKlyFbwn8<\/a><\/video><\/div>                            <\/div>\n            <\/div>\n<\/section>\n<style>\n    .section-text-img-cta .wp-video{\n        width: 100% !important;\n    }\n    .section-text-img-cta .wysiwyg a{\n        color: #369125;\n        text-decoration: underline;\n    }\n    .text-img-cta-card-list-el-inner{\n        box-shadow: 0px 4px 51px 0px rgba(0, 0, 0, 0.07);\n    }\n\n    .section-text-img-cta .wysiwyg ul {\n            margin-top: 10px;\n    }\n    .section-text-img-cta .wysiwyg ul li{\n        background-image: url(\"https:\/\/creandgroup.com\/wp-content\/themes\/creand\/public\/images\/icon-tick.ca4fad.svg\");\n        background-position: 0 5px;\n        padding: 2px 0 5px 32px;\n        margin-bottom: 8px;\n        background-repeat: no-repeat;\n    }\n    .text-img-cta-card-list-el .hover-state{\n        background: linear-gradient(112.89deg, #369125 3.9%, #70BC8F 83.71%);\n\n    }\n    .section-text-img-cta .icon-gray path{\n        fill: transparent;\n        stroke: #434343;\n    }\n    .section-text-img-cta .icon-white path{\n        fill: transparent;\n        stroke: white;\n    }\n\n    .section-text-img-cta.black::before{\n        content: \"\";\n        display: block;\n        width: 100%;\n        height: 100%;\n        position: absolute;\n        z-index: 0;\n        background-color: rgba(0, 0, 0, 0.3);\n    }\n    .section-text-img-cta.white::before{\n        content: \"\";\n        display: block;\n        width: 100%;\n        height: 100%;\n        position: absolute;\n        z-index: 0;\n        background-color: rgba(255, 255, 255, 0.3);\n    }\n\n    .section-text-img-cta .button-primary svg path{\n        fill: white;\n        transition: all 0.3s;\n    }\n<\/style>\n\n<section id=\"block_0402750efe0b2638d1d49d8279d2e70d\" data-block_0402750efe0b2638d1d49d8279d2e70d   class=\"slider-imgs align relative block overflow-hidden section-slider-imgs clear-both\">\n    <div class=\"container\">\n                                                <div class=\"relative swiper slider-img-list mt-8\">\n                <div class=\"swiper-wrapper\">\n                                                                     <div class=\"relative block w-full h-full lg:mt-0 md:w-1\/2 xl:w-1\/3 swiper-slide slider-img-list-el\">\n                            <div class=\"slider-img-list-el-inner\">\n                                <div style=\"background-image: url('https:\/\/creandgroup.com\/wp-content\/uploads\/469610508_18277586659218673_1074459876087383477_n.jpg');\" class=\"w-full h-80 bg-cover bg-center\"><\/div>\n                                <div class=\"mt-2 font-light\"><\/div>\n                            <\/div>\n                        <\/div>\n                                                                     <div class=\"relative block w-full h-full lg:mt-0 md:w-1\/2 xl:w-1\/3 swiper-slide slider-img-list-el\">\n                            <div class=\"slider-img-list-el-inner\">\n                                <div style=\"background-image: url('https:\/\/creandgroup.com\/wp-content\/uploads\/489552657_1201052718689202_5673473918085288182_n.jpg');\" class=\"w-full h-80 bg-cover bg-center\"><\/div>\n                                <div class=\"mt-2 font-light\"><\/div>\n                            <\/div>\n                        <\/div>\n                                                                     <div class=\"relative block w-full h-full lg:mt-0 md:w-1\/2 xl:w-1\/3 swiper-slide slider-img-list-el\">\n                            <div class=\"slider-img-list-el-inner\">\n                                <div style=\"background-image: url('https:\/\/creandgroup.com\/wp-content\/uploads\/489995931_1201053608689113_2943486358430256975_n.jpg');\" class=\"w-full h-80 bg-cover bg-center\"><\/div>\n                                <div class=\"mt-2 font-light\"><\/div>\n                            <\/div>\n                        <\/div>\n                                                                     <div class=\"relative block w-full h-full lg:mt-0 md:w-1\/2 xl:w-1\/3 swiper-slide slider-img-list-el\">\n                            <div class=\"slider-img-list-el-inner\">\n                                <div style=\"background-image: url('https:\/\/creandgroup.com\/wp-content\/uploads\/post_proam_golf_03.jpg');\" class=\"w-full h-80 bg-cover bg-center\"><\/div>\n                                <div class=\"mt-2 font-light\"><\/div>\n                            <\/div>\n                        <\/div>\n                                                                     <div class=\"relative block w-full h-full lg:mt-0 md:w-1\/2 xl:w-1\/3 swiper-slide slider-img-list-el\">\n                            <div class=\"slider-img-list-el-inner\">\n                                <div style=\"background-image: url('https:\/\/creandgroup.com\/wp-content\/uploads\/Baixa_DSCF1256.jpg');\" class=\"w-full h-80 bg-cover bg-center\"><\/div>\n                                <div class=\"mt-2 font-light\"><\/div>\n                            <\/div>\n                        <\/div>\n                                                                     <div class=\"relative block w-full h-full lg:mt-0 md:w-1\/2 xl:w-1\/3 swiper-slide slider-img-list-el\">\n                            <div class=\"slider-img-list-el-inner\">\n                                <div style=\"background-image: url('https:\/\/creandgroup.com\/wp-content\/uploads\/PATROCINADORS-36-1-scaled-1.jpg');\" class=\"w-full h-80 bg-cover bg-center\"><\/div>\n                                <div class=\"mt-2 font-light\"><\/div>\n                            <\/div>\n                        <\/div>\n                                    <\/div>\n                                    <div class=\"flex justify-end swiper-navigation-arrows mb-20\">\n                        <svg class=\"icon-arrow-right self-end navigation-prev transform rotate-180 cursor-pointer hover:bg-primary_vista_blue hover:bg-opacity-60\" width=\"35\" height=\"35\" viewBox=\"0 0 35 35\" fill=\"none\" xmlns=\"https:\/\/www.w3.org\/2000\/svg\">\n<path d=\"M4.375 17.5L30.625 17.5\" stroke=\"black\" stroke-width=\"1.5\" stroke-linecap=\"round\"\/>\n<path d=\"M21.875 26.25L30.625 17.5L21.875 8.75\" stroke=\"black\" stroke-width=\"1.5\" stroke-linecap=\"round\"\/>\n<\/svg> \n                        <svg class=\"icon-arrow-right self-end navigation-next mr-2 cursor-pointer hover:bg-primary_vista_blue hover:bg-opacity-60\" width=\"35\" height=\"35\" viewBox=\"0 0 35 35\" fill=\"none\" xmlns=\"https:\/\/www.w3.org\/2000\/svg\">\n<path d=\"M4.375 17.5L30.625 17.5\" stroke=\"black\" stroke-width=\"1.5\" stroke-linecap=\"round\"\/>\n<path d=\"M21.875 26.25L30.625 17.5L21.875 8.75\" stroke=\"black\" stroke-width=\"1.5\" stroke-linecap=\"round\"\/>\n<\/svg> \n                    <\/div>\n                                <div class=\"swiper-scrollbar \"><\/div>\n            <\/div>\n            <\/div>\n<\/section>\n\n<style>\n    .section-slider-imgs .swiper-slide {\n        height: auto;\n    }\n    .section-slider-imgs .swiper-scrollbar {\n        width: 80% !important;\n        bottom: 10px;\n        z-index: 1;\n    }\n    .section-slider-imgs .swiper-button-disabled{\n        opacity: 0.5;\n        pointer-events: none;\n    }\n    .section-slider-imgs .swiper-scrollbar .swiper-scrollbar-drag{\n        background: #369125 !important;\n    }\n<\/style>\n\n<section id=\"block_c019611c9b4500d02f6415a8564dd928\"  data-block_c019611c9b4500d02f6415a8564dd928 class=\"banner-w-social-media align section-banner-w-social-media relative w-full clear-both overflow-hidden block\" data-aos=\"fade\" data-aos-duration=\"500\"  data-aos-delay=\"0\" data-aos-easing=\"ease-in-out\" data-aos-once=\"true\">\n    <div class=\"wrapper w-full h-full md:h-screen-2\/4 md:bg-center bg-cover\">\n                <div class=\"container flex items-center md:justify-end h-full py-10\">\n            <div class=\"w-full md:w-2\/5 relative z-2 \">\n                <h2 class=\"text-title font-tiempos_bold\">Supporting<br \/>\r\n<\/h2>\n                <div class=\"font-roboto_regular mt-2\"><p>Vous ne connaissez pas encore Supporting ?<\/p>\n<p>&nbsp;<\/p>\n<p>Vivez le sport en regardant la cha\u00eene sportive de Creand sur les r\u00e9seaux.<\/p>\n<p>&nbsp;<\/p>\n<p><em><u>Suivez-nous!<\/u><\/em><\/p>\n<p>&nbsp;<\/p>\n<\/div>\n                <div class=\"mt-7 lg:mt-0 2xl:mt-7 text-primary_direct_green_light\">Nos r\u00e9seaux:<\/div>\n                <div class=\"banner-w-social-media-list mt-4 lg:mt-0 2xl:mt-4 flex flex-nowrap font-roboto_regular\">\n                                                                                             <a href=\"https:\/\/www.facebook.com\/CreandSupporting\" class=\"mr-3\" target=\"_blank\" rel=\"noopener\">\n                                                            <img class=\"lozad\" data-src=\"https:\/\/creandgroup.com\/wp-content\/uploads\/ico-facebook.svg\" alt=\"ico-facebook\">\n                                                    <\/a>\n                                                                                                                     <a href=\"https:\/\/www.instagram.com\/creandsupporting\" class=\"mr-3\" target=\"_blank\" rel=\"noopener\">\n                                                            <img class=\"lozad\" data-src=\"https:\/\/creandgroup.com\/wp-content\/uploads\/ico-instagram-1.svg\" alt=\"ico-instagram\">\n                                                    <\/a>\n                                                                                                                     <a href=\"https:\/\/www.youtube.com\/@creandsupporting1\/featured\" class=\"mr-3\" target=\"_blank\" rel=\"noopener\">\n                                                            <img class=\"lozad\" data-src=\"https:\/\/creandgroup.com\/wp-content\/uploads\/ico-Youtube.svg\" alt=\"ico-Youtube\">\n                                                    <\/a>\n                                                                                                                     <a href=\"https:\/\/twitter.com\/CreandSupport\" class=\"mr-3\" target=\"_blank\" rel=\"noopener\">\n                                                            <img class=\"lozad\" data-src=\"https:\/\/creandgroup.com\/wp-content\/uploads\/ico-tw.svg\" alt=\"ico-tw\">\n                                                    <\/a>\n                                                            <\/div>\n            <\/div>\n        <\/div>\n    <\/div>\n<\/section>\n<style>\n    .section-banner-w-social-media > .wrapper{\n\u00a1        position: relative;\n    }\n    @media (min-width: 768px){\n        .section-banner-w-social-media > .wrapper{\n            background-image: url('https:\/\/creandgroup.com\/wp-content\/uploads\/img-supporting-1.jpg');\n        }\n    }\n\n<\/style>","protected":false},"excerpt":{"rendered":"","protected":false},"author":1,"featured_media":0,"parent":0,"menu_order":0,"comment_status":"closed","ping_status":"closed","template":"","meta":{"_acf_changed":true,"inline_featured_image":false,"footnotes":""},"class_list":["post-8149","page","type-page","status-publish","hentry"],"acf":[],"_links":{"self":[{"href":"https:\/\/creandgroup.com\/fr\/wp-json\/wp\/v2\/pages\/8149","targetHints":{"allow":["GET"]}}],"collection":[{"href":"https:\/\/creandgroup.com\/fr\/wp-json\/wp\/v2\/pages"}],"about":[{"href":"https:\/\/creandgroup.com\/fr\/wp-json\/wp\/v2\/types\/page"}],"author":[{"embeddable":true,"href":"https:\/\/creandgroup.com\/fr\/wp-json\/wp\/v2\/users\/1"}],"replies":[{"embeddable":true,"href":"https:\/\/creandgroup.com\/fr\/wp-json\/wp\/v2\/comments?post=8149"}],"version-history":[{"count":0,"href":"https:\/\/creandgroup.com\/fr\/wp-json\/wp\/v2\/pages\/8149\/revisions"}],"wp:attachment":[{"href":"https:\/\/creandgroup.com\/fr\/wp-json\/wp\/v2\/media?parent=8149"}],"curies":[{"name":"wp","href":"https:\/\/api.w.org\/{rel}","templated":true}]}}