{"id":8096,"date":"2021-10-07T12:34:08","date_gmt":"2021-10-07T10:34:08","guid":{"rendered":"https:\/\/creandgroup.com\/sostenibilitat\/"},"modified":"2023-05-01T19:39:45","modified_gmt":"2023-05-01T17:39:45","slug":"durabilite","status":"publish","type":"page","link":"https:\/\/creandgroup.com\/fr\/durabilite\/","title":{"rendered":"Durabilit\u00e9"},"content":{"rendered":"<section data-block_1ed6122c5ef2c37b0dcab897edf8fc77 class=\"hero align section-hero-primary relative block clear-both overflow-hidden bg-center bg-cover\" data-aos=\"fade\" data-aos-duration=\"500\" data-aos-easing=\"ease-in-out\" data-aos-once=\"true\">\n        <div class=\"wrapper flex lg:flex-nowrap flex-wrap justify-between 3xl:container\">\n            <div class=\"w-full lg:w-2\/5 xl:w-1\/2 2xl:w-1\/2 py-10 px-4 md:pl-20 lg:pt-20 lg:pb-28 3xl:px-0\">\n                <h1 class=\"font-extrabold text-title 2xl:text-5xl font-tiempos_bold\">Durabilit\u00e9 <\/h1>\n                                <div class=\"mt-3 text-lg font-roboto_regular font-light\">La responsabilit\u00e9 d\u2019entreprise et l\u2019implication sociale<br \/>\r\nont toujours \u00e9t\u00e9 un \u00e9l\u00e9ment essentiel pour Creand et<br \/>\r\nnotre banque engag\u00e9e.<br \/>\r\n<\/div>\n            <\/div>\n            <div class=\"w-auto lg:w-2\/5 2xl:w-1\/2 relative hidden bg-top bg-cover bg-no-repeat lg:block semi-circle border-primary_direct_green_light -mr-10 2xl:-mr-12\"  style=\"background-image: url('https:\/\/creandgroup.com\/wp-content\/uploads\/unsplash_GopRYASfsOc.png')\">\n                <div class=\"absolute hidden lg:block semi-circle-contorn\">\n            <\/div>\n        <\/div>\n    <\/section>\n<style>\n    .section-hero-primary{\n        background-image: url(https:\/\/creandgroup.com\/wp-content\/uploads\/sand-texture-.png);\n    }\n    .section-hero-primary::after{\n        content: \"\";\n        width: 100%;\n        height: 100%;\n        background: black;\n        opacity: 0.1;\n        position: absolute;\n        top: 0px;\n        left: 0px;\n        z-index: -1;\n    }\n    .semi-circle{\n        background-image: none;\n    }\n    @media (min-width: 1024px) {\n        .semi-circle{\n            background-image: url('https:\/\/creandgroup.com\/wp-content\/uploads\/sand-texture-.png');\n            width: 690px;\n            height: 345px; \/* as the half of the width *\/\n            border-bottom-left-radius: 690px;\n            border-bottom-right-radius: 690px;\n            border: 0px;\n            margin-top: -100px;\n        }\n        .semi-circle-contorn {\n            content: '';\n            border: 0.64534px solid #90D5AC;\n            opacity: 0.5;\n            width: 817px;\n            height: 817px;\n            border-radius: 50%;\n            \/* border-bottom-left-radius: 817px; *\/\n            \/* border-bottom-right-radius: 817px; *\/\n            right: -60px;\n            top: -126%;\n        }\n    }\n<\/style>\n\n\n<section data-block_beb6c0c6b7d26c627e4a22a4d5a5005d class=\"navigation align section-navigation hidden lg:block  border-b sticky top-10 xl:top-20 bg-white overflow-hidden border-t border-gallery_gray \" data-aos=\"fade\" data-aos-duration=\"500\" data-aos-easing=\"ease-in-out\" data-aos-once=\"true\">\n    <div class=\"container\">\n        <div class=\"wrapper flex items-center\">\n            <div class=\"flex items-center gap-5 lg:gap-8 text-center justify-evenly uppercase navigation-list mx-auto font-roboto_regular\">\n                                             <a href=\"https:\/\/creandgroup.com\/fr\/durabilite\/une-banque-engagee\/\" class=\"text-sm lg:text-base py-5 xl:pt-8 xl:pb-6 cursor-pointer\">Banque engag\u00e9e<\/a>\n                                             <a href=\"https:\/\/creandgroup.com\/fr\/durabilite\/engagement-pour-lenvironnement\/\" class=\"text-sm lg:text-base py-5 xl:pt-8 xl:pb-6 cursor-pointer\">Engagement pour l&rsquo;environnement<\/a>\n                        <\/div>\n        <\/div>\n    <\/div>\n\n<\/section>\n<style>\n    .section-navigation{\n        z-index: 19;\n    }\n    .section-navigation .currentPage{\n        color: #369125;\n        font-weight: 700;\n        border-bottom: 2px solid #369125;\n    }\n    .section-navigation .active{\n        color: #369125;\n        font-weight: 700;\n        border-bottom: 2px solid #369125;\n    }\n    .navigation-list a:hover{\n        color: #369125;\n        border-bottom: 2px solid #369125;\n    }\n    .section-navigation .go-back:hover .icon-arrow-down path{\n        stroke: #369125;\n    }\n<\/style>\n<script>\n    function goBack() {\n        window.history.back();\n    }\n<\/script>\n\n<section id=\"block_62aea4bfda1e15dac97b253db3236c78\"  data-block_62aea4bfda1e15dac97b253db3236c78 class=\"text-img-cta align w-full section-text-img-cta bg-white relative block clear-both overflow-hidden my-8 lg:my-20 lg:h-auto  \">\n    <div class=\"relatize z-1  max-w-extra_wide mx-auto   wrapper mt-12 flex items-center flex-wrap lg:flex-wrap justify-center lg:justify-end\">\n        <div class=\"w-full lg:w-1\/2  px-4 md:px-8   section-info  text-center md:text-left\" data-aos=\"fade-in\" data-aos-duration=\"500\"  data-aos-delay=\"300\" data-aos-easing=\"ease-in-out\" data-aos-once=\"true\">\n            <h2 class=\"text-title font-tiempos_bold\">Une banque engag\u00e9e<br \/>\r\n<\/h2>\n                                        <div class=\"mt-5 wysiwyg lg:pr-10 font-roboto_regular font-light\"><p>Notre banque engag\u00e9e s\u2019efforce d\u2019impulser des initiatives<br \/>\nde valeur pour ses clients, ses actionnaires, ses employ\u00e9s,<br \/>\nla communaut\u00e9, l\u2019environnement, les prestataires et<br \/>\nles m\u00e9dias, en armonisant les crit\u00e8res d\u2019activit\u00e9 avec le<br \/>\nprogr\u00e8s social et la pr\u00e9servation de l\u2019environnement.<\/p>\n<\/div>\n                                                    <a class=\"mt-3 button-primary font-roboto_regular inline-flex items-center gap-1\" href=\"https:\/\/creandgroup.com\/fr\/durabilite\/une-banque-engagee\/\">\n                                        Afficher plus\n                <\/a>\n                        \n                    <\/div>\n                    <div class=\"w-full mt-10 md:mt-0 md:w-5\/12 flex  justify-start \" data-aos=\"fade-in\" data-aos-duration=\"500\" data-aos-easing=\"ease-in-out\" data-aos-once=\"true\">\n                                    <img  data-src=\"https:\/\/creandgroup.com\/wp-content\/uploads\/Mockup_Macbook_Pro_Retina_mockupgratis-1.jpg\" alt=\"Mockup_Macbook_Pro_Retina_mockupgratis 1\" class=\"w-full lozad mt-5 lg:mt-0\">\n                                            <\/div>\n            <\/div>\n<\/section>\n<style>\n    .section-text-img-cta .wp-video{\n        width: 100% !important;\n    }\n    .section-text-img-cta .wysiwyg a{\n        color: #369125;\n        text-decoration: underline;\n    }\n    .text-img-cta-card-list-el-inner{\n        box-shadow: 0px 4px 51px 0px rgba(0, 0, 0, 0.07);\n    }\n\n    .section-text-img-cta .wysiwyg ul {\n            margin-top: 10px;\n    }\n    .section-text-img-cta .wysiwyg ul li{\n        background-image: url(\"https:\/\/creandgroup.com\/wp-content\/themes\/creand\/public\/images\/icon-tick.ca4fad.svg\");\n        background-position: 0 5px;\n        padding: 2px 0 5px 32px;\n        margin-bottom: 8px;\n        background-repeat: no-repeat;\n    }\n    .text-img-cta-card-list-el .hover-state{\n        background: linear-gradient(112.89deg, #369125 3.9%, #70BC8F 83.71%);\n\n    }\n    .section-text-img-cta .icon-gray path{\n        fill: transparent;\n        stroke: #434343;\n    }\n    .section-text-img-cta .icon-white path{\n        fill: transparent;\n        stroke: white;\n    }\n\n    .section-text-img-cta.black::before{\n        content: \"\";\n        display: block;\n        width: 100%;\n        height: 100%;\n        position: absolute;\n        z-index: 0;\n        background-color: rgba(0, 0, 0, 0.3);\n    }\n    .section-text-img-cta.white::before{\n        content: \"\";\n        display: block;\n        width: 100%;\n        height: 100%;\n        position: absolute;\n        z-index: 0;\n        background-color: rgba(255, 255, 255, 0.3);\n    }\n\n    .section-text-img-cta .button-primary svg path{\n        fill: white;\n        transition: all 0.3s;\n    }\n<\/style>\n\n<section id=\"block_b80e19507b9b3dfc6d142ad9f3aefd9a\"  data-block_b80e19507b9b3dfc6d142ad9f3aefd9a class=\"text-img-cta hidden align w-full section-text-img-cta bg- relative block clear-both overflow-hidden my-8 lg:my-20 lg:h-auto   h-screen-3\/4 lg:h-screen-auto py-10 lg:py-20 flex items-center background-image bg-no-repeat bg-cover lg:bg-center  \">\n    <div class=\"relatize z-1  container mt-12   wrapper mt-12 flex items-center flex-wrap lg:flex-wrap justify-center lg:justify-end\">\n        <div class=\"w-full lg:w-1\/2  px-4 md:px-8   section-info  pl-0  text-center md:text-left\" data-aos=\"fade-in\" data-aos-duration=\"500\"  data-aos-delay=\"300\" data-aos-easing=\"ease-in-out\" data-aos-once=\"true\">\n            <h2 class=\"text-title font-tiempos_bold\">Finances durables<br \/>\r\n<\/h2>\n                                        <div class=\"mt-5 wysiwyg lg:pr-10 font-roboto_regular font-light\"><p>Nous mettons tout en \u0153uvre pour doter Creand de la r\u00e9silience n\u00e9cessaire pour faire face aux enjeux globaux inscrits dans l\u2019agenda des institutions et des organismes internationaux, comme le changement climatique, les in\u00e9galit\u00e9s sociales, la transparence ou la bonne gouvernance des entreprises.<br \/>\n&nbsp;<\/p>\n<\/div>\n                                                    <a class=\"mt-3 button-primary font-roboto_regular inline-flex items-center gap-1\" href=\"https:\/\/creandgroup.com\/fr\/durabilite\/finances-durables\/\">\n                                        En savoir plus\n                <\/a>\n                        \n                    <\/div>\n            <\/div>\n<\/section>\n    <style>\n        .section-text-img-cta.background-image{\n            background-image: url('https:\/\/creandgroup.com\/wp-content\/uploads\/profesor-explicant.jpg');\n            position: relative;\n        }\n\n        @media (min-width: 1024px) {\n            .section-text-img-cta.background-image{\n                background-image: url('https:\/\/creandgroup.com\/wp-content\/uploads\/profesor-explicant.jpg');\n            }\n        }\n    <\/style>\n<style>\n    .section-text-img-cta .wp-video{\n        width: 100% !important;\n    }\n    .section-text-img-cta .wysiwyg a{\n        color: #369125;\n        text-decoration: underline;\n    }\n    .text-img-cta-card-list-el-inner{\n        box-shadow: 0px 4px 51px 0px rgba(0, 0, 0, 0.07);\n    }\n\n    .section-text-img-cta .wysiwyg ul {\n            margin-top: 10px;\n    }\n    .section-text-img-cta .wysiwyg ul li{\n        background-image: url(\"https:\/\/creandgroup.com\/wp-content\/themes\/creand\/public\/images\/icon-tick.ca4fad.svg\");\n        background-position: 0 5px;\n        padding: 2px 0 5px 32px;\n        margin-bottom: 8px;\n        background-repeat: no-repeat;\n    }\n    .text-img-cta-card-list-el .hover-state{\n        background: linear-gradient(112.89deg, #369125 3.9%, #70BC8F 83.71%);\n\n    }\n    .section-text-img-cta .icon-gray path{\n        fill: transparent;\n        stroke: #434343;\n    }\n    .section-text-img-cta .icon-white path{\n        fill: transparent;\n        stroke: white;\n    }\n\n    .section-text-img-cta.black::before{\n        content: \"\";\n        display: block;\n        width: 100%;\n        height: 100%;\n        position: absolute;\n        z-index: 0;\n        background-color: rgba(0, 0, 0, 0.3);\n    }\n    .section-text-img-cta.white::before{\n        content: \"\";\n        display: block;\n        width: 100%;\n        height: 100%;\n        position: absolute;\n        z-index: 0;\n        background-color: rgba(255, 255, 255, 0.3);\n    }\n\n    .section-text-img-cta .button-primary svg path{\n        fill: white;\n        transition: all 0.3s;\n    }\n<\/style>\n\n<section id=\"block_edda247c3f244cf8063f2f35c7209328\"  data-block_edda247c3f244cf8063f2f35c7209328 class=\"text-img-cta align w-full section-text-img-cta bg-white relative block clear-both overflow-hidden my-8 lg:my-20 lg:h-auto  \">\n    <div class=\"relatize z-1  max-w-extra_wide mx-auto   flex-row-reverse mt-12  wrapper mt-12 flex items-center flex-wrap lg:flex-wrap justify-center lg:justify-end\">\n        <div class=\"w-full lg:w-1\/2  px-4 md:px-8   md:pl-20  section-info  text-center md:text-left\" data-aos=\"fade-in\" data-aos-duration=\"500\"  data-aos-delay=\"300\" data-aos-easing=\"ease-in-out\" data-aos-once=\"true\">\n            <h2 class=\"text-title font-tiempos_bold\">Engagement pour<br \/>\r\nl\u2019environnement<\/h2>\n                                        <div class=\"mt-5 wysiwyg lg:pr-10 font-roboto_regular font-light\"><p>Notre engagement pour l\u2019environnement fait de nous l\u2019une des banques andorranes pionni\u00e8res en pr\u00e9servation de l\u2019environnement, un des principaux actifs de notre pays.<\/p>\n<p>&nbsp;<\/p>\n<\/div>\n                                                    <a class=\"mt-3 button-primary font-roboto_regular inline-flex items-center gap-1\" href=\"https:\/\/creandgroup.com\/fr\/durabilite\/engagement-pour-lenvironnement\/\">\n                                        En savoir plus\n                <\/a>\n                        \n                    <\/div>\n                    <div class=\"w-full mt-10 md:mt-0 md:w-5\/12 flex  justify-end \" data-aos=\"fade-in\" data-aos-duration=\"500\" data-aos-easing=\"ease-in-out\" data-aos-once=\"true\">\n                                    <img  data-src=\"https:\/\/creandgroup.com\/wp-content\/uploads\/Compromi\u0301s-amb-el-medi-ambient-1.jpg\" alt=\"Compromi\u0301s amb el medi ambient (1)\" class=\"w-full lozad mt-5 lg:mt-0\">\n                                            <\/div>\n            <\/div>\n<\/section>\n<style>\n    .section-text-img-cta .wp-video{\n        width: 100% !important;\n    }\n    .section-text-img-cta .wysiwyg a{\n        color: #369125;\n        text-decoration: underline;\n    }\n    .text-img-cta-card-list-el-inner{\n        box-shadow: 0px 4px 51px 0px rgba(0, 0, 0, 0.07);\n    }\n\n    .section-text-img-cta .wysiwyg ul {\n            margin-top: 10px;\n    }\n    .section-text-img-cta .wysiwyg ul li{\n        background-image: url(\"https:\/\/creandgroup.com\/wp-content\/themes\/creand\/public\/images\/icon-tick.ca4fad.svg\");\n        background-position: 0 5px;\n        padding: 2px 0 5px 32px;\n        margin-bottom: 8px;\n        background-repeat: no-repeat;\n    }\n    .text-img-cta-card-list-el .hover-state{\n        background: linear-gradient(112.89deg, #369125 3.9%, #70BC8F 83.71%);\n\n    }\n    .section-text-img-cta .icon-gray path{\n        fill: transparent;\n        stroke: #434343;\n    }\n    .section-text-img-cta .icon-white path{\n        fill: transparent;\n        stroke: white;\n    }\n\n    .section-text-img-cta.black::before{\n        content: \"\";\n        display: block;\n        width: 100%;\n        height: 100%;\n        position: absolute;\n        z-index: 0;\n        background-color: rgba(0, 0, 0, 0.3);\n    }\n    .section-text-img-cta.white::before{\n        content: \"\";\n        display: block;\n        width: 100%;\n        height: 100%;\n        position: absolute;\n        z-index: 0;\n        background-color: rgba(255, 255, 255, 0.3);\n    }\n\n    .section-text-img-cta .button-primary svg path{\n        fill: white;\n        transition: all 0.3s;\n    }\n<\/style>","protected":false},"excerpt":{"rendered":"","protected":false},"author":1,"featured_media":0,"parent":0,"menu_order":0,"comment_status":"closed","ping_status":"closed","template":"","meta":{"_acf_changed":false,"inline_featured_image":false,"footnotes":""},"class_list":["post-8096","page","type-page","status-publish","hentry"],"acf":[],"_links":{"self":[{"href":"https:\/\/creandgroup.com\/fr\/wp-json\/wp\/v2\/pages\/8096","targetHints":{"allow":["GET"]}}],"collection":[{"href":"https:\/\/creandgroup.com\/fr\/wp-json\/wp\/v2\/pages"}],"about":[{"href":"https:\/\/creandgroup.com\/fr\/wp-json\/wp\/v2\/types\/page"}],"author":[{"embeddable":true,"href":"https:\/\/creandgroup.com\/fr\/wp-json\/wp\/v2\/users\/1"}],"replies":[{"embeddable":true,"href":"https:\/\/creandgroup.com\/fr\/wp-json\/wp\/v2\/comments?post=8096"}],"version-history":[{"count":0,"href":"https:\/\/creandgroup.com\/fr\/wp-json\/wp\/v2\/pages\/8096\/revisions"}],"wp:attachment":[{"href":"https:\/\/creandgroup.com\/fr\/wp-json\/wp\/v2\/media?parent=8096"}],"curies":[{"name":"wp","href":"https:\/\/api.w.org\/{rel}","templated":true}]}}