{"id":8079,"date":"2021-10-14T14:29:45","date_gmt":"2021-10-14T12:29:45","guid":{"rendered":"https:\/\/creandgroup.com\/negoci\/experts-en-inversio\/"},"modified":"2023-08-23T12:06:58","modified_gmt":"2023-08-23T10:06:58","slug":"experts-en-investissement","status":"publish","type":"page","link":"https:\/\/creandgroup.com\/fr\/activite\/experts-en-investissement\/","title":{"rendered":"Experts en investissement"},"content":{"rendered":"<section data-block_dbe7ebf25b7a326f988a365388cc4d3e class=\"hero align section-hero-secondary relative block clear-both overflow-hidden bg-center bg-cover\" style=\"background-image: url('https:\/\/creandgroup.com\/wp-content\/uploads\/Mask_Group_3.jpg')\" data-aos=\"fade\" data-aos-duration=\"500\" data-aos-easing=\"ease-in-out\" data-aos-mirror=\"false\">\n        <div class=\"container relative flex flex-wrap items-center py-10 xl:pl-48 lg:h-68 lg:flex-nowrap\">\n            <svg class=\"icon-oval-secundary hidden md:block absolute top-0 -left-5 lg:-left-20 xl:left-24 h-full\" width=\"317\" height=\"247\" viewBox=\"0 0 317 247\" fill=\"none\" xmlns=\"https:\/\/www.w3.org\/2000\/svg\">\n<path opacity=\"0.5\" d=\"M317 370C142.478 370 1 259.638 1 123.5C1 -12.6382 142.478 -123 317 -123\" stroke=\"white\" stroke-width=\"1.6658\"\/>\n<\/svg> \n            <h1 class=\"text-white lg:w-1\/2 lg:pr-10  font-tiempos_bold \"   style=\"line-height: 52px; letter-spacing: 2px; font-size: 45px;\" >Experts<br \/>\r\nen investissement<br \/>\r\n<\/h1>\n            <div class=\"pl-3 mt-3 lg:mt-0 text-white lg:w-2\/3\">\n                <h3 class=\" big-text   leading-normal\">Chez Creand, nous sommes experts en banque priv\u00e9e<br \/>\r\ninternationale et en gestion de patrimoines.<\/h3>\n                            <\/div>\n        <\/div>\n    <\/section>\n    <style>\n        .section-hero-secondary a.border-white{\n            transition: all 0.2s;\n        }\n        .section-hero-secondary a.border-white:hover{\n            color: #369125;\n            background-color: white;\n        }\n        .section-hero-secondary a.border-white:hover .icon-white-fill path{\n            fill: #369125;\n        }\n        .section-hero-secondary.text-light .container{\n            height: auto !important;\n        }\n        .section-hero-secondary.text-light h1{\n            font-weight: 400 !important;\n        }\n        .section-hero-secondary .big-text{\n            font-size: 18px;\n            line-height: 28px;\n        }\n        @media (min-width: 1024px){\n            .section-hero-secondary .big-text{\n                font-size: 22px;\n                line-height: 32px;\n            }\n        }\n    <\/style>\n\n\n<section data-block_fccb4a6fdeebae9061ec0a6a6fdc6096 class=\"navigation align section-navigation hidden lg:block  border-b sticky top-10 xl:top-20 bg-white overflow-hidden border-t border-gallery_gray \" data-aos=\"fade\" data-aos-duration=\"500\" data-aos-easing=\"ease-in-out\" data-aos-once=\"true\">\n    <div class=\"container\">\n        <div class=\"wrapper flex items-center\">\n            <div class=\"flex items-center gap-5 lg:gap-8 text-center justify-evenly uppercase navigation-list mx-auto font-roboto_regular\">\n                                             <a href=\"https:\/\/creandgroup.com\/fr\/activite\/vision-strategique\/\" class=\"text-sm lg:text-base py-5 xl:pt-8 xl:pb-6 cursor-pointer\">Vision strat\u00e9gique<\/a>\n                                             <a href=\"#\" class=\"text-sm lg:text-base py-5 xl:pt-8 xl:pb-6 cursor-pointer\">Experts en investissement<\/a>\n                                             <a href=\"https:\/\/creandgroup.com\/fr\/activite\/modele-de-gestion\/\" class=\"text-sm lg:text-base py-5 xl:pt-8 xl:pb-6 cursor-pointer\">Mod\u00e8le de gestion<\/a>\n                                             <a href=\"https:\/\/creandgroup.com\/fr\/activite\/presence-internationale\/\" class=\"text-sm lg:text-base py-5 xl:pt-8 xl:pb-6 cursor-pointer\">Pr\u00e9sence internationale<\/a>\n                                             <a href=\"https:\/\/creandgroup.com\/fr\/activite\/recompenses-et-certifications\/\" class=\"text-sm lg:text-base py-5 xl:pt-8 xl:pb-6 cursor-pointer\">Reconnaissances et certifications<\/a>\n                        <\/div>\n        <\/div>\n    <\/div>\n\n<\/section>\n<style>\n    .section-navigation{\n        z-index: 19;\n    }\n    .section-navigation .currentPage{\n        color: #369125;\n        font-weight: 700;\n        border-bottom: 2px solid #369125;\n    }\n    .section-navigation .active{\n        color: #369125;\n        font-weight: 700;\n        border-bottom: 2px solid #369125;\n    }\n    .navigation-list a:hover{\n        color: #369125;\n        border-bottom: 2px solid #369125;\n    }\n    .section-navigation .go-back:hover .icon-arrow-down path{\n        stroke: #369125;\n    }\n<\/style>\n<script>\n    function goBack() {\n        window.history.back();\n    }\n<\/script>\n\n<section id=\"block_12ecf14c2e019ea16a0950b71fa00a10\"  data-block_12ecf14c2e019ea16a0950b71fa00a10 class=\"text-img-cta align w-full section-text-img-cta bg-white relative block clear-both overflow-hidden my-8 lg:my-20 lg:h-auto  \">\n    <div class=\"relatize z-1  max-w-extra_wide mx-auto   wrapper mt-12 flex items-center flex-wrap lg:flex-wrap justify-center lg:justify-end\">\n        <div class=\"w-full lg:w-1\/2  px-4 md:px-8   section-info  text-center md:text-left\" data-aos=\"fade-in\" data-aos-duration=\"500\"  data-aos-delay=\"300\" data-aos-easing=\"ease-in-out\" data-aos-once=\"true\">\n            <h2 class=\"text-title font-tiempos_bold\">Experts en investissement<br \/>\r\n<\/h2>\n                                        <div class=\"mt-5 wysiwyg lg:pr-10 font-roboto_regular font-light\"><p>Chez Creand, nous sommes forts d\u2019une trajectoire solide en tant qu\u2019experts en banque<br \/>\npriv\u00e9e internationale et en gestion de patrimoines. Nous proposons un service qui<br \/>\nrepose sur un mod\u00e8le <strong>d\u2019architecture <\/strong> ouverte, sp\u00e9cialis\u00e9 et souple, avec <strong>le conseil<br \/>\npersonnalis\u00e9 <\/strong>comme principe cl\u00e9.<\/p>\n<p>Nos clients choisissent une approche personnalis\u00e9e, en ayant la certitude de compter<br \/>\nsur sp\u00e9cialistes et experts internationaux.<\/p>\n<p>&nbsp;<\/p>\n<\/div>\n                                                \n                    <\/div>\n                    <div class=\"w-full mt-10 md:mt-0 md:w-5\/12 flex  justify-start \" data-aos=\"fade-in\" data-aos-duration=\"500\" data-aos-easing=\"ease-in-out\" data-aos-once=\"true\">\n                                    <img  data-src=\"https:\/\/creandgroup.com\/wp-content\/uploads\/expertos-en-emprender.jpg\" alt=\"expertos-en-emprender\" class=\"w-full lozad mt-5 lg:mt-0\">\n                                            <\/div>\n            <\/div>\n<\/section>\n<style>\n    .section-text-img-cta .wp-video{\n        width: 100% !important;\n    }\n    .section-text-img-cta .wysiwyg a{\n        color: #369125;\n        text-decoration: underline;\n    }\n    .text-img-cta-card-list-el-inner{\n        box-shadow: 0px 4px 51px 0px rgba(0, 0, 0, 0.07);\n    }\n\n    .section-text-img-cta .wysiwyg ul {\n            margin-top: 10px;\n    }\n    .section-text-img-cta .wysiwyg ul li{\n        background-image: url(\"https:\/\/creandgroup.com\/wp-content\/themes\/creand\/public\/images\/icon-tick.ca4fad.svg\");\n        background-position: 0 5px;\n        padding: 2px 0 5px 32px;\n        margin-bottom: 8px;\n        background-repeat: no-repeat;\n    }\n    .text-img-cta-card-list-el .hover-state{\n        background: linear-gradient(112.89deg, #369125 3.9%, #70BC8F 83.71%);\n\n    }\n    .section-text-img-cta .icon-gray path{\n        fill: transparent;\n        stroke: #434343;\n    }\n    .section-text-img-cta .icon-white path{\n        fill: transparent;\n        stroke: white;\n    }\n\n    .section-text-img-cta.black::before{\n        content: \"\";\n        display: block;\n        width: 100%;\n        height: 100%;\n        position: absolute;\n        z-index: 0;\n        background-color: rgba(0, 0, 0, 0.3);\n    }\n    .section-text-img-cta.white::before{\n        content: \"\";\n        display: block;\n        width: 100%;\n        height: 100%;\n        position: absolute;\n        z-index: 0;\n        background-color: rgba(255, 255, 255, 0.3);\n    }\n\n    .section-text-img-cta .button-primary svg path{\n        fill: white;\n        transition: all 0.3s;\n    }\n<\/style>\n\n<section id=\"block_4e60101418e4872e5acca3021149f63f\"  data-block_4e60101418e4872e5acca3021149f63f class=\"colums-w-icons align section-colums-w-icons relative block clear-both overflow-hidden my-10 lg:mt-20\">\n    <div class=\"container mt-10 flex flex-wrap justify-between lg:flex-nowrap\">\n        <div class=\"relative block w-full pr-0 section-info lg:w-2\/6 md:pr-10 \">\n            <h2 class=\"text-title font-tiempos_bold\" data-aos=\"fade-right\" data-aos-duration=\"500\"  data-aos-delay=\"0\" data-aos-easing=\"ease-in-out\" data-aos-once=\"true\">Une solution pour<br \/>\r\nchaque client<\/h2>\n                            <p class=\"mt-3 font-light\" data-aos=\"fade-right\" data-aos-duration=\"500\"  data-aos-delay=\"150\" data-aos-easing=\"ease-in-out\" data-aos-once=\"true\"> <\/p>\n                    <\/div>\n        <div class=\"flex flex-wrap w-full section-content colums-icons-list lg:w-4\/6\">\n                                             <div class=\"relative block w-full mt-8 lg:mb-20 lg:mt-0 md:w-1\/2 colums-icons-list-el md:pr-5 lg:pr-9\" data-aos=\"fade\" data-aos-duration=\"500\"  data-aos-delay=\"0\" data-aos-easing=\"ease-in-out\" data-aos-once=\"true\">\n                    <div class=\"flex  flex-wrap colums-icons-list-el-inner\">\n                        <img data-src=\"https:\/\/creandgroup.com\/wp-content\/uploads\/Client.svg\" alt=\"Client\" class=\"lozad w-12 h-12\">\n                        <h6 class=\"w-full mt-2 text-lg font-bold\">INVESTISSEURS PARTICULIERS<\/h6>\n                        <div class=\"mt-2 font-light\"><p>Nous offrons des solutions d\u2019investissement pour atteindre les objectifs financiers de nos clients. De la conservation et l\u2019administration de valeurs \u00e0 une vaste gamme de fonds d\u2019investissement, en passant par la gestion de portefeuilles.<\/p>\n<\/div>\n                                            <\/div>\n                <\/div>\n                                                             <div class=\"relative block w-full mt-8 lg:mb-20 lg:mt-0 md:w-1\/2 colums-icons-list-el md:pr-5 lg:pr-9\" data-aos=\"fade\" data-aos-duration=\"500\"  data-aos-delay=\"250\" data-aos-easing=\"ease-in-out\" data-aos-once=\"true\">\n                    <div class=\"flex  flex-wrap colums-icons-list-el-inner\">\n                        <img data-src=\"https:\/\/creandgroup.com\/wp-content\/uploads\/Patrimony.svg\" alt=\"Patrimony\" class=\"lozad w-12 h-12\">\n                        <h6 class=\"w-full mt-2 text-lg font-bold\">CLIENTS DE BANQUE PRIV\u00c9E<\/h6>\n                        <div class=\"mt-2 font-light\"><p>Nous offrons \u00e0 nos clients un service permettant une gestion int\u00e9grale de leur patrimoine avec une vision strat\u00e9gique, avec le conseil personnalis\u00e9 comme axe principal. Une \u00e9quipe de sp\u00e9cialistes veille \u00e0 une planification financi\u00e8re avec un service de qualit\u00e9.<\/p>\n<\/div>\n                                            <\/div>\n                <\/div>\n                                                             <div class=\"relative block w-full mt-8 lg:mb-20 lg:mt-0 md:w-1\/2 colums-icons-list-el md:pr-5 lg:pr-9\" data-aos=\"fade\" data-aos-duration=\"500\"  data-aos-delay=\"500\" data-aos-easing=\"ease-in-out\" data-aos-once=\"true\">\n                    <div class=\"flex  flex-wrap colums-icons-list-el-inner\">\n                        <img data-src=\"https:\/\/creandgroup.com\/wp-content\/uploads\/Family.svg\" alt=\"Family\" class=\"lozad w-12 h-12\">\n                        <h6 class=\"w-full mt-2 text-lg font-bold\">GROUPES FAMILIAUX OU FAMILY OFFICE<\/h6>\n                        <div class=\"mt-2 font-light\"><p>Nous proposons un service sp\u00e9cial aux personnes et groupes familiaux propri\u00e9taires d\u2019un patrimoine \u00e0 la composition complexe, et nous travaillons de mani\u00e8re globale tous les besoins dans le domaine du patrimoine, de la famille et de l\u2019entreprise.<\/p>\n<p>Nous \u00e9laborons un plan strat\u00e9gique optimal en tenant compte des circonstances individuelles de chaque groupe familial.<\/p>\n<\/div>\n                                            <\/div>\n                <\/div>\n                                                             <div class=\"relative block w-full mt-8 lg:mb-20 lg:mt-0 md:w-1\/2 colums-icons-list-el md:pr-5 lg:pr-9\" data-aos=\"fade\" data-aos-duration=\"500\"  data-aos-delay=\"750\" data-aos-easing=\"ease-in-out\" data-aos-once=\"true\">\n                    <div class=\"flex  flex-wrap colums-icons-list-el-inner\">\n                        <img data-src=\"https:\/\/creandgroup.com\/wp-content\/uploads\/Institution.svg\" alt=\"Institution\" class=\"lozad w-12 h-12\">\n                        <h6 class=\"w-full mt-2 text-lg font-bold\">INSTITUTIONS<\/h6>\n                        <div class=\"mt-2 font-light\"><p>Nous collaborons avec de nombreuses institutions vari\u00e9es en nous tenant \u00e0<br \/>\nleurs c\u00f4t\u00e9s pour leur permettre d\u2019atteindre leurs objectifs sociaux dans<br \/>\nle domaine financier.<\/p>\n<\/div>\n                                            <\/div>\n                <\/div>\n                                    <\/div>\n    <\/div>\n<\/section>\n<style>\n    .group-svg:hover svg path, .group-svg:hover circle{\n        stroke: #356C20;\n    } \n<\/style>\n\n<section id=\"block_e116fd674018a4c00bdb3e643e08a067\"  class=\"full-width-cards align  section-full-width-cards py-8 lg:py-16 relative block clear-both w-full overflow-hidden\">\n  <div class=\"container\">\n    <div class=\"section-header\" data-aos=\"fade-in\" data-aos-duration=\"500\"  data-aos-delay=\"0\" data-aos-easing=\"ease-in-out\" data-aos-once=\"true\">\n              <h3 class=\"text-title font-tiempos_bold text-center\">Nos solutions financi\u00e8res\r\n<\/h3>\n                <\/div>\n    <div class=\"section-content\">\n      <div class=\"full-width-cards-list\">\n                               <div class=\"full-width-cards-list-el mt-16 font-roboto_regular\" data-aos=\"fade-right\" data-aos-duration=\"500\"  data-aos-delay=\"0\" data-aos-easing=\"ease-in-out\" data-aos-once=\"true\">\n            <div class=\"full-width-cards-list-el-inner flex flex-col  lg:flex-row  items-center\">\n                                  <img data-src=\"https:\/\/creandgroup.com\/wp-content\/uploads\/ASESORAMIENTO-DEL-PATRIMONIO.jpg\" alt=\"ASESORAMIENTO-DEL-PATRIMONIO\" class=\"w-full lozad lg:w-auto\">\n                                <div class=\" lg:pl-20 lg:pr-7  py-10 lg:py-0 flex items-center\">\n                  <div class=\"border-l border-primary_direct_green_light h-28\"><\/div>\n                  <div class=\"content  pl-12\">\n                    <h5 class=\"text-primary_direct_green_light\">Conseil global du patrimoine<br \/>\r\n<\/h5>\n                    <div class=\"mt-3 font-light\"><p>Pour les investisseurs dont le patrimoine, en raison de sa complexit\u00e9, exige des conseils professionnels avec une vision globale sur des actifs de diff\u00e9rents types.<\/p>\n<p>&nbsp;<\/p>\n<\/div>\n                  <\/div>\n                <\/div>\n            <\/div>\n          <\/div>\n                                         <div class=\"full-width-cards-list-el mt-16 font-roboto_regular\" data-aos=\"fade-left\" data-aos-duration=\"500\"  data-aos-delay=\"150\" data-aos-easing=\"ease-in-out\" data-aos-once=\"true\">\n            <div class=\"full-width-cards-list-el-inner flex flex-col  lg:flex-row-reverse  items-center\">\n                                  <img data-src=\"https:\/\/creandgroup.com\/wp-content\/uploads\/asesoramiento-inversiones-cafe.jpg\" alt=\"asesoramiento-inversiones-cafe\" class=\"w-full lozad lg:w-auto\">\n                                <div class=\" lg:pr-20 lg:pl-7   py-10 lg:py-0 flex items-center\">\n                  <div class=\"border-l border-primary_direct_green_light h-28\"><\/div>\n                  <div class=\"content  pl-12\">\n                    <h5 class=\"text-primary_direct_green_light\">Conseil en services d\u2019investissement<br \/>\r\n<\/h5>\n                    <div class=\"mt-3 font-light\"><p>Pour les investisseurs qui, en partant d\u2019une strat\u00e9gie d\u2019investissement individualis\u00e9e, recherchent des recommandations d\u2019investissement sur mesure et r\u00e9currentes qui s\u2019adaptent \u00e0 tout moment aux objectifs de rentabilit\u00e9, profil de risque, \u00e9ch\u00e9ance et liquidit\u00e9.<\/p>\n<p>&nbsp;<\/p>\n<\/div>\n                  <\/div>\n                <\/div>\n            <\/div>\n          <\/div>\n                                         <div class=\"full-width-cards-list-el mt-16 font-roboto_regular\" data-aos=\"fade-right\" data-aos-duration=\"500\"  data-aos-delay=\"300\" data-aos-easing=\"ease-in-out\" data-aos-once=\"true\">\n            <div class=\"full-width-cards-list-el-inner flex flex-col  lg:flex-row  items-center\">\n                                  <img data-src=\"https:\/\/creandgroup.com\/wp-content\/uploads\/discrecio\u0301n-carteras.jpg\" alt=\"discrecio\u0301n-carteras\" class=\"w-full lozad lg:w-auto\">\n                                <div class=\" lg:pl-20 lg:pr-7  py-10 lg:py-0 flex items-center\">\n                  <div class=\"border-l border-primary_direct_green_light h-28\"><\/div>\n                  <div class=\"content  pl-12\">\n                    <h5 class=\"text-primary_direct_green_light\">Gestion discr\u00e9tionnaire des portefeuilles<br \/>\r\n<\/h5>\n                    <div class=\"mt-3 font-light\"><p>Pour les investisseurs qui, en partant d\u2019une strat\u00e9gie d\u2019investissement individualis\u00e9e, d\u00e9l\u00e8guent des d\u00e9cisions d\u2019investissement \u00e0 notre \u00e9quipe d\u2019experts.<\/p>\n<p>&nbsp;<\/p>\n<\/div>\n                  <\/div>\n                <\/div>\n            <\/div>\n          <\/div>\n                                         <div class=\"full-width-cards-list-el mt-16 font-roboto_regular\" data-aos=\"fade-left\" data-aos-duration=\"500\"  data-aos-delay=\"450\" data-aos-easing=\"ease-in-out\" data-aos-once=\"true\">\n            <div class=\"full-width-cards-list-el-inner flex flex-col  lg:flex-row-reverse  items-center\">\n                                  <img data-src=\"https:\/\/creandgroup.com\/wp-content\/uploads\/estructuracio-de-vehicles.jpg\" alt=\"estructuracio-de-vehicles\" class=\"w-full lozad lg:w-auto\">\n                                <div class=\" lg:pr-20 lg:pl-7   py-10 lg:py-0 flex items-center\">\n                  <div class=\"border-l border-primary_direct_green_light h-28\"><\/div>\n                  <div class=\"content  pl-12\">\n                    <h5 class=\"text-primary_direct_green_light\">Structuration de v\u00e9hicules<br \/>\r\n<\/h5>\n                    <div class=\"mt-3 font-light\"><p>Pour les investisseurs qui ont des besoins particuliers, globaux et efficaces de structuration de produits. Les services que nous offrons englobent toutes les phases et les aspects dont il faut tenir compte, de la cr\u00e9ation du v\u00e9hicule d\u2019investissement \u00e0 son fonctionnement apr\u00e8s son lancement.<\/p>\n<p>&nbsp;<\/p>\n<\/div>\n                  <\/div>\n                <\/div>\n            <\/div>\n          <\/div>\n                                         <div class=\"full-width-cards-list-el mt-16 font-roboto_regular\" data-aos=\"fade-right\" data-aos-duration=\"500\"  data-aos-delay=\"600\" data-aos-easing=\"ease-in-out\" data-aos-once=\"true\">\n            <div class=\"full-width-cards-list-el-inner flex flex-col  lg:flex-row  items-center\">\n                                  <img data-src=\"https:\/\/creandgroup.com\/wp-content\/uploads\/PRODUCTOS-INVERSIO\u0301N-ALTERNATIVA-ECON..jpg\" alt=\"PRODUCTOS-INVERSIO\u0301N-ALTERNATIVA-ECON.\" class=\"w-full lozad lg:w-auto\">\n                                <div class=\" lg:pl-20 lg:pr-7  py-10 lg:py-0 flex items-center\">\n                  <div class=\"border-l border-primary_direct_green_light h-28\"><\/div>\n                  <div class=\"content  pl-12\">\n                    <h5 class=\"text-primary_direct_green_light\">Produits d\u2019investissement alternatif et \u00e9conomie r\u00e9elle<br \/>\r\n<\/h5>\n                    <div class=\"mt-3 font-light\"><p>Nous identifions des projets d\u2019investissement alternatif et d\u2019\u00e9conomie r\u00e9elle pour offrir des opportunit\u00e9s de march\u00e9 attrayantes qui facilitent l\u2019optimisation du patrimoine du client.<\/p>\n<p>&nbsp;<\/p>\n<\/div>\n                  <\/div>\n                <\/div>\n            <\/div>\n          <\/div>\n                        <\/div>\n    <\/div>\n  <\/div>\n<\/section>\n<style>\n\n<\/style>\n","protected":false},"excerpt":{"rendered":"","protected":false},"author":1,"featured_media":0,"parent":8069,"menu_order":0,"comment_status":"closed","ping_status":"closed","template":"","meta":{"_acf_changed":false,"inline_featured_image":false,"footnotes":""},"class_list":["post-8079","page","type-page","status-publish","hentry"],"acf":[],"_links":{"self":[{"href":"https:\/\/creandgroup.com\/fr\/wp-json\/wp\/v2\/pages\/8079","targetHints":{"allow":["GET"]}}],"collection":[{"href":"https:\/\/creandgroup.com\/fr\/wp-json\/wp\/v2\/pages"}],"about":[{"href":"https:\/\/creandgroup.com\/fr\/wp-json\/wp\/v2\/types\/page"}],"author":[{"embeddable":true,"href":"https:\/\/creandgroup.com\/fr\/wp-json\/wp\/v2\/users\/1"}],"replies":[{"embeddable":true,"href":"https:\/\/creandgroup.com\/fr\/wp-json\/wp\/v2\/comments?post=8079"}],"version-history":[{"count":0,"href":"https:\/\/creandgroup.com\/fr\/wp-json\/wp\/v2\/pages\/8079\/revisions"}],"up":[{"embeddable":true,"href":"https:\/\/creandgroup.com\/fr\/wp-json\/wp\/v2\/pages\/8069"}],"wp:attachment":[{"href":"https:\/\/creandgroup.com\/fr\/wp-json\/wp\/v2\/media?parent=8079"}],"curies":[{"name":"wp","href":"https:\/\/api.w.org\/{rel}","templated":true}]}}