{"id":8065,"date":"2021-10-14T14:34:08","date_gmt":"2021-10-14T12:34:08","guid":{"rendered":"https:\/\/creandgroup.com\/nosaltres\/creand-en-dades\/"},"modified":"2025-05-14T16:37:13","modified_gmt":"2025-05-14T14:37:13","slug":"creand-en-chiffres","status":"publish","type":"page","link":"https:\/\/creandgroup.com\/fr\/nous\/creand-en-chiffres\/","title":{"rendered":"Creand en chiffres"},"content":{"rendered":"<section data-block_a866386c80af2ae6ae8aa3c6d6461eeb class=\"hero align section-hero-secondary relative block clear-both overflow-hidden bg-center bg-cover\" style=\"background-image: url('https:\/\/creandgroup.com\/wp-content\/uploads\/Mask_Group_3.jpg')\" data-aos=\"fade\" data-aos-duration=\"500\" data-aos-easing=\"ease-in-out\" data-aos-mirror=\"false\">\n        <div class=\"container relative flex flex-wrap items-center py-10 xl:pl-48 lg:h-68 lg:flex-nowrap\">\n            <svg class=\"icon-oval-secundary hidden md:block absolute top-0 -left-5 lg:-left-20 xl:left-24 h-full\" width=\"317\" height=\"247\" viewBox=\"0 0 317 247\" fill=\"none\" xmlns=\"https:\/\/www.w3.org\/2000\/svg\">\n<path opacity=\"0.5\" d=\"M317 370C142.478 370 1 259.638 1 123.5C1 -12.6382 142.478 -123 317 -123\" stroke=\"white\" stroke-width=\"1.6658\"\/>\n<\/svg> \n            <h1 class=\"text-white lg:w-1\/2 lg:pr-10  font-tiempos_bold \"   style=\"line-height: 52px; letter-spacing: 2px; font-size: 45px;\" >Creand<br \/>\r\nen chiffres<\/h1>\n            <div class=\"pl-3 mt-3 lg:mt-0 text-white lg:w-2\/3\">\n                <h3 class=\" big-text   leading-normal\"><\/h3>\n                            <\/div>\n        <\/div>\n    <\/section>\n    <style>\n        .section-hero-secondary a.border-white{\n            transition: all 0.2s;\n        }\n        .section-hero-secondary a.border-white:hover{\n            color: #369125;\n            background-color: white;\n        }\n        .section-hero-secondary a.border-white:hover .icon-white-fill path{\n            fill: #369125;\n        }\n        .section-hero-secondary.text-light .container{\n            height: auto !important;\n        }\n        .section-hero-secondary.text-light h1{\n            font-weight: 400 !important;\n        }\n        .section-hero-secondary .big-text{\n            font-size: 18px;\n            line-height: 28px;\n        }\n        @media (min-width: 1024px){\n            .section-hero-secondary .big-text{\n                font-size: 22px;\n                line-height: 32px;\n            }\n        }\n    <\/style>\n\n\n<section data-block_bf3b742c7085e9e59aa92c8dc0b6e952 class=\"navigation align section-navigation hidden lg:block  border-b sticky top-10 xl:top-20 bg-white overflow-hidden border-t border-gallery_gray \" data-aos=\"fade\" data-aos-duration=\"500\" data-aos-easing=\"ease-in-out\" data-aos-once=\"true\">\n    <div class=\"container\">\n        <div class=\"wrapper flex items-center\">\n            <div class=\"flex items-center gap-5 lg:gap-8 text-center justify-evenly uppercase navigation-list mx-auto font-roboto_regular\">\n                                             <a href=\"https:\/\/creandgroup.com\/fr\/nous\/qui-sommes-nous\/\" class=\"text-sm lg:text-base py-5 xl:pt-8 xl:pb-6 cursor-pointer\">Qui sommes nous<\/a>\n                                             <a href=\"https:\/\/creandgroup.com\/fr\/nous\/govern-corporatiu\/\" class=\"text-sm lg:text-base py-5 xl:pt-8 xl:pb-6 cursor-pointer\">Gouvernance d\u2019entreprise<\/a>\n                                             <a href=\"https:\/\/creandgroup.com\/fr\/nous\/la-marque-creand\/\" class=\"text-sm lg:text-base py-5 xl:pt-8 xl:pb-6 cursor-pointer\">La marque Creand<\/a>\n                                             <a href=\"#\" class=\"text-sm lg:text-base py-5 xl:pt-8 xl:pb-6 cursor-pointer\">Creand en chiffres<\/a>\n                        <\/div>\n        <\/div>\n    <\/div>\n\n<\/section>\n<style>\n    .section-navigation{\n        z-index: 19;\n    }\n    .section-navigation .currentPage{\n        color: #369125;\n        font-weight: 700;\n        border-bottom: 2px solid #369125;\n    }\n    .section-navigation .active{\n        color: #369125;\n        font-weight: 700;\n        border-bottom: 2px solid #369125;\n    }\n    .navigation-list a:hover{\n        color: #369125;\n        border-bottom: 2px solid #369125;\n    }\n    .section-navigation .go-back:hover .icon-arrow-down path{\n        stroke: #369125;\n    }\n<\/style>\n<script>\n    function goBack() {\n        window.history.back();\n    }\n<\/script>\n\n<section id=\"block_640711665381b2e383e921192e7c8ace\" data-block_640711665381b2e383e921192e7c8ace   class=\"table-left-html rows-25 align section-left-table-html relative block clear-both overflow-hidden bg-white   mt-8 lg:mt-16  bg-opacity-50\">\n    <div class=\"container flex justify-between flex-wrap lg:flex-nowrap\">\n      <div class=\"section-info w-full lg:w-4\/12 lg:pr-10\" data-aos=\"fade\" data-aos-duration=\"500\"  data-aos-delay=\"0\" data-aos-easing=\"ease-in-out\" data-aos-once=\"true\">\n          <h2 class=\"text-title font-tiempos_bold\">Une gestion solide<\/h2>\n          <div class=\"mt-1 font-light\"><\/div>\n                <\/div>\n      <div class=\"section-content w-full lg:w-8\/12 overflow-auto mt-10 lg:mt-0\"  data-aos-id=\"counterup font-light-table\" data-aos=\"fade-in\" data-aos-duration=\"1000\"  data-aos-delay=\"0\" data-aos-easing=\"ease-in-out\" data-aos-once=\"true\">\n                      <table class=\"w-full text-left\">\r\n            <thead>\r\n              <tr>\r\n                <th>Bilan (en milliers \u20ac)<\/th>\r\n                <th>R\u00e9sultat (en milliers \u20ac)<\/th>\r\n                <th>Rentabilit\u00e9 et efficacit\u00e9 <br>(%)<\/th>\r\n                <th>Ratios <br>(%)<\/th>\r\n              <\/tr>\r\n              <tbody>\r\n                <tr>\r\n                  <td>\r\n                    <div>Actif<\/div>\r\n                    <h3>6.709.861<\/h3>\r\n                  <\/td>\r\n                  <td>\r\n                    <div>R\u00e9sultat net d&rsquo;exploitation total<\/div>\r\n                    <h3>221.267<\/h3>\r\n                  <\/td>\r\n                  <td>\r\n                    <div>Ratio d\u2019efficacit\u00e9<\/div>\r\n                    <h3>62,81%<\/h3>\r\n                  <\/td>\r\n                  <td>\r\n                    <div>Ratio de solvabilit\u00e9<\/div>\r\n                    <h3>18,32%<\/h3>\r\n                  <\/td>\r\n                <\/tr>\r\n                <tr>\r\n                  <td>\r\n                    <div>Patrimoine net<\/div>\r\n                    <h3>654.335<\/h3>\r\n                  <\/td>\r\n                  <td>\r\n                    <div>B\u00e9n\u00e9fice avant imp\u00f4ts<\/div>\r\n                    <h3>75.631<\/h3>\r\n                  <\/td>\r\n                  <td>\r\n                    <div>RoE<\/div>\r\n                    <h3>12,32%<\/h3>\r\n                  <\/td>\r\n                  <td>\r\n                    <div>Ratio de liquidit\u00e9<\/div>\r\n                    <h3>168,49%<\/h3>\r\n                  <\/td>\r\n                <\/tr>\r\n                <tr>\r\n                  <td>\r\n                    <div>Volume d\u2019affaires<\/div>\r\n                    <h3>30.682.238<\/h3>\r\n                  <\/td>\r\n                  <td>\r\n                    <div>B\u00e9n\u00e9fice net attribuable<\/div>\r\n                    <h3>70.901<\/h3>\r\n                  <\/td>\r\n                  <td>\r\n                    <div>RoA<\/div>\r\n                    <h3>1,14%<\/h3>\r\n                  <\/td>\r\n                  <td>\r\n                    <div>Ratio de retard de paiement<\/div>\r\n                    <h3>2,62%<\/h3>\r\n                  <\/td>\r\n                <\/tr>\r\n                <tr>\r\n                  <td>\r\n                    <div>Ressources des clients<\/div>\r\n                    <h3>22.956.984<\/h3>\r\n                  <\/td>\r\n                  <td>\r\n                  <\/td>\r\n                  <td>\r\n                    <div>ROTE <sup>1<\/sup><\/div>\r\n                    <h3>15,05%<\/h3>\r\n                  <\/td>\r\n                  <td>\r\n                    <div>Ratio de couverture des retards de paiement<\/div>\r\n                    <h3>42,71%<\/h3>\r\n                  <\/td>\r\n                <\/tr>\r\n                <tr>\r\n                  <td>\r\n                    <div>D\u00e9p\u00f4ts des clients<\/div>\r\n                    <h3>4.943.122<\/h3>\r\n                  <\/td>\r\n               <\/tr>\r\n                <tr>\r\n                  <td>\r\n                    <div>Cr\u00e9dits aux clients<\/div>\r\n                    <h3>2.782.132<\/h3>\r\n                  <\/td>\r\n                <\/tr>\r\n              <\/tbody>\r\n            <\/thead>\r\n        <\/table>\n        <div class=\"table-footer mt-7 text-xs py-5 border-t font-roboto_regular border-silver_gray font-light\">\n          * Donn\u00e9es des \u00e9tats financiers 2024<br \/>\r\n1. B\u00e9n\u00e9fice apr\u00e8s imp\u00f4ts sur les fonds propres moyens, hors actifs tangibles. Voir le tableau correspondant \u00e0 l\u2019\u00e9tat des r\u00e9sultats des \u00e9tats financiers audit\u00e9s.\n        <\/div>\n      <\/div>\n    <\/div>\n<\/section>\n<style>\n  .section-left-table-html table .featured{\n    background: #E1EFDF;\n    border: 0;\n\n  }\n  .section-left-table-html table{\n    min-width: 727px;\n  }\n  .section-left-table-html table td.green-triangle::before{\n    content: \"\";\n    display: inline-block;\n    width: 0;\n    height: 0;\n    border-style: solid;\n    border-width: 0 6px 10px 6px;\n    border-color: transparent transparent #369125 transparent;\n    margin-right: 5px;\n    transform: rotate(180deg);\n  }\n  .section-left-table-html table td.green-triangle.triangle-up::before{\n    content: \"\";\n    display: inline-block;\n    width: 0;\n    height: 0;\n    border-style: solid;\n    border-width: 0 6px 10px 6px;\n    border-color: transparent transparent #369125 transparent;\n    margin-right: 5px;\n    transform: rotate(0deg);\n  }\n  .section-left-table-html table thead{\n    font-size: 14px;\n    line-height: 24px;\n  }\n  .section-left-table-html table tr > .green-triangle{\n    padding-right: 50px;\n  }\n  .section-left-table-html table tr td {\n    padding-top: 11px;\n  }\n  .section-left-table-html table tr:nth-child(-n + 2) td {\n    padding-top: 24px;\n  }\n  .section-left-table-html table tr > .green-triangle ~ .green-triangle {\n    padding-right: 0px;\n  }\n  .rows-25 table td{\n    width:  25%;\n  }\n  .section-left-table-html table td{\n    transition: all 0.3s ease-in-out;\n  }\n  .section-left-table-html table td div{\n    font-weight: 300;\n  }\n  .section-left-table-html table td h3{\n    font-family: tiempos-regular;\n  }\n  .section-left-table-html table td:hover,\n  .section-left-table-html thead tr th:hover{\n    background: #F5F5F5;\n  }\n  .section-left-table-html tbody tr td,\n  .section-left-table-html thead tr th{\n    transition: all 0.3s ease-in-out;\n  }\n  .section-left-table-html tbody tr td h3{\n    font-size: 22px;\n    color: #369125;\n  }\n  .section-left-table-html tbody tr td div{\n    font-size: 14px;\n    color: #646464;\n  }\n  .section-left-table-html .section-content::-webkit-scrollbar {\n    height: 3px;\n  }\n\n  .section-left-table-html .section-content::-webkit-scrollbar-thumb {\n    background-color: #369125;\n    outline: 1px solid #369125;\n    border-radius: 50px;\n  }\n\n  .section-left-table-html .section-content::-webkit-scrollbar-track {\n    box-shadow: inset 0 0 4px rgba(0,0,0,0.2);\n  }\n  @-moz-document url-prefix() {\n  .section-left-table-html .section-content.scroller {\n    scrollbar-width: 3px;\n    scrollbar-color: #369125;\n  }\n}\n<\/style>\n\n<section id=\"block_4a91ba5ef9e05339d2ed6cf3ba58dcb9\" data-block_4a91ba5ef9e05339d2ed6cf3ba58dcb9  class=\"relative overflow-hidden mt-20 section-cta-banner-custom py-6 flex items-center  overlay-light \" data-aos=\"fade-in\" data-aos-duration=\"500\"  data-aos-delay=\"0\" data-aos-easing=\"ease-in-out\" data-aos-once=\"true\">\n    <div class=\"container\">\n        <div class=\"flex flex-col justify-center z-2 relative\">\n                        <h2 class=\"cta-banner-title text-center font-tiempos_bold leading-tight mt-0  text-black \">2024 en chiffres<\/h2>\n                                                <a class=\"relative button-banner text-center inline-block clear-both mx-auto w-auto mt-8\" href=\"https:\/\/creandgroup.com\/wp-content\/uploads\/Financial-Statements-Creand-Group-2024_web-1.pdf\" target=\"_blank\" title=\"Consulter\">Consulter<\/a>\n                    <\/div>\n    <\/div>\n<\/section>\n<style>\n.section-cta-banner-custom {\n    min-height: 350px;\n    background-image: url('https:\/\/creandgroup.com\/wp-content\/uploads\/banner.jpg');\n    background-repeat: no-repeat;\n    background-size: cover;\n    background-position: center center;\n    position: relative;\n    z-index: 0;\n}\n\n@media (min-width: 768px) {\n    .section-cta-banner-custom{\n        background-image: url('https:\/\/creandgroup.com\/wp-content\/uploads\/banner.jpg');\n        z-index: 0;\n    }\n}\n\n.section-cta-banner-custom.overlay-light::before {\n    position: absolute;\n    left: 0;\n    top: 0;\n    width: 100%;\n    height: 100%;\n    background-color: #FFFFFF;\n    z-index: 1;\n    content: \"\";\n    display: block;\n    opacity: 0.40;\n}\n.section-cta-banner-custom.overlay-dark::before {\n    position: absolute;\n    left: 0;\n    top: 0;\n    width: 100%;\n    height: 100%;\n    background-color: #000000;\n    z-index: 1;\n    content: \"\";\n    display: block;\n    opacity: 0.40;\n}\n.section-cta-banner-custom.overlay-none::before {\n    display: none;\n}\n<\/style>\n\n<section id=\"block_544327fdf00f0e50fa475445041e70ab\" data-block_544327fdf00f0e50fa475445041e70ab   class=\"table-centered-html align mt-8 lg:mt-16 section-centered-table relative block clear-both overflow-hidden py-10 lg:py-20\">\n    <div class=\"container\">\n      <div class=\"section-info w-full text-center\" data-aos=\"fade\" data-aos-duration=\"500\"  data-aos-delay=\"0\" data-aos-easing=\"ease-in-out\" data-aos-once=\"true\">\n          <h2 class=\"text-title font-tiempos_bold\">Une banque engag\u00e9e<\/h2>\n          <div class=\"mt-5 mx-auto lg:w-1\/2 font-light\">Nous mettons l\u2019accent sur notre raison d\u2019\u00eatre en tant que banque engag\u00e9e, ce que nous avons mat\u00e9rialis\u00e9 avec une s\u00e9rie de mesures en r\u00e9ponse \u00e0 la crise sanitaire et \u00e9conomique caus\u00e9e par la Covid-19.<br \/>\r\n<\/div>\n      <\/div>\n      <div class=\"section-content max-w-[800px] mx-auto mt-10 py-3 w-full overflow-auto flex flex-wrap flex-col gap-5\" data-aos-id=\"counterup-table\" data-aos=\"fade-in\" data-aos-duration=\"1000\"  data-aos-delay=\"0\" data-aos-easing=\"ease-in-out\" data-aos-once=\"true\">\n        <table>\r\n          <thead>\r\n            <tr>\r\n              <th>Engag\u00e9s envers nos clients<\/th>\r\n              <th>Engag\u00e9s envers l\u2019\u00e9quipe humaine<\/th>\r\n              <th>Engag\u00e9s envers la soci\u00e9t\u00e9<\/th>\r\n              <th>Engag\u00e9s pour l\u2019environnement<\/th>\r\n            <\/tr>\r\n          <\/thead>\r\n          <tbody>\r\n            <tr>\r\n              <td>\r\n                <h3 class=\"counterup\">54.374<\/h3>\r\n                <div>Clients banque particuliers<\/div>\r\n              <\/td>\r\n              <td>\r\n                <h3 class=\"counterup\">508<\/h3>\r\n                <div>\u00c9quipe en Andorre<\/div>\r\n              <\/td>\r\n              <td colspan=\"2\" class=\"text-center featured\">\r\n                <h3 class=\"counterup\">3,67 M\u20ac<\/h3>\r\n                <div>D\u2019investissement global en societ\u00e9<\/div>\r\n              <\/td>\r\n            <\/tr>\r\n            <tr>\r\n              <td class=\"border-bottom-0 border-top-0\">\r\n                <h3 class=\"counterup\">720<\/h3>\r\n                <div>Clients banque entreprises<\/div>\r\n              <\/td>\r\n              <td class=\"border-bottom-0 border-top-0\">\r\n                <h3 class=\"counterup\">823<\/h3>\r\n                <div>\u00c9quipe \u00e0 l\u2019international<\/div>\r\n              <\/td>\r\n              <td class=\"border-bottom-0\">\r\n                <h3 class=\"counterup\">76,97%<\/h3>\r\n                <div>Initiatives de dynamisation \u00e9conomique et parrainages sportifs<\/div>\r\n              <\/td>\r\n              <td class=\"border-bottom-0\">\r\n                <h3 class=\"counterup\">5,29%<\/h3>\r\n                <div>Initiatives en mati\u00e8re de changement climatique<\/div>\r\n              <\/td>\r\n            <\/tr>\r\n            <tr>\r\n              <td class=\"border-bottom-0 border-top-0\">\r\n                <h3 class=\"counterup\">9.886<\/h3>\r\n                <div>Clients banque priv\u00e9e<\/div>\r\n              <\/td>\r\n              <td class=\"border-bottom-0 border-top-0\">\r\n                <h3 class=\"counterup\">99,64%<\/h3>\r\n                <div>CDI<\/div>\r\n              <\/td>\r\n              <td class=\"border-bottom-0 border-top-0\">\r\n                <h3 class=\"counterup\">17,74%<\/h3>\r\n                <div>Initiatives de support \u00e0 l&rsquo;environnement<\/div>\r\n              <\/td>\r\n              <td class=\"border-bottom-0 border-top-0\"><\/td>\r\n            <\/tr>\r\n            <tr>\r\n              <td class=\"border-top-0\">\r\n                <h3 class=\"counterup\">35.069<\/h3>\r\n                <div>Clients de la banque en ligne<\/div>\r\n             <\/td>\r\n              <td class=\"border-top-0\">\r\n                <h3 class=\"counterup\">48%<\/h3>\r\n                <div>Femmes dans l\u2019\u00e9quipe<\/div>\r\n              <\/td>\r\n              <td class=\"border-top-0\"><\/td>\r\n              <td class=\"border-top-0\"><\/td>\r\n            <\/tr>\r\n          <\/tbody>\r\n        <\/table>\r\n<div>\r\n<p>  * Donn\u00e9es des \u00e9tats financiers 2024<\/p>\r\n<\/div>\n      <\/div>\n    <\/div>\n<\/section>\n<style>\n  .section-centered-table table{\n    width: 800px;\n    margin: 0 auto;\n    border-collapse: collapse;\n    text-align: left;\n  }\n  .section-centered-table table .featured{\n    background: #E1EFDF;\n    border: 0;\n\n  }\n  .section-centered-table td{\n    border-top: 0.5px dashed #BBBBBB;\n    border-right: 0.5px dashed #BBBBBB;\n    border-left: 0.5px dashed #BBBBBB;\n  }\n  .section-centered-table td h3{\n    font-family: tiempos-regular;\n  }\n  .section-centered-table td{\n    padding: 29px 20px 40px 23px;\n    transition: all 0.2s ease-in-out;\n  }\n  .section-centered-table td:hover{\n    background-color: #F5F5F5;\n    border: 0;\n  }\n  .section-centered-table td:empty:hover{\n    background-color: transparent;\n  }\n  .section-centered-table thead tr th{\n    padding: 18px 25px;\n    color: black;\n    font-size: 14px;\n    font-weight: bold;\n    border: 0;\n  }\n  .section-centered-table tbody tr td,\n  .section-centered-table thead tr th{\n    width: 25%;\n  }\n  .section-centered-table tbody tr td div{\n    font-weight: 300;\n  }\n  .section-centered-table tbody tr td:first-child {\n    border-left: 0px;\n  }\n  .section-centered-table tbody tr td:last-child {\n    border-right: 0px;\n  }\n  .section-centered-table tbody tr td h3{\n    font-size: 22px;\n    color: #369125;\n  }\n  .section-centered-table tbody tr td div{\n    font-size: 14px;\n    color: #646464;\n  }\n  .section-centered-table .section-content p{\n  font-weight:bold;\n  font-size: 12px;\n  }\n\n  .section-centered-table .section-content::-webkit-scrollbar {\n    height: 3px;\n  }\n\n  .section-centered-table .section-content::-webkit-scrollbar-thumb {\n    background-color: #369125;\n    outline: 1px solid #369125;\n    border-radius: 50px;\n  }\n\n  .section-centered-table .section-content::-webkit-scrollbar-track {\n    box-shadow: inset 0 0 4px rgba(0,0,0,0.2);\n  }\n  @-moz-document url-prefix() {\n    .section-centered-table .section-content.scroller {\n      scrollbar-width: thin;\n      scrollbar-color: #369125;\n    }\n  }\n\n  .border-bottom-0{\n    border-bottom: 0px !important;\n  }\n  .border-top-0{\n    border-top: 0px !important;\n  }\n<\/style>","protected":false},"excerpt":{"rendered":"","protected":false},"author":1,"featured_media":0,"parent":8045,"menu_order":0,"comment_status":"closed","ping_status":"closed","template":"","meta":{"_acf_changed":true,"inline_featured_image":false,"footnotes":""},"class_list":["post-8065","page","type-page","status-publish","hentry"],"acf":[],"_links":{"self":[{"href":"https:\/\/creandgroup.com\/fr\/wp-json\/wp\/v2\/pages\/8065","targetHints":{"allow":["GET"]}}],"collection":[{"href":"https:\/\/creandgroup.com\/fr\/wp-json\/wp\/v2\/pages"}],"about":[{"href":"https:\/\/creandgroup.com\/fr\/wp-json\/wp\/v2\/types\/page"}],"author":[{"embeddable":true,"href":"https:\/\/creandgroup.com\/fr\/wp-json\/wp\/v2\/users\/1"}],"replies":[{"embeddable":true,"href":"https:\/\/creandgroup.com\/fr\/wp-json\/wp\/v2\/comments?post=8065"}],"version-history":[{"count":0,"href":"https:\/\/creandgroup.com\/fr\/wp-json\/wp\/v2\/pages\/8065\/revisions"}],"up":[{"embeddable":true,"href":"https:\/\/creandgroup.com\/fr\/wp-json\/wp\/v2\/pages\/8045"}],"wp:attachment":[{"href":"https:\/\/creandgroup.com\/fr\/wp-json\/wp\/v2\/media?parent=8065"}],"curies":[{"name":"wp","href":"https:\/\/api.w.org\/{rel}","templated":true}]}}