{"id":8045,"date":"2021-10-07T12:32:26","date_gmt":"2021-10-07T10:32:26","guid":{"rendered":"https:\/\/creandgroup.com\/nosaltres\/"},"modified":"2025-05-02T12:07:58","modified_gmt":"2025-05-02T10:07:58","slug":"nous","status":"publish","type":"page","link":"https:\/\/creandgroup.com\/fr\/nous\/","title":{"rendered":"Nous"},"content":{"rendered":"<section data-block_8ad24b11d7f2dc7755af7b85da600223 class=\"hero align section-hero-primary relative block clear-both overflow-hidden bg-center bg-cover\" data-aos=\"fade\" data-aos-duration=\"500\" data-aos-easing=\"ease-in-out\" data-aos-once=\"true\">\n        <div class=\"wrapper flex lg:flex-nowrap flex-wrap justify-between 3xl:container\">\n            <div class=\"w-full lg:w-2\/5 xl:w-1\/2 2xl:w-1\/2 py-10 px-4 md:pl-20 lg:pt-20 lg:pb-28 3xl:px-0\">\n                <h1 class=\"font-extrabold text-title 2xl:text-5xl font-tiempos_bold\">Nous<\/h1>\n                                <div class=\"mt-3 text-lg font-roboto_regular font-light\">Creand est le groupe financier de r\u00e9f\u00e9rence dans la principaut\u00e9 d\u2019Andorre. <br \/>\r\nNous offrons des services de banque priv\u00e9e, banque commerciale et gestion<br \/>\r\nd\u2019actifs et d\u2019assurances, que nous renfor\u00e7ons avec une pr\u00e9sence sur les places<br \/>\r\nfinanci\u00e8res d\u2019Espagne, du Luxembourg, des \u00c9tats-Unis (Miami) et<br \/>\r\ndu Panama.<\/div>\n            <\/div>\n            <div class=\"w-auto lg:w-2\/5 2xl:w-1\/2 relative hidden bg-top bg-cover bg-no-repeat lg:block semi-circle border-primary_direct_green_light -mr-10 2xl:-mr-12\"  style=\"background-image: url('https:\/\/creandgroup.com\/wp-content\/uploads\/DSC01554.jpg')\">\n                <div class=\"absolute hidden lg:block semi-circle-contorn\">\n            <\/div>\n        <\/div>\n    <\/section>\n<style>\n    .section-hero-primary{\n        background-image: url(https:\/\/creandgroup.com\/wp-content\/uploads\/sand-texture-.png);\n    }\n    .section-hero-primary::after{\n        content: \"\";\n        width: 100%;\n        height: 100%;\n        background: black;\n        opacity: 0.1;\n        position: absolute;\n        top: 0px;\n        left: 0px;\n        z-index: -1;\n    }\n    .semi-circle{\n        background-image: none;\n    }\n    @media (min-width: 1024px) {\n        .semi-circle{\n            background-image: url('https:\/\/creandgroup.com\/wp-content\/uploads\/sand-texture-.png');\n            width: 690px;\n            height: 345px; \/* as the half of the width *\/\n            border-bottom-left-radius: 690px;\n            border-bottom-right-radius: 690px;\n            border: 0px;\n            margin-top: -100px;\n        }\n        .semi-circle-contorn {\n            content: '';\n            border: 0.64534px solid #90D5AC;\n            opacity: 0.5;\n            width: 817px;\n            height: 817px;\n            border-radius: 50%;\n            \/* border-bottom-left-radius: 817px; *\/\n            \/* border-bottom-right-radius: 817px; *\/\n            right: -60px;\n            top: -126%;\n        }\n    }\n<\/style>\n\n\n<section data-block_5206636f402320414e0f6712c9cab64b class=\"navigation align section-navigation hidden lg:block  border-b sticky top-10 xl:top-20 bg-white overflow-hidden border-t border-gallery_gray \" data-aos=\"fade\" data-aos-duration=\"500\" data-aos-easing=\"ease-in-out\" data-aos-once=\"true\">\n    <div class=\"container\">\n        <div class=\"wrapper flex items-center\">\n            <div class=\"flex items-center gap-5 lg:gap-8 text-center justify-evenly uppercase navigation-list mx-auto font-roboto_regular\">\n                                             <a href=\"https:\/\/creandgroup.com\/fr\/nous\/qui-sommes-nous\/\" class=\"text-sm lg:text-base py-5 xl:pt-8 xl:pb-6 cursor-pointer\">Qui sommes nous<\/a>\n                                             <a href=\"https:\/\/creandgroup.com\/fr\/nous\/govern-corporatiu\/\" class=\"text-sm lg:text-base py-5 xl:pt-8 xl:pb-6 cursor-pointer\">Gouvernance d\u2019entreprise<\/a>\n                                             <a href=\"https:\/\/creandgroup.com\/fr\/nous\/la-marque-creand\/\" class=\"text-sm lg:text-base py-5 xl:pt-8 xl:pb-6 cursor-pointer\">La marque Cr\u00e9and<\/a>\n                                             <a href=\"https:\/\/creandgroup.com\/fr\/nous\/creand-en-chiffres\/\" class=\"text-sm lg:text-base py-5 xl:pt-8 xl:pb-6 cursor-pointer\">Creand en chiffres<\/a>\n                        <\/div>\n        <\/div>\n    <\/div>\n\n<\/section>\n<style>\n    .section-navigation{\n        z-index: 19;\n    }\n    .section-navigation .currentPage{\n        color: #369125;\n        font-weight: 700;\n        border-bottom: 2px solid #369125;\n    }\n    .section-navigation .active{\n        color: #369125;\n        font-weight: 700;\n        border-bottom: 2px solid #369125;\n    }\n    .navigation-list a:hover{\n        color: #369125;\n        border-bottom: 2px solid #369125;\n    }\n    .section-navigation .go-back:hover .icon-arrow-down path{\n        stroke: #369125;\n    }\n<\/style>\n<script>\n    function goBack() {\n        window.history.back();\n    }\n<\/script>\n\n<section id=\"block_1f9273ff0379e334cf2cfb455445cde5\"  data-block_1f9273ff0379e334cf2cfb455445cde5 class=\"text-img-cta align w-full section-text-img-cta bg-white relative block clear-both overflow-hidden my-8 lg:my-20 lg:h-auto  \">\n    <div class=\"relatize z-1  max-w-extra_wide mx-auto   wrapper mt-12 flex items-center flex-wrap lg:flex-wrap justify-center lg:justify-end\">\n        <div class=\"w-full lg:w-1\/2  px-4 md:px-8   section-info  text-center md:text-left\" data-aos=\"fade-in\" data-aos-duration=\"500\"  data-aos-delay=\"300\" data-aos-easing=\"ease-in-out\" data-aos-once=\"true\">\n            <h2 class=\"text-title font-tiempos_bold\">Qui sommes-nous<\/h2>\n                                        <div class=\"mt-5 wysiwyg lg:pr-10 font-roboto_regular font-light\"><p>Nous sommes un groupe financier novateur et responsable, qui travaille \u00e0 apporter de la valeur \u00e0 nos actionnaires, nos clients, nos employ\u00e9s et \u00e0 la soci\u00e9t\u00e9 dans son ensemble.<\/p>\n<p>&nbsp;<\/p>\n<\/div>\n                                                    <a class=\"mt-3 button-primary font-roboto_regular inline-flex items-center gap-1\" href=\"https:\/\/creandgroup.com\/fr\/nous\/qui-sommes-nous\/\">\n                                        Afficher plus\n                <\/a>\n                        \n                    <\/div>\n                    <div class=\"w-full mt-10 md:mt-0 md:w-5\/12 flex  justify-start \" data-aos=\"fade-in\" data-aos-duration=\"500\" data-aos-easing=\"ease-in-out\" data-aos-once=\"true\">\n                                    <img  data-src=\"https:\/\/creandgroup.com\/wp-content\/uploads\/DSC01557.jpg\" alt=\"DSC01557\" class=\"w-full lozad mt-5 lg:mt-0\">\n                                            <\/div>\n            <\/div>\n<\/section>\n<style>\n    .section-text-img-cta .wp-video{\n        width: 100% !important;\n    }\n    .section-text-img-cta .wysiwyg a{\n        color: #369125;\n        text-decoration: underline;\n    }\n    .text-img-cta-card-list-el-inner{\n        box-shadow: 0px 4px 51px 0px rgba(0, 0, 0, 0.07);\n    }\n\n    .section-text-img-cta .wysiwyg ul {\n            margin-top: 10px;\n    }\n    .section-text-img-cta .wysiwyg ul li{\n        background-image: url(\"https:\/\/creandgroup.com\/wp-content\/themes\/creand\/public\/images\/icon-tick.ca4fad.svg\");\n        background-position: 0 5px;\n        padding: 2px 0 5px 32px;\n        margin-bottom: 8px;\n        background-repeat: no-repeat;\n    }\n    .text-img-cta-card-list-el .hover-state{\n        background: linear-gradient(112.89deg, #369125 3.9%, #70BC8F 83.71%);\n\n    }\n    .section-text-img-cta .icon-gray path{\n        fill: transparent;\n        stroke: #434343;\n    }\n    .section-text-img-cta .icon-white path{\n        fill: transparent;\n        stroke: white;\n    }\n\n    .section-text-img-cta.black::before{\n        content: \"\";\n        display: block;\n        width: 100%;\n        height: 100%;\n        position: absolute;\n        z-index: 0;\n        background-color: rgba(0, 0, 0, 0.3);\n    }\n    .section-text-img-cta.white::before{\n        content: \"\";\n        display: block;\n        width: 100%;\n        height: 100%;\n        position: absolute;\n        z-index: 0;\n        background-color: rgba(255, 255, 255, 0.3);\n    }\n\n    .section-text-img-cta .button-primary svg path{\n        fill: white;\n        transition: all 0.3s;\n    }\n<\/style>\n\n<section id=\"une-partie-de-vous\"  data-block_942cd181d99d8c5cbdd80f8fe627fb7b class=\"text-w-video align w-full section-text-video relative block clear-both overflow-hidden mt-8 lg:mt-20 \">\n    <div class=\"lg:container\">\n        <div class=\"wrapper flex flex-wrap  flex-row-reverse   justify-between lg:flex-nowrap items-center gap-20\">\n            <div class=\"section-info w-full lg:w-1\/2 px-4 lg:px-0\" data-aos=\"fade-right\" data-aos-duration=\"500\"  data-aos-delay=\"0\" data-aos-easing=\"ease-in-out\" data-aos-once=\"true\">\n                <h2 class=\"text-title font-tiempos_bold\">Une partie de vous<\/h2>\n                <div class=\"mt-3 font-light\">Il y a des exp\u00e9riences qui nous marquent, qui font partie de notre vie et qui nous font grandir. <br>Apprenez-en davantage sur nous !<\/div>\n            <\/div>\n                            <div class=\"section-content video w-full lg:w-1\/2 mt-10 lg:mt-0\" >\n                    <div style=\"width: 640px;\" class=\"wp-video\"><video class=\"wp-video-shortcode\" id=\"video-8045-1\" width=\"640\" height=\"360\" preload=\"auto\" controls=\"controls\"><source type=\"video\/youtube\" src=\"https:\/\/www.youtube.com\/watch?v=m6-VGgjm-Vc&#038;_=1\" \/><a href=\"https:\/\/www.youtube.com\/watch?v=m6-VGgjm-Vc\" target=\"_blank\" rel=\"noopener\">https:\/\/www.youtube.com\/watch?v=m6-VGgjm-Vc<\/a><\/video><\/div>                <\/div>\n                    <\/div>\n    <\/div>\n<\/section>\n\n\n<style>\n    body{\n        scroll-padding-top: 80px;\n        scroll-behavior: smooth;\n    }\n<\/style>\n\n<section id=\"block_5f65dfb9ff5bb42dc1ec2ac326c59519\" data-block_5f65dfb9ff5bb42dc1ec2ac326c59519   class=\"centered-img-cta-text align  mt-8 lg:mt-16 section-centered-img-cta-text relative block clear-both overflow-hidden\"  style=\"background-image:url('https:\/\/creandgroup.com\/wp-content\/uploads\/white-sand-textured-background-with-copy-space-5DFPSQM-1.png');\" >\n    <div class=\"container\">\n        <div class=\"wrapper flex flex-wrap lg:flex-nowrap items-center  justify-evenly\">\n            <div class=\"w-full lg:w-auto lg:block hidden\">\n                <img data-src=\"https:\/\/creandgroup.com\/wp-content\/uploads\/g10.png\" alt=\"g10\" class=\"mx-auto lozad lg:mx-0\">\n            <\/div>\n            <div class=\"text-wrapper lg:w-2\/5 2xl:w-auto py-10 bg-contain bg-center bg-no-repeat\" style=\"background-image:url('https:\/\/creandgroup.com\/wp-content\/uploads\/g10.png')\">\n                <h2 class=\"text-title font-tiempos_bold\">La marque Creand<br \/>\r\n<\/h2>\n                <div class=\"mt-3 font-roboto_regular font-light\">Creand synth\u00e9tise tradition et modernit\u00e9 pour impulser, de mani\u00e8re globale,<br \/>\r\nles valeurs qui nous ont permis de nous distinguer en Andorre en tant que<br \/>\r\nbanque de r\u00e9f\u00e9rence, pionni\u00e8re et avec une volont\u00e9 de service et d\u2019engagement.<br \/>\r\n<\/div>\n                <div class=\"links-wrapper\">\n                    <a href=\"https:\/\/creandgroup.com\/fr\/nous\/la-marque-creand\/\" class=\"button-secondary mt-3 font-roboto_regular\" target=\"\">En savoir plus<\/a>\n                                    <\/div>\n            <\/div>\n        <\/div>\n    <\/div>\n<\/section>\n<style>\n    @media (min-width: 1024px) {\n        .section-centered-img-cta-text .text-wrapper{\n            background-image: none !important;\n        }\n    }\n    .section-centered-img-cta-text .links-wrapper{\n        display: flex;\n        flex-wrap: wrap;\n        gap:24px;\n        \n    }\n<\/style>\n\n\n<section id=\"block_d611cccf410218cf72e94fe3c9829bc1\"  data-block_d611cccf410218cf72e94fe3c9829bc1 class=\"grid-data align section-grid-data  relative block bg-white clear-both overflow-hidden pt-8 lg:pt-20\">\n    <div class=\"container md:mt-12 flex flex-wrap justify-between lg:flex-nowrap counterup-wrapper\">\n        <div class=\"w-full md:w-auto section-info text-center lg:text-left\" data-aos=\"fade-right\" data-aos-once=\"true\" data-aos-duration=\"500\" data-aos-easing=\"ease-in-out\">\n            <h2 class=\"text-title font-tiempos_bold\">Creand en chiffres<\/h2>\n                            <div class=\"mt-4 text  text-xs text-left  font-roboto_regular font-light lg:pr-10\">* Chiffres des \u00e9tats financiers de 2024<br \/>\r\n<\/div>\n                                        <a class=\"mt-8 button-secondary lg:inline-block hidden font-roboto_regular\" href=\"https:\/\/creandgroup.com\/fr\/nous\/creand-en-chiffres\/\" target=\"\">En savoir plus<\/a>\n                    <\/div>\n        <div class=\"flex flex-wrap w-full mt-14 text-left lg:w-2\/3 section-content data-list lg:mt-0\">\n                                             <div class=\"mb-8 lg:mb-20 w-full text-center lg:text-left md:w-1\/2  lg:w-1\/3  data-list-el\" data-aos=\"fade-up\" data-aos-duration=\"500\"  data-aos-delay=\"0\" data-aos-easing=\"ease-in-out\"  data-aos-once=\"true\" data-aos-id=\"counterup\">\n                    <div class=\"data-list-el-inner\">\n                        <h2 class=\"text-primary_direct_green_light counterup font-tiempos_regular counterup\">70,9 M\u20ac<\/h2>\n                        <div class=\"mt-2 pr-0 lg:pr-10 font-roboto_regular font-light text-lg\">R\u00e9sultats de l\u2019exercice <br \/>\r\n<\/div>\n                    <\/div>\n                <\/div>\n                                                             <div class=\"mb-8 lg:mb-20 w-full text-center lg:text-left md:w-1\/2  lg:w-1\/3  data-list-el\" data-aos=\"fade-up\" data-aos-duration=\"500\"  data-aos-delay=\"150\" data-aos-easing=\"ease-in-out\"  data-aos-once=\"true\" data-aos-id=\"counterup\">\n                    <div class=\"data-list-el-inner\">\n                        <h2 class=\"text-primary_direct_green_light counterup font-tiempos_regular counterup\">30.682 M\u20ac <\/h2>\n                        <div class=\"mt-2 pr-0 lg:pr-10 font-roboto_regular font-light text-lg\">Volume d\u2019affaires total <br \/>\r\n<\/div>\n                    <\/div>\n                <\/div>\n                                                             <div class=\"mb-8 lg:mb-20 w-full text-center lg:text-left md:w-1\/2  lg:w-1\/3  data-list-el\" data-aos=\"fade-up\" data-aos-duration=\"500\"  data-aos-delay=\"300\" data-aos-easing=\"ease-in-out\"  data-aos-once=\"true\" data-aos-id=\"counterup\">\n                    <div class=\"data-list-el-inner\">\n                        <h2 class=\"text-primary_direct_green_light counterup font-tiempos_regular counterup\">27.900 M\u20ac <\/h2>\n                        <div class=\"mt-2 pr-0 lg:pr-10 font-roboto_regular font-light text-lg\">Ressources totales des clients <br \/>\r\n<\/div>\n                    <\/div>\n                <\/div>\n                                                             <div class=\"mb-8 lg:mb-20 w-full text-center lg:text-left md:w-1\/2  lg:w-1\/3  data-list-el\" data-aos=\"fade-up\" data-aos-duration=\"500\"  data-aos-delay=\"450\" data-aos-easing=\"ease-in-out\"  data-aos-once=\"true\" data-aos-id=\"counterup\">\n                    <div class=\"data-list-el-inner\">\n                        <h2 class=\"text-primary_direct_green_light counterup font-tiempos_regular counterup\">18,32%<\/h2>\n                        <div class=\"mt-2 pr-0 lg:pr-10 font-roboto_regular font-light text-lg\">Ratio de solvabilit\u00e9 <br \/>\r\n<\/div>\n                    <\/div>\n                <\/div>\n                                                             <div class=\"mb-8 lg:mb-20 w-full text-center lg:text-left md:w-1\/2  lg:w-1\/3  data-list-el\" data-aos=\"fade-up\" data-aos-duration=\"500\"  data-aos-delay=\"600\" data-aos-easing=\"ease-in-out\"  data-aos-once=\"true\" data-aos-id=\"counterup\">\n                    <div class=\"data-list-el-inner\">\n                        <h2 class=\"text-primary_direct_green_light counterup font-tiempos_regular counterup\">823<\/h2>\n                        <div class=\"mt-2 pr-0 lg:pr-10 font-roboto_regular font-light text-lg\">Employ\u00e9s <br \/>\r\n<\/div>\n                    <\/div>\n                <\/div>\n                                                             <div class=\"mb-8 lg:mb-20 w-full text-center lg:text-left md:w-1\/2  lg:w-1\/3  data-list-el\" data-aos=\"fade-up\" data-aos-duration=\"500\"  data-aos-delay=\"750\" data-aos-easing=\"ease-in-out\"  data-aos-once=\"true\" data-aos-id=\"counterup\">\n                    <div class=\"data-list-el-inner\">\n                        <h2 class=\"text-primary_direct_green_light counterup font-tiempos_regular counterup\">3,67 M\u20ac<\/h2>\n                        <div class=\"mt-2 pr-0 lg:pr-10 font-roboto_regular font-light text-lg\">Investissement global en durabilit\u00e9 <br \/>\r\n<\/div>\n                    <\/div>\n                <\/div>\n                                    <\/div>\n       \n                    <a class=\"mt-8 button-secondary lg:hidden inline-block mx-auto font-roboto_regular\" href=\"https:\/\/creandgroup.com\/fr\/nous\/creand-en-chiffres\/\" target=\"\">En savoir plus<\/a>\n            <\/div>\n<\/section>\n\n\n<section class=\"relative overflow-hidden mt-20 section-cta-banner-custom py-6 flex items-center overlay-dark aos-init aos-animate\" data-aos=\"fade-in\" data-aos-duration=\"500\" data-aos-delay=\"0\" data-aos-easing=\"ease-in-out\" data-aos-once=\"true\">\n    <div class=\"container\">\n        <div class=\"flex flex-col justify-center z-2 relative\">\n                                                <h2 class=\"cta-banner-title text-center font-tiempos_bold leading-tight mt-0 text-white\">Rapport annuel<\/h2>\n            <span class=\"relative button-banner text-center inline-block clear-both mx-auto w-auto mt-8\" onclick=\"redirigir_fr()\" target=\"\" title=\"Consulter\">Consulter<\/span>\n                                <\/div>\n    <\/div>\n<\/section>\n<script>\nfunction redirigir_fr() {\n  var urlCodificada = 'aHR0cHM6Ly9jcmVhbmRncm91cC5jb20vZnIvcmFwcG9ydC1hbm51ZWwv';\n  var urlDecodificada = atob(urlCodificada);\n  window.location.href = urlDecodificada;\n}\n<\/script>\n<style>\n.section-cta-banner-custom {\n    min-height: 350px;\n    background-image: url('https:\/\/creandgroup.com\/wp-content\/uploads\/memoriaanual.jpg');\n    background-repeat: no-repeat;\n    background-size: cover;\n    background-position: center center;\n    position: relative;\n    z-index: 0;\n}\n\n@media (min-width: 768px) {\n    .section-cta-banner-custom{\n        background-image: url('https:\/\/creandgroup.com\/wp-content\/uploads\/memoriaanual.jpg');\n        z-index: 0;\n    }\n}\n\n.section-cta-banner-custom.overlay-light::before {\n    position: absolute;\n    left: 0;\n    top: 0;\n    width: 100%;\n    height: 100%;\n    background-color: #FFFFFF;\n    z-index: 1;\n    content: \"\";\n    display: block;\n    opacity: 0.40;\n}\n.section-cta-banner-custom.overlay-dark::before {\n    position: absolute;\n    left: 0;\n    top: 0;\n    width: 100%;\n    height: 100%;\n    background-color: #000000;\n    z-index: 1;\n    content: \"\";\n    display: block;\n    opacity: 0.40;\n}\n.section-cta-banner-custom.overlay-none::before {\n    display: none;\n}\n<\/style>\n\n<section id=\"block_759eb29059068f07abd20e8cb3438770\"  data-block_759eb29059068f07abd20e8cb3438770 class=\"floating-colums align py-16 mt-8 lg:mt-16 section-floating-colums bg-before-grey relative block clear-both overflow-hidden\">\n    <div class=\"container flex flex-wrap items-center justify-center\" data-aos=\"fade-in\" data-aos-duration=\"500\"  data-aos-delay=\"0\" data-aos-easing=\"ease-in-out\" data-aos-once=\"true\">\n        <div class=\"text-center section-info\">\n            <h2 class=\"text-title font-tiempos_bold\">En savoir plus sur Creand<br \/>\r\n<\/h2>\n            <p class=\"mt-2\"><\/p>\n        <\/div>\n        <div class=\"flex flex-wrap justify-center mt-10 lg:mt-16 lg:-mx-4 lg:flex-nowrap floating-colums-list\">\n                                             <div class=\"w-full lg:px-4 mt-5 lg:w-2\/5 floating-colums-list-el lg:mt-0\" data-aos=\"flip-up\" data-aos-duration=\"750\"  data-aos-delay=\"0\" data-aos-easing=\"ease-in-out\" data-aos-once=\"true\">\n                    <div class=\"relative flex h-full flex-row flex-wrap justify-start pb-8 bg-white shadow-lg lg:flex-col floating-colums-list-el-inner\">\n                        <img data-src=\"https:\/\/creandgroup.com\/wp-content\/uploads\/Finances-Sostenibles-2-3.jpg\" alt=\"Finances Sostenibles 2 (3)\" class=\"object-cover lozad w-full lg:h-auto h-1\/2\">\n                        <div class=\"p-6  floating-colum-content\">\n                            <h4 class=\"font-bold font-roboto_regular\" style=\"font-size: 22px;\">Une banque engag\u00e9e<\/h4>\n                            <p class=\"block mt-1 font-light\">Dans la lign\u00e9e des meilleures pratiques internationales du secteur, nous travaillons pour continuer \u00e0 incorporer des crit\u00e8res ESG (environnementaux, sociaux et de gouvernance) dans la gestion de notre activit\u00e9 professionnelle.<\/p>\n                        <\/div>\n                        <div class=\"absolute bottom-0 right-0 self-end block p-2 cursor-pointer hover:bg-opacity-30 hover:bg-primary_vista_blue\">\n                            <a href=\"https:\/\/creandgroup.com\/fr\/durabilite\/une-banque-engagee\/\" class=\"block\"><svg class=\"icon-arrow-right\" width=\"35\" height=\"35\" viewBox=\"0 0 35 35\" fill=\"none\" xmlns=\"https:\/\/www.w3.org\/2000\/svg\">\n<path d=\"M4.375 17.5L30.625 17.5\" stroke=\"black\" stroke-width=\"1.5\" stroke-linecap=\"round\"\/>\n<path d=\"M21.875 26.25L30.625 17.5L21.875 8.75\" stroke=\"black\" stroke-width=\"1.5\" stroke-linecap=\"round\"\/>\n<\/svg> <\/a>\n                        <\/div>\n                    <\/div>\n                <\/div>\n                                             <div class=\"w-full lg:px-4 mt-5 lg:w-2\/5 floating-colums-list-el lg:mt-0\" data-aos=\"flip-up\" data-aos-duration=\"750\"  data-aos-delay=\"0\" data-aos-easing=\"ease-in-out\" data-aos-once=\"true\">\n                    <div class=\"relative flex h-full flex-row flex-wrap justify-start pb-8 bg-white shadow-lg lg:flex-col floating-colums-list-el-inner\">\n                        <img data-src=\"https:\/\/creandgroup.com\/wp-content\/uploads\/Comprom\u00a1s-medi-ambient-1.jpg\" alt=\"Comprom\u00a1s medi ambient (1)\" class=\"object-cover lozad w-full lg:h-auto h-1\/2\">\n                        <div class=\"p-6  floating-colum-content\">\n                            <h4 class=\"font-bold font-roboto_regular\" style=\"font-size: 22px;\">Engagement pour l\u2019environnement<\/h4>\n                            <p class=\"block mt-1 font-light\">Notre engagement renouvel\u00e9 en faveur de l\u2019environnement fait de nous l\u2019une des banques andorranes pionni\u00e8res dans la protection de la nature. <br \/>\r\n<\/p>\n                        <\/div>\n                        <div class=\"absolute bottom-0 right-0 self-end block p-2 cursor-pointer hover:bg-opacity-30 hover:bg-primary_vista_blue\">\n                            <a href=\"https:\/\/creandgroup.com\/fr\/durabilite\/engagement-pour-lenvironnement\/\" class=\"block\"><svg class=\"icon-arrow-right\" width=\"35\" height=\"35\" viewBox=\"0 0 35 35\" fill=\"none\" xmlns=\"https:\/\/www.w3.org\/2000\/svg\">\n<path d=\"M4.375 17.5L30.625 17.5\" stroke=\"black\" stroke-width=\"1.5\" stroke-linecap=\"round\"\/>\n<path d=\"M21.875 26.25L30.625 17.5L21.875 8.75\" stroke=\"black\" stroke-width=\"1.5\" stroke-linecap=\"round\"\/>\n<\/svg> <\/a>\n                        <\/div>\n                    <\/div>\n                <\/div>\n                    <\/div>\n    <\/div>\n<\/section>\n<style>\n    .bg-before-grey::before{\n        content: \"\";\n        background-color: #EDEDED;\n        opacity: 0.6;\n        position: absolute;\n        top: 0px;\n        left: 0px;\n        width: 100%;\n        height: 65%;\n        z-index: -1;\n    }\n<\/style>\n","protected":false},"excerpt":{"rendered":"","protected":false},"author":1,"featured_media":0,"parent":0,"menu_order":0,"comment_status":"closed","ping_status":"closed","template":"","meta":{"_acf_changed":true,"inline_featured_image":false,"footnotes":""},"class_list":["post-8045","page","type-page","status-publish","hentry"],"acf":[],"_links":{"self":[{"href":"https:\/\/creandgroup.com\/fr\/wp-json\/wp\/v2\/pages\/8045","targetHints":{"allow":["GET"]}}],"collection":[{"href":"https:\/\/creandgroup.com\/fr\/wp-json\/wp\/v2\/pages"}],"about":[{"href":"https:\/\/creandgroup.com\/fr\/wp-json\/wp\/v2\/types\/page"}],"author":[{"embeddable":true,"href":"https:\/\/creandgroup.com\/fr\/wp-json\/wp\/v2\/users\/1"}],"replies":[{"embeddable":true,"href":"https:\/\/creandgroup.com\/fr\/wp-json\/wp\/v2\/comments?post=8045"}],"version-history":[{"count":0,"href":"https:\/\/creandgroup.com\/fr\/wp-json\/wp\/v2\/pages\/8045\/revisions"}],"wp:attachment":[{"href":"https:\/\/creandgroup.com\/fr\/wp-json\/wp\/v2\/media?parent=8045"}],"curies":[{"name":"wp","href":"https:\/\/api.w.org\/{rel}","templated":true}]}}