{"id":8379,"date":"2022-02-23T12:44:47","date_gmt":"2022-02-23T11:44:47","guid":{"rendered":"https:\/\/creandgroup.com\/talent\/treballa-amb-nosaltres\/"},"modified":"2023-06-09T14:10:32","modified_gmt":"2023-06-09T12:10:32","slug":"trabaja-con-nosotros","status":"publish","type":"page","link":"https:\/\/creandgroup.com\/es\/talento\/trabaja-con-nosotros\/","title":{"rendered":"Trabaja con nosotros"},"content":{"rendered":"<section data-block_775dd0e0411b866fab01aeac0d72d16a class=\"hero align section-hero-secondary relative block clear-both overflow-hidden bg-center bg-cover\" style=\"background-image: url('https:\/\/creandgroup.com\/wp-content\/uploads\/Mask_Group_3.jpg')\" data-aos=\"fade\" data-aos-duration=\"500\" data-aos-easing=\"ease-in-out\" data-aos-mirror=\"false\">\n        <div class=\"container relative flex flex-wrap items-center py-10 xl:pl-48 lg:h-68 lg:flex-nowrap\">\n            <svg class=\"icon-oval-secundary hidden md:block absolute top-0 -left-5 lg:-left-20 xl:left-24 h-full\" width=\"317\" height=\"247\" viewBox=\"0 0 317 247\" fill=\"none\" xmlns=\"https:\/\/www.w3.org\/2000\/svg\">\n<path opacity=\"0.5\" d=\"M317 370C142.478 370 1 259.638 1 123.5C1 -12.6382 142.478 -123 317 -123\" stroke=\"white\" stroke-width=\"1.6658\"\/>\n<\/svg> \n            <h1 class=\"text-white lg:w-1\/2 lg:pr-10  font-tiempos_bold \"   style=\"line-height: 52px; letter-spacing: 2px; font-size: 45px;\" >Trabaja <br \/>\r\ncon nosotros<\/h1>\n            <div class=\"pl-3 mt-3 lg:mt-0 text-white lg:w-2\/3\">\n                <h3 class=\" big-text   leading-normal\">En Creand las personas son el activo m\u00e1s importante, y por eso queremos contribuir al desarrollo de tu carrera profesional.<\/h3>\n                            <\/div>\n        <\/div>\n    <\/section>\n    <style>\n        .section-hero-secondary a.border-white{\n            transition: all 0.2s;\n        }\n        .section-hero-secondary a.border-white:hover{\n            color: #369125;\n            background-color: white;\n        }\n        .section-hero-secondary a.border-white:hover .icon-white-fill path{\n            fill: #369125;\n        }\n        .section-hero-secondary.text-light .container{\n            height: auto !important;\n        }\n        .section-hero-secondary.text-light h1{\n            font-weight: 400 !important;\n        }\n        .section-hero-secondary .big-text{\n            font-size: 18px;\n            line-height: 28px;\n        }\n        @media (min-width: 1024px){\n            .section-hero-secondary .big-text{\n                font-size: 22px;\n                line-height: 32px;\n            }\n        }\n    <\/style>\n\n\n<!-- Esta p\u00e1gina se usa -->\n\n<section id=\"block_eeb784aeafca3dceaf6164c7d7d5f0ed\"  data-block_eeb784aeafca3dceaf6164c7d7d5f0ed class=\"gravity-form align section-gravity-form mt-10 lg:mt-20 relative block clear-both overflow-hidden\">\n    <div class=\"container\">\n        <script>\nvar gform;gform||(document.addEventListener(\"gform_main_scripts_loaded\",function(){gform.scriptsLoaded=!0}),document.addEventListener(\"gform\/theme\/scripts_loaded\",function(){gform.themeScriptsLoaded=!0}),window.addEventListener(\"DOMContentLoaded\",function(){gform.domLoaded=!0}),gform={domLoaded:!1,scriptsLoaded:!1,themeScriptsLoaded:!1,isFormEditor:()=>\"function\"==typeof InitializeEditor,callIfLoaded:function(o){return!(!gform.domLoaded||!gform.scriptsLoaded||!gform.themeScriptsLoaded&&!gform.isFormEditor()||(gform.isFormEditor()&&console.warn(\"The use of gform.initializeOnLoaded() is deprecated in the form editor context and will be removed in Gravity Forms 3.1.\"),o(),0))},initializeOnLoaded:function(o){gform.callIfLoaded(o)||(document.addEventListener(\"gform_main_scripts_loaded\",()=>{gform.scriptsLoaded=!0,gform.callIfLoaded(o)}),document.addEventListener(\"gform\/theme\/scripts_loaded\",()=>{gform.themeScriptsLoaded=!0,gform.callIfLoaded(o)}),window.addEventListener(\"DOMContentLoaded\",()=>{gform.domLoaded=!0,gform.callIfLoaded(o)}))},hooks:{action:{},filter:{}},addAction:function(o,r,e,t){gform.addHook(\"action\",o,r,e,t)},addFilter:function(o,r,e,t){gform.addHook(\"filter\",o,r,e,t)},doAction:function(o){gform.doHook(\"action\",o,arguments)},applyFilters:function(o){return gform.doHook(\"filter\",o,arguments)},removeAction:function(o,r){gform.removeHook(\"action\",o,r)},removeFilter:function(o,r,e){gform.removeHook(\"filter\",o,r,e)},addHook:function(o,r,e,t,n){null==gform.hooks[o][r]&&(gform.hooks[o][r]=[]);var d=gform.hooks[o][r];null==n&&(n=r+\"_\"+d.length),gform.hooks[o][r].push({tag:n,callable:e,priority:t=null==t?10:t})},doHook:function(r,o,e){var t;if(e=Array.prototype.slice.call(e,1),null!=gform.hooks[r][o]&&((o=gform.hooks[r][o]).sort(function(o,r){return o.priority-r.priority}),o.forEach(function(o){\"function\"!=typeof(t=o.callable)&&(t=window[t]),\"action\"==r?t.apply(null,e):e[0]=t.apply(null,e)})),\"filter\"==r)return e[0]},removeHook:function(o,r,t,n){var e;null!=gform.hooks[o][r]&&(e=(e=gform.hooks[o][r]).filter(function(o,r,e){return!!(null!=n&&n!=o.tag||null!=t&&t!=o.priority)}),gform.hooks[o][r]=e)}});\n<\/script>\n\n                <div class='gf_browser_gecko gform_wrapper gravity-theme gform-theme--no-framework form-curriculum-vitae_wrapper' data-form-theme='gravity-theme' data-form-index='0' id='gform_wrapper_4' ><div id='gf_4' class='gform_anchor' tabindex='-1'><\/div><form method='post' enctype='multipart\/form-data' target='gform_ajax_frame_4' id='gform_4' class='form-curriculum-vitae' action='\/es\/wp-json\/wp\/v2\/pages\/8379#gf_4' data-formid='4' novalidate>\n                        <div class='gform-body gform_body'><div id='gform_fields_4' class='gform_fields top_label form_sublabel_below description_below validation_below'><div id=\"field_4_2\" class=\"gfield gfield--type-html gfield--input-type-html gfield--width-full section-title gfield_html gfield_html_formatted gfield_no_follows_desc field_sublabel_below gfield--no-description field_description_below field_validation_below gfield_visibility_visible\"  ><h3 class=\"text-2xl font-bold font-roboto_regular\">D\u00e9janos tu CV<\/h3><\/div><div id=\"field_4_16\" class=\"gfield gfield--type-text gfield--input-type-text gfield--width-half nom field_sublabel_below gfield--no-description field_description_below hidden_label field_validation_below gfield_visibility_visible\"  ><label class='gfield_label gform-field-label' for='input_4_16'>Nombre<\/label><div class='ginput_container ginput_container_text'><input name='input_16' id='input_4_16' type='text' value='' class='large'    placeholder='Nombre*'  aria-invalid=\"false\"   \/><\/div><\/div><div id=\"field_4_17\" class=\"gfield gfield--type-text gfield--input-type-text gfield--width-half Cognoms field_sublabel_below gfield--no-description field_description_below hidden_label field_validation_below gfield_visibility_visible\"  ><label class='gfield_label gform-field-label' for='input_4_17'>Apellidos<\/label><div class='ginput_container ginput_container_text'><input name='input_17' id='input_4_17' type='text' value='' class='large'    placeholder='Apellidos*'  aria-invalid=\"false\"   \/><\/div><\/div><div id=\"field_4_18\" class=\"gfield gfield--type-text gfield--input-type-text gfield--width-half gfield_contains_required field_sublabel_below gfield--no-description field_description_below hidden_label field_validation_below gfield_visibility_visible\"  ><label class='gfield_label gform-field-label' for='input_4_18'>Pa\u00eds de residencia*<span class=\"gfield_required\"><span class=\"gfield_required gfield_required_text\">(Obligatorio)<\/span><\/span><\/label><div class='ginput_container ginput_container_text'><input name='input_18' id='input_4_18' type='text' value='' class='large'    placeholder='Pa\u00eds de residencia*' aria-required=\"true\" aria-invalid=\"false\"   \/><\/div><\/div><div id=\"field_4_6\" class=\"gfield gfield--type-phone gfield--input-type-phone gfield--width-half phone field_sublabel_below gfield--no-description field_description_below hidden_label field_validation_below gfield_visibility_visible\"  ><label class='gfield_label gform-field-label' for='input_4_6'>Tel\u00e9fono<\/label><div class='ginput_container ginput_container_phone'><input name='input_6' id='input_4_6' type='tel' value='' class='large'  placeholder='Tel\u00e9fono*'  aria-invalid=\"false\"   \/><\/div><\/div><div id=\"field_4_7\" class=\"gfield gfield--type-email gfield--input-type-email gfield--width-half email field_sublabel_below gfield--no-description field_description_below hidden_label field_validation_below gfield_visibility_visible\"  ><label class='gfield_label gform-field-label' for='input_4_7'>Email<\/label><div class='ginput_container ginput_container_email'>\n                            <input name='input_7' id='input_4_7' type='email' value='' class='large'   placeholder='Email*'  aria-invalid=\"false\"  \/>\n                        <\/div><\/div><div id=\"field_4_9\" class=\"gfield gfield--type-select gfield--input-type-select gfield--width-half studies gfield_contains_required field_sublabel_below gfield--no-description field_description_below hidden_label field_validation_below gfield_visibility_visible\"  ><label class='gfield_label gform-field-label' for='input_4_9'>Nivel de estudios<span class=\"gfield_required\"><span class=\"gfield_required gfield_required_text\">(Obligatorio)<\/span><\/span><\/label><div class='ginput_container ginput_container_select'><select name='input_9' id='input_4_9' class='large gfield_select'    aria-required=\"true\" aria-invalid=\"false\" ><option value='' selected='selected' class='gf_placeholder'>Nivel de estudios *<\/option><option value='Educaci\u00f3n obligatoria' >Educaci\u00f3n obligatoria<\/option><option value='Bachillerato' >Bachillerato<\/option><option value='Cursando estudios universitarios' >Cursando estudios universitarios<\/option><option value='Estudios universitarios' >Estudios universitarios<\/option><option value='M\u00e1ster' >M\u00e1ster<\/option><\/select><\/div><\/div><div id=\"field_4_10\" class=\"gfield gfield--type-fileupload gfield--input-type-fileupload gfield--width-full file gfield_contains_required field_sublabel_below gfield--no-description field_description_below field_validation_below gfield_visibility_visible\"  ><label class='gfield_label gform-field-label' for='input_4_10'>Adjunta tu curr\u00edculum *<span class=\"gfield_required\"><span class=\"gfield_required gfield_required_text\">(Obligatorio)<\/span><\/span><\/label><div class='ginput_container ginput_container_fileupload'><input type='hidden' name='MAX_FILE_SIZE' value='20971520' \/><input name='input_10' id='input_4_10' type='file' class='large' aria-describedby=\"gfield_upload_rules_4_10\" onchange='javascript:gformValidateFileSize( this, 20971520 );'  \/><span class='gfield_description gform_fileupload_rules' id='gfield_upload_rules_4_10'>Tipos de archivos aceptados: pdf, doc, docx, Tama\u00f1o m\u00e1ximo de archivo: 20 MB.<\/span><div class='gfield_description validation_message gfield_validation_message validation_message--hidden-on-empty' id='live_validation_message_4_10'><\/div> <\/div><\/div><div id=\"field_4_11\" class=\"gfield gfield--type-website gfield--input-type-website gfield--width-half field_sublabel_below gfield--no-description field_description_below field_validation_below gfield_visibility_visible\"  ><label class='gfield_label gform-field-label' for='input_4_11'>Dispones de un curr\u00edculum online?<\/label><div class='ginput_container ginput_container_website'>\n                    <input name='input_11' id='input_4_11' type='url' value='' class='large'    placeholder='https:\/\/'  aria-invalid=\"false\" \/>\n                <\/div><\/div><div id=\"field_4_12\" class=\"gfield gfield--type-html gfield--input-type-html gfield--width-full section-title gfield_html gfield_html_formatted gfield_no_follows_desc field_sublabel_below gfield--no-description field_description_below field_validation_below gfield_visibility_visible\"  ><p class=\"font-roboto_regular text-sm text-dove_gray font-light\">\nCr\u00e8dit Andorr\u00e0, SA, con domicilio en Avenida Meritxell 80, AD500 Andorra la Vella, es el responsable del tratamiento de los datos personales que se recogen en el presente formulario con la finalidad de poder gestionar las candidaturas y procesos de selecci\u00f3n sobre la base leg\u00edtima del consentimiento expreso. El per\u00edodo m\u00e1ximo durante el cual conservaremos estos datos ser\u00e1 de dos a\u00f1os sin perjuicio de la posibilidad de ejercer en cualquier momento los derechos de acceso, rectificaci\u00f3n, oposici\u00f3n, limitaci\u00f3n y portabilidad de los datos personales mediante comunicaci\u00f3n a la direcci\u00f3n <a href=\"mailto:dpo@creandgroup.com\">dpo@creandgroup.com<\/a>.\n<span class=\"block h-3\"><\/span>\n<span class=\"block h-3\"><\/span>\n<\/p><\/div><fieldset id=\"field_4_13\" class=\"gfield gfield--type-checkbox gfield--type-choice gfield--input-type-checkbox gfield--width-full required-checkbox font-light gfield_contains_required field_sublabel_below gfield--no-description field_description_below hidden_label field_validation_below gfield_visibility_visible\"  ><legend class='gfield_label gform-field-label gfield_label_before_complex' >Required checkbox<span class=\"gfield_required\"><span class=\"gfield_required gfield_required_text\">(Obligatorio)<\/span><\/span><\/legend><div class='ginput_container ginput_container_checkbox'><div class='gfield_checkbox ' id='input_4_13'><div class='gchoice gchoice_4_13_1'>\n\t\t\t\t\t\t\t\t<input class='gfield-choice-input' name='input_13.1' type='checkbox'  value='consent'  id='choice_4_13_1'   \/>\n\t\t\t\t\t\t\t\t<label for='choice_4_13_1' id='label_4_13_1' class='gform-field-label gform-field-label--type-inline'>Doy mi consentimiento para las finalidades indicadas en el texto anterior. *<\/label>\n\t\t\t\t\t\t\t<\/div><div class='gchoice gchoice_4_13_2'>\n\t\t\t\t\t\t\t\t<input class='gfield-choice-input' name='input_13.2' type='checkbox'  value='legal'  id='choice_4_13_2'   \/>\n\t\t\t\t\t\t\t\t<label for='choice_4_13_2' id='label_4_13_2' class='gform-field-label gform-field-label--type-inline'>Acepto los t\u00e9rminos de <a href=\"https:\/\/creandgroup.com\/es\/politica-de-privacidad\/\">protecci\u00f3n de datos<\/a> y la <a href=\"https:\/\/creandgroup.com\/es\/politica-de-privacidad\/\">pol\u00edtica de privacidad.<\/a>*<\/label>\n\t\t\t\t\t\t\t<\/div><\/div><\/div><\/fieldset><fieldset id=\"field_4_14\" class=\"gfield gfield--type-checkbox gfield--type-choice gfield--input-type-checkbox gfield--width-full checkbox font-light field_sublabel_below gfield--no-description field_description_below hidden_label field_validation_below gfield_visibility_visible\"  ><legend class='gfield_label gform-field-label gfield_label_before_complex' >Checkbox<\/legend><div class='ginput_container ginput_container_checkbox'><div class='gfield_checkbox ' id='input_4_14'><div class='gchoice gchoice_4_14_1'>\n\t\t\t\t\t\t\t\t<input class='gfield-choice-input' name='input_14.1' type='checkbox'  value='commercial'  id='choice_4_14_1'   \/>\n\t\t\t\t\t\t\t\t<label for='choice_4_14_1' id='label_4_14_1' class='gform-field-label gform-field-label--type-inline'>Acepto recibir ofertas y comunicaciones comerciales.<\/label>\n\t\t\t\t\t\t\t<\/div><\/div><\/div><\/fieldset><div id=\"field_4_15\" class=\"gfield gfield--type-captcha gfield--input-type-captcha gfield--width-full field_sublabel_below gfield--no-description field_description_below hidden_label field_validation_below gfield_visibility_visible\"  ><label class='gfield_label gform-field-label' for='input_4_15'>CAPTCHA<\/label><div id='input_4_15' class='ginput_container ginput_recaptcha' data-sitekey='6LdqfcocAAAAALWbEC_smnka5-9vVBQ0CjUGSjHv'  data-theme='light' data-tabindex='-1' data-size='invisible' data-badge='bottomright'><\/div><\/div><\/div><\/div>\n        <div class='gform-footer gform_footer top_label'> <input type='submit' id='gform_submit_button_4' class='gform_button button' onclick='gform.submission.handleButtonClick(this);' data-submission-type='submit' value='Enviar'  \/> <input type='hidden' name='gform_ajax' value='form_id=4&amp;title=&amp;description=&amp;tabindex=0&amp;theme=gravity-theme&amp;styles=[]&amp;hash=27e211848a59a10c732281c040b82222' \/>\n            <input type='hidden' class='gform_hidden' name='gform_submission_method' data-js='gform_submission_method_4' value='iframe' \/>\n            <input type='hidden' class='gform_hidden' name='gform_theme' data-js='gform_theme_4' id='gform_theme_4' value='gravity-theme' \/>\n            <input type='hidden' class='gform_hidden' name='gform_style_settings' data-js='gform_style_settings_4' id='gform_style_settings_4' value='[]' \/>\n            <input type='hidden' class='gform_hidden' name='is_submit_4' value='1' \/>\n            <input type='hidden' class='gform_hidden' name='gform_submit' value='4' \/>\n            \n            <input type='hidden' class='gform_hidden' name='gform_currency' data-currency='EUR' value='K2Xl2TfQLsdW5ELNsEy20c3a5czaNatrn+0xnJa38hwDPzmEp\/NEmmb81NgZ73IXUw2MHU\/uQLeUaJa0qjm4Wx7jG9omQVUuhsyoS9eDrA4fpS0=' \/>\n            <input type='hidden' class='gform_hidden' name='gform_unique_id' value='' \/>\n            <input type='hidden' class='gform_hidden' name='state_4' value='WyJbXSIsIjAzYjI2YWFkMGZjMzUxNDk4YjYxODdiOTgyZThhNGY1Il0=' \/>\n            <input type='hidden' autocomplete='off' class='gform_hidden' name='gform_target_page_number_4' id='gform_target_page_number_4' value='0' \/>\n            <input type='hidden' autocomplete='off' class='gform_hidden' name='gform_source_page_number_4' id='gform_source_page_number_4' value='1' \/>\n            <input type='hidden' name='gform_field_values' value='' \/>\n            \n        <\/div>\n                        <\/form>\n                        <\/div>\n\t\t                <iframe style='display:none;width:0px;height:0px;' src='about:blank' name='gform_ajax_frame_4' id='gform_ajax_frame_4' title='Este iframe contiene la l\u00f3gica necesaria para gestionar formularios con ajax activado.'><\/iframe>\n\t\t                <script>\ngform.initializeOnLoaded( function() {gformInitSpinner( 4, 'https:\/\/creandgroup.com\/wp-content\/plugins\/gravityforms\/images\/spinner.svg', true );jQuery('#gform_ajax_frame_4').on('load',function(){var contents = jQuery(this).contents().find('*').html();var is_postback = contents.indexOf('GF_AJAX_POSTBACK') >= 0;if(!is_postback){return;}var form_content = jQuery(this).contents().find('#gform_wrapper_4');var is_confirmation = jQuery(this).contents().find('#gform_confirmation_wrapper_4').length > 0;var is_redirect = contents.indexOf('gformRedirect(){') >= 0;var is_form = form_content.length > 0 && ! is_redirect && ! is_confirmation;var mt = parseInt(jQuery('html').css('margin-top'), 10) + parseInt(jQuery('body').css('margin-top'), 10) + 100;if(is_form){jQuery('#gform_wrapper_4').html(form_content.html());if(form_content.hasClass('gform_validation_error')){jQuery('#gform_wrapper_4').addClass('gform_validation_error');} else {jQuery('#gform_wrapper_4').removeClass('gform_validation_error');}setTimeout( function() { \/* delay the scroll by 50 milliseconds to fix a bug in chrome *\/ jQuery(document).scrollTop(jQuery('#gform_wrapper_4').offset().top - mt); }, 50 );if(window['gformInitDatepicker']) {gformInitDatepicker();}if(window['gformInitPriceFields']) {gformInitPriceFields();}var current_page = jQuery('#gform_source_page_number_4').val();gformInitSpinner( 4, 'https:\/\/creandgroup.com\/wp-content\/plugins\/gravityforms\/images\/spinner.svg', true );jQuery(document).trigger('gform_page_loaded', [4, current_page]);window['gf_submitting_4'] = false;}else if(!is_redirect){var confirmation_content = jQuery(this).contents().find('.GF_AJAX_POSTBACK').html();if(!confirmation_content){confirmation_content = contents;}jQuery('#gform_wrapper_4').replaceWith(confirmation_content);jQuery(document).scrollTop(jQuery('#gf_4').offset().top - mt);jQuery(document).trigger('gform_confirmation_loaded', [4]);window['gf_submitting_4'] = false;wp.a11y.speak(jQuery('#gform_confirmation_message_4').text());}else{jQuery('#gform_4').append(contents);if(window['gformRedirect']) {gformRedirect();}}jQuery(document).trigger(\"gform_pre_post_render\", [{ formId: \"4\", currentPage: \"current_page\", abort: function() { this.preventDefault(); } }]);        if (event && event.defaultPrevented) {                return;        }        const gformWrapperDiv = document.getElementById( \"gform_wrapper_4\" );        if ( gformWrapperDiv ) {            const visibilitySpan = document.createElement( \"span\" );            visibilitySpan.id = \"gform_visibility_test_4\";            gformWrapperDiv.insertAdjacentElement( \"afterend\", visibilitySpan );        }        const visibilityTestDiv = document.getElementById( \"gform_visibility_test_4\" );        let postRenderFired = false;        function triggerPostRender() {            if ( postRenderFired ) {                return;            }            postRenderFired = true;            gform.core.triggerPostRenderEvents( 4, current_page );            if ( visibilityTestDiv ) {                visibilityTestDiv.parentNode.removeChild( visibilityTestDiv );            }        }        function debounce( func, wait, immediate ) {            var timeout;            return function() {                var context = this, args = arguments;                var later = function() {                    timeout = null;                    if ( !immediate ) func.apply( context, args );                };                var callNow = immediate && !timeout;                clearTimeout( timeout );                timeout = setTimeout( later, wait );                if ( callNow ) func.apply( context, args );            };        }        const debouncedTriggerPostRender = debounce( function() {            triggerPostRender();        }, 200 );        if ( visibilityTestDiv && visibilityTestDiv.offsetParent === null ) {            const observer = new MutationObserver( ( mutations ) => {                mutations.forEach( ( mutation ) => {                    if ( mutation.type === 'attributes' && visibilityTestDiv.offsetParent !== null ) {                        debouncedTriggerPostRender();                        observer.disconnect();                    }                });            });            observer.observe( document.body, {                attributes: true,                childList: false,                subtree: true,                attributeFilter: [ 'style', 'class' ],            });        } else {            triggerPostRender();        }    } );} );\n<\/script>\n\n    <\/div>\n<\/section>\n","protected":false},"excerpt":{"rendered":"","protected":false},"author":1,"featured_media":0,"parent":7168,"menu_order":0,"comment_status":"closed","ping_status":"closed","template":"","meta":{"_acf_changed":false,"inline_featured_image":false,"footnotes":""},"class_list":["post-8379","page","type-page","status-publish","hentry"],"acf":[],"_links":{"self":[{"href":"https:\/\/creandgroup.com\/es\/wp-json\/wp\/v2\/pages\/8379","targetHints":{"allow":["GET"]}}],"collection":[{"href":"https:\/\/creandgroup.com\/es\/wp-json\/wp\/v2\/pages"}],"about":[{"href":"https:\/\/creandgroup.com\/es\/wp-json\/wp\/v2\/types\/page"}],"author":[{"embeddable":true,"href":"https:\/\/creandgroup.com\/es\/wp-json\/wp\/v2\/users\/1"}],"replies":[{"embeddable":true,"href":"https:\/\/creandgroup.com\/es\/wp-json\/wp\/v2\/comments?post=8379"}],"version-history":[{"count":0,"href":"https:\/\/creandgroup.com\/es\/wp-json\/wp\/v2\/pages\/8379\/revisions"}],"up":[{"embeddable":true,"href":"https:\/\/creandgroup.com\/es\/wp-json\/wp\/v2\/pages\/7168"}],"wp:attachment":[{"href":"https:\/\/creandgroup.com\/es\/wp-json\/wp\/v2\/media?parent=8379"}],"curies":[{"name":"wp","href":"https:\/\/api.w.org\/{rel}","templated":true}]}}