{"id":7146,"date":"2022-07-18T09:11:01","date_gmt":"2022-07-18T07:11:01","guid":{"rendered":"https:\/\/creandgroup.com\/supporting\/"},"modified":"2026-02-13T14:13:04","modified_gmt":"2026-02-13T13:13:04","slug":"supporting","status":"publish","type":"page","link":"https:\/\/creandgroup.com\/es\/supporting\/","title":{"rendered":"Supporting"},"content":{"rendered":"<section data-block_36de02b133615ddb0c996428d3f7c5a6 class=\"hero align section-hero-secondary relative block clear-both overflow-hidden bg-center bg-cover\" style=\"background-image: url('https:\/\/creandgroup.com\/wp-content\/uploads\/Mask_Group_3.jpg')\" data-aos=\"fade\" data-aos-duration=\"500\" data-aos-easing=\"ease-in-out\" data-aos-mirror=\"false\">\n        <div class=\"container relative flex flex-wrap items-center py-10 xl:pl-48 lg:h-68 lg:flex-nowrap\">\n            <svg class=\"icon-oval-secundary hidden md:block absolute top-0 -left-5 lg:-left-20 xl:left-24 h-full\" width=\"317\" height=\"247\" viewBox=\"0 0 317 247\" fill=\"none\" xmlns=\"https:\/\/www.w3.org\/2000\/svg\">\n<path opacity=\"0.5\" d=\"M317 370C142.478 370 1 259.638 1 123.5C1 -12.6382 142.478 -123 317 -123\" stroke=\"white\" stroke-width=\"1.6658\"\/>\n<\/svg> \n            <h1 class=\"text-white lg:w-1\/2 lg:pr-10  font-tiempos_bold \"   style=\"line-height: 52px; letter-spacing: 2px; font-size: 45px;\" >Supporting<\/h1>\n            <div class=\"pl-3 mt-3 lg:mt-0 text-white lg:w-2\/3\">\n                <h3 class=\" big-text   leading-normal\">Vive el deporte desde el canal deportivo de Cr\u00e8dit Andorr\u00e0 en las redes.<br \/>\r\n<\/h3>\n                            <\/div>\n        <\/div>\n    <\/section>\n    <style>\n        .section-hero-secondary a.border-white{\n            transition: all 0.2s;\n        }\n        .section-hero-secondary a.border-white:hover{\n            color: #369125;\n            background-color: white;\n        }\n        .section-hero-secondary a.border-white:hover .icon-white-fill path{\n            fill: #369125;\n        }\n        .section-hero-secondary.text-light .container{\n            height: auto !important;\n        }\n        .section-hero-secondary.text-light h1{\n            font-weight: 400 !important;\n        }\n        .section-hero-secondary .big-text{\n            font-size: 18px;\n            line-height: 28px;\n        }\n        @media (min-width: 1024px){\n            .section-hero-secondary .big-text{\n                font-size: 22px;\n                line-height: 32px;\n            }\n        }\n    <\/style>\n\n\n<section data-block_977bd017b745d4448d3388fea3ec4469 class=\"navigation align section-navigation hidden lg:block  border-b sticky top-10 xl:top-20 bg-white overflow-hidden border-t border-gallery_gray \" data-aos=\"fade\" data-aos-duration=\"500\" data-aos-easing=\"ease-in-out\" data-aos-once=\"true\">\n    <div class=\"container\">\n        <div class=\"wrapper flex items-center\">\n            <div class=\"flex items-center gap-5 lg:gap-8 text-center justify-evenly uppercase navigation-list mx-auto font-roboto_regular\">\n                                             <a href=\"https:\/\/creandgroup.com\/es\/la-nieve\/\" class=\"text-sm lg:text-base py-5 xl:pt-8 xl:pb-6 cursor-pointer\">La nieve<\/a>\n                                             <a href=\"https:\/\/creandgroup.com\/es\/con-el-deporte\/\" class=\"text-sm lg:text-base py-5 xl:pt-8 xl:pb-6 cursor-pointer\">Con el deporte<\/a>\n                                             <a href=\"https:\/\/creandgroup.com\/es\/nuestros-deportistas\/\" class=\"text-sm lg:text-base py-5 xl:pt-8 xl:pb-6 cursor-pointer\">Nuestros deportistas<\/a>\n                                             <a href=\"#\" class=\"text-sm lg:text-base py-5 xl:pt-8 xl:pb-6 cursor-pointer\">Supporting<\/a>\n                        <\/div>\n        <\/div>\n    <\/div>\n\n<\/section>\n<style>\n    .section-navigation{\n        z-index: 19;\n    }\n    .section-navigation .currentPage{\n        color: #369125;\n        font-weight: 700;\n        border-bottom: 2px solid #369125;\n    }\n    .section-navigation .active{\n        color: #369125;\n        font-weight: 700;\n        border-bottom: 2px solid #369125;\n    }\n    .navigation-list a:hover{\n        color: #369125;\n        border-bottom: 2px solid #369125;\n    }\n    .section-navigation .go-back:hover .icon-arrow-down path{\n        stroke: #369125;\n    }\n<\/style>\n<script>\n    function goBack() {\n        window.history.back();\n    }\n<\/script>\n\n<section id=\"block_713c684cab5b5346e4739f87c1eec086\"  data-block_713c684cab5b5346e4739f87c1eec086 class=\"text-img-cta align w-full section-text-img-cta bg-white relative block clear-both overflow-hidden my-8 lg:my-20 lg:h-auto  \">\n    <div class=\"relatize z-1  max-w-extra_wide mx-auto   flex-row-reverse mt-12  wrapper mt-12 flex items-center flex-wrap lg:flex-wrap justify-center lg:justify-end\">\n        <div class=\"w-full lg:w-1\/2  px-4 md:px-8   md:pl-20  section-info  text-center md:text-left\" data-aos=\"fade-in\" data-aos-duration=\"500\"  data-aos-delay=\"300\" data-aos-easing=\"ease-in-out\" data-aos-once=\"true\">\n            <h2 class=\"text-title font-tiempos_bold\">Canales Supporting<\/h2>\n                                        <div class=\"mt-5 wysiwyg lg:pr-10 font-roboto_regular font-light\"><p>El deporte forma parte de nuestro ADN. Por eso, en 2018 nace Supporting, nuestro canal en las redes sociales dedicado a los patrocinios deportivos.<\/p>\n<p>&nbsp;<\/p>\n<p>Enmarcado en la l\u00ednea de compromiso que tiene Creand para promover los valores del deporte y la vida saludable, el objetivo de Supporting es dar visibilidad a todo lo que hacemos por el deporte y todo lo que hacen nuestros patrocinados.<\/p>\n<p>&nbsp;<\/p>\n<p>Ofrecemos informaci\u00f3n detallada e inmediata de las competiciones y otros eventos patrocinados por Creand: campeonatos de esqu\u00ed, los eSports, las competiciones<br \/>\nde BTT o los campeonatos de golf, entre otros.<\/p>\n<p>&nbsp;<\/p>\n<p class=\"p1\">Nos encontrar\u00e1s en los perfiles de Facebook, Twitter, Instragram, TikTok y YouTube, con material in\u00e9dito y exclusivo, fotograf\u00edas, v\u00eddeos y resultados.<\/p>\n<p>&nbsp;<\/p>\n<\/div>\n                                                \n                    <\/div>\n                    <div class=\"w-full mt-10 md:mt-0 md:w-5\/12 flex  justify-end \" data-aos=\"fade-in\" data-aos-duration=\"500\" data-aos-easing=\"ease-in-out\" data-aos-once=\"true\">\n                                                    <div style=\"width: 640px;\" class=\"wp-video\"><video class=\"wp-video-shortcode\" id=\"video-7146-1\" width=\"640\" height=\"360\" preload=\"auto\" controls=\"controls\"><source type=\"video\/youtube\" src=\"https:\/\/www.youtube.com\/watch?v=PqjKlyFbwn8&#038;_=1\" \/><a href=\"https:\/\/www.youtube.com\/watch?v=PqjKlyFbwn8\" target=\"_blank\" rel=\"noopener\">https:\/\/www.youtube.com\/watch?v=PqjKlyFbwn8<\/a><\/video><\/div>                            <\/div>\n            <\/div>\n<\/section>\n<style>\n    .section-text-img-cta .wp-video{\n        width: 100% !important;\n    }\n    .section-text-img-cta .wysiwyg a{\n        color: #369125;\n        text-decoration: underline;\n    }\n    .text-img-cta-card-list-el-inner{\n        box-shadow: 0px 4px 51px 0px rgba(0, 0, 0, 0.07);\n    }\n\n    .section-text-img-cta .wysiwyg ul {\n            margin-top: 10px;\n    }\n    .section-text-img-cta .wysiwyg ul li{\n        background-image: url(\"https:\/\/creandgroup.com\/wp-content\/themes\/creand\/public\/images\/icon-tick.ca4fad.svg\");\n        background-position: 0 5px;\n        padding: 2px 0 5px 32px;\n        margin-bottom: 8px;\n        background-repeat: no-repeat;\n    }\n    .text-img-cta-card-list-el .hover-state{\n        background: linear-gradient(112.89deg, #369125 3.9%, #70BC8F 83.71%);\n\n    }\n    .section-text-img-cta .icon-gray path{\n        fill: transparent;\n        stroke: #434343;\n    }\n    .section-text-img-cta .icon-white path{\n        fill: transparent;\n        stroke: white;\n    }\n\n    .section-text-img-cta.black::before{\n        content: \"\";\n        display: block;\n        width: 100%;\n        height: 100%;\n        position: absolute;\n        z-index: 0;\n        background-color: rgba(0, 0, 0, 0.3);\n    }\n    .section-text-img-cta.white::before{\n        content: \"\";\n        display: block;\n        width: 100%;\n        height: 100%;\n        position: absolute;\n        z-index: 0;\n        background-color: rgba(255, 255, 255, 0.3);\n    }\n\n    .section-text-img-cta .button-primary svg path{\n        fill: white;\n        transition: all 0.3s;\n    }\n<\/style>\n\n<section id=\"block_6fe8053b6b4e6919375983c8a94cd0df\" data-block_6fe8053b6b4e6919375983c8a94cd0df   class=\"slider-imgs align relative block overflow-hidden section-slider-imgs clear-both\">\n    <div class=\"container\">\n                                                <div class=\"relative swiper slider-img-list mt-8\">\n                <div class=\"swiper-wrapper\">\n                                                                     <div class=\"relative block w-full h-full lg:mt-0 md:w-1\/2 xl:w-1\/3 swiper-slide slider-img-list-el\">\n                            <div class=\"slider-img-list-el-inner\">\n                                <div style=\"background-image: url('https:\/\/creandgroup.com\/wp-content\/uploads\/469610508_18277586659218673_1074459876087383477_n.jpg');\" class=\"w-full h-80 bg-cover bg-center\"><\/div>\n                                <div class=\"mt-2 font-light\"><\/div>\n                            <\/div>\n                        <\/div>\n                                                                     <div class=\"relative block w-full h-full lg:mt-0 md:w-1\/2 xl:w-1\/3 swiper-slide slider-img-list-el\">\n                            <div class=\"slider-img-list-el-inner\">\n                                <div style=\"background-image: url('https:\/\/creandgroup.com\/wp-content\/uploads\/489552657_1201052718689202_5673473918085288182_n.jpg');\" class=\"w-full h-80 bg-cover bg-center\"><\/div>\n                                <div class=\"mt-2 font-light\"><\/div>\n                            <\/div>\n                        <\/div>\n                                                                     <div class=\"relative block w-full h-full lg:mt-0 md:w-1\/2 xl:w-1\/3 swiper-slide slider-img-list-el\">\n                            <div class=\"slider-img-list-el-inner\">\n                                <div style=\"background-image: url('https:\/\/creandgroup.com\/wp-content\/uploads\/489995931_1201053608689113_2943486358430256975_n.jpg');\" class=\"w-full h-80 bg-cover bg-center\"><\/div>\n                                <div class=\"mt-2 font-light\"><\/div>\n                            <\/div>\n                        <\/div>\n                                                                     <div class=\"relative block w-full h-full lg:mt-0 md:w-1\/2 xl:w-1\/3 swiper-slide slider-img-list-el\">\n                            <div class=\"slider-img-list-el-inner\">\n                                <div style=\"background-image: url('https:\/\/creandgroup.com\/wp-content\/uploads\/post_proam_golf_03.jpg');\" class=\"w-full h-80 bg-cover bg-center\"><\/div>\n                                <div class=\"mt-2 font-light\"><\/div>\n                            <\/div>\n                        <\/div>\n                                                                     <div class=\"relative block w-full h-full lg:mt-0 md:w-1\/2 xl:w-1\/3 swiper-slide slider-img-list-el\">\n                            <div class=\"slider-img-list-el-inner\">\n                                <div style=\"background-image: url('https:\/\/creandgroup.com\/wp-content\/uploads\/Baixa_DSCF1256.jpg');\" class=\"w-full h-80 bg-cover bg-center\"><\/div>\n                                <div class=\"mt-2 font-light\"><\/div>\n                            <\/div>\n                        <\/div>\n                                                                     <div class=\"relative block w-full h-full lg:mt-0 md:w-1\/2 xl:w-1\/3 swiper-slide slider-img-list-el\">\n                            <div class=\"slider-img-list-el-inner\">\n                                <div style=\"background-image: url('https:\/\/creandgroup.com\/wp-content\/uploads\/PATROCINADORS-36-scaled-1.jpg');\" class=\"w-full h-80 bg-cover bg-center\"><\/div>\n                                <div class=\"mt-2 font-light\"><\/div>\n                            <\/div>\n                        <\/div>\n                                    <\/div>\n                                    <div class=\"flex justify-end swiper-navigation-arrows mb-20\">\n                        <svg class=\"icon-arrow-right self-end navigation-prev transform rotate-180 cursor-pointer hover:bg-primary_vista_blue hover:bg-opacity-60\" width=\"35\" height=\"35\" viewBox=\"0 0 35 35\" fill=\"none\" xmlns=\"https:\/\/www.w3.org\/2000\/svg\">\n<path d=\"M4.375 17.5L30.625 17.5\" stroke=\"black\" stroke-width=\"1.5\" stroke-linecap=\"round\"\/>\n<path d=\"M21.875 26.25L30.625 17.5L21.875 8.75\" stroke=\"black\" stroke-width=\"1.5\" stroke-linecap=\"round\"\/>\n<\/svg> \n                        <svg class=\"icon-arrow-right self-end navigation-next mr-2 cursor-pointer hover:bg-primary_vista_blue hover:bg-opacity-60\" width=\"35\" height=\"35\" viewBox=\"0 0 35 35\" fill=\"none\" xmlns=\"https:\/\/www.w3.org\/2000\/svg\">\n<path d=\"M4.375 17.5L30.625 17.5\" stroke=\"black\" stroke-width=\"1.5\" stroke-linecap=\"round\"\/>\n<path d=\"M21.875 26.25L30.625 17.5L21.875 8.75\" stroke=\"black\" stroke-width=\"1.5\" stroke-linecap=\"round\"\/>\n<\/svg> \n                    <\/div>\n                                <div class=\"swiper-scrollbar \"><\/div>\n            <\/div>\n            <\/div>\n<\/section>\n\n<style>\n    .section-slider-imgs .swiper-slide {\n        height: auto;\n    }\n    .section-slider-imgs .swiper-scrollbar {\n        width: 80% !important;\n        bottom: 10px;\n        z-index: 1;\n    }\n    .section-slider-imgs .swiper-button-disabled{\n        opacity: 0.5;\n        pointer-events: none;\n    }\n    .section-slider-imgs .swiper-scrollbar .swiper-scrollbar-drag{\n        background: #369125 !important;\n    }\n<\/style>\n\n<section id=\"block_9009a73754bc846fd26b167a14912e5f\"  data-block_9009a73754bc846fd26b167a14912e5f class=\"banner-w-social-media align section-banner-w-social-media relative w-full clear-both overflow-hidden block\" data-aos=\"fade\" data-aos-duration=\"500\"  data-aos-delay=\"0\" data-aos-easing=\"ease-in-out\" data-aos-once=\"true\">\n    <div class=\"wrapper w-full h-full md:h-screen-2\/4 md:bg-center bg-cover\">\n                <div class=\"container flex items-center md:justify-end h-full py-10\">\n            <div class=\"w-full md:w-2\/5 relative z-2 \">\n                <h2 class=\"text-title font-tiempos_bold\">Supporting<\/h2>\n                <div class=\"font-roboto_regular mt-2\"><p>\u00bfA\u00fan no conoces Supporting?<\/p>\n<p>&nbsp;<\/p>\n<p>Vive el deporte desde el canal deportivo de Creand en las redes.<\/p>\n<p>&nbsp;<\/p>\n<p><em><u>\u00a1S\u00edguenos!<\/u><\/em><\/p>\n<p>&nbsp;<\/p>\n<\/div>\n                <div class=\"mt-7 lg:mt-0 2xl:mt-7 text-primary_direct_green_light\">Nuestras redes<\/div>\n                <div class=\"banner-w-social-media-list mt-4 lg:mt-0 2xl:mt-4 flex flex-nowrap font-roboto_regular\">\n                                                                                             <a href=\"https:\/\/www.facebook.com\/CreandSupporting\" class=\"mr-3\" target=\"_blank\" rel=\"noopener\">\n                                                            <img class=\"lozad\" data-src=\"https:\/\/creandgroup.com\/wp-content\/uploads\/ico-facebook.svg\" alt=\"ico-facebook\">\n                                                    <\/a>\n                                                                                                                     <a href=\"https:\/\/www.instagram.com\/creandsupporting\" class=\"mr-3\" target=\"_blank\" rel=\"noopener\">\n                                                            <img class=\"lozad\" data-src=\"https:\/\/creandgroup.com\/wp-content\/uploads\/ico-instagram-1.svg\" alt=\"ico-instagram\">\n                                                    <\/a>\n                                                                                                                     <a href=\"https:\/\/www.youtube.com\/@creandsupporting1\/featured\" class=\"mr-3\" target=\"_blank\" rel=\"noopener\">\n                                                            <img class=\"lozad\" data-src=\"https:\/\/creandgroup.com\/wp-content\/uploads\/ico-Youtube.svg\" alt=\"ico-Youtube\">\n                                                    <\/a>\n                                                                                                                     <a href=\"https:\/\/twitter.com\/CreandSupport\" class=\"mr-3\" target=\"_blank\" rel=\"noopener\">\n                                                            <img class=\"lozad\" data-src=\"https:\/\/creandgroup.com\/wp-content\/uploads\/ico-tw.svg\" alt=\"ico-tw\">\n                                                    <\/a>\n                                                            <\/div>\n            <\/div>\n        <\/div>\n    <\/div>\n<\/section>\n<style>\n    .section-banner-w-social-media > .wrapper{\n\u00a1        position: relative;\n    }\n    @media (min-width: 768px){\n        .section-banner-w-social-media > .wrapper{\n            background-image: url('https:\/\/creandgroup.com\/wp-content\/uploads\/img-supporting.jpg');\n        }\n    }\n\n<\/style>","protected":false},"excerpt":{"rendered":"","protected":false},"author":1,"featured_media":0,"parent":0,"menu_order":0,"comment_status":"closed","ping_status":"closed","template":"","meta":{"_acf_changed":true,"inline_featured_image":false,"footnotes":""},"class_list":["post-7146","page","type-page","status-publish","hentry"],"acf":[],"_links":{"self":[{"href":"https:\/\/creandgroup.com\/es\/wp-json\/wp\/v2\/pages\/7146","targetHints":{"allow":["GET"]}}],"collection":[{"href":"https:\/\/creandgroup.com\/es\/wp-json\/wp\/v2\/pages"}],"about":[{"href":"https:\/\/creandgroup.com\/es\/wp-json\/wp\/v2\/types\/page"}],"author":[{"embeddable":true,"href":"https:\/\/creandgroup.com\/es\/wp-json\/wp\/v2\/users\/1"}],"replies":[{"embeddable":true,"href":"https:\/\/creandgroup.com\/es\/wp-json\/wp\/v2\/comments?post=7146"}],"version-history":[{"count":0,"href":"https:\/\/creandgroup.com\/es\/wp-json\/wp\/v2\/pages\/7146\/revisions"}],"wp:attachment":[{"href":"https:\/\/creandgroup.com\/es\/wp-json\/wp\/v2\/media?parent=7146"}],"curies":[{"name":"wp","href":"https:\/\/api.w.org\/{rel}","templated":true}]}}