{"id":6917,"date":"2021-11-18T18:00:56","date_gmt":"2021-11-18T17:00:56","guid":{"rendered":"https:\/\/creandgroup.com\/negoci\/model-de-gestio\/"},"modified":"2023-04-13T09:28:14","modified_gmt":"2023-04-13T07:28:14","slug":"modelo-de-gestion","status":"publish","type":"page","link":"https:\/\/creandgroup.com\/es\/negocio\/modelo-de-gestion\/","title":{"rendered":"Modelo de gesti\u00f3n"},"content":{"rendered":"<section data-block_7894aefac9ae941778f38acb873450b1 class=\"hero align section-hero-secondary relative block clear-both overflow-hidden bg-center bg-cover\" style=\"background-image: url('https:\/\/creandgroup.com\/wp-content\/uploads\/Mask_Group_3.jpg')\" data-aos=\"fade\" data-aos-duration=\"500\" data-aos-easing=\"ease-in-out\" data-aos-mirror=\"false\">\n        <div class=\"container relative flex flex-wrap items-center py-10 xl:pl-48 lg:h-68 lg:flex-nowrap\">\n            <svg class=\"icon-oval-secundary hidden md:block absolute top-0 -left-5 lg:-left-20 xl:left-24 h-full\" width=\"317\" height=\"247\" viewBox=\"0 0 317 247\" fill=\"none\" xmlns=\"https:\/\/www.w3.org\/2000\/svg\">\n<path opacity=\"0.5\" d=\"M317 370C142.478 370 1 259.638 1 123.5C1 -12.6382 142.478 -123 317 -123\" stroke=\"white\" stroke-width=\"1.6658\"\/>\n<\/svg> \n            <h1 class=\"text-white lg:w-1\/2 lg:pr-10  font-tiempos_bold \"   style=\"line-height: 52px; letter-spacing: 2px; font-size: 45px;\" >Modelo<br \/>\r\nde gesti\u00f3n<\/h1>\n            <div class=\"pl-3 mt-3 lg:mt-0 text-white lg:w-2\/3\">\n                <h3 class=\" big-text   leading-normal\">En Creand priorizamos la preservaci\u00f3n y la protecci\u00f3n del patrimonio. <br \/>\r\nEscuchamos a nuestros clientes, analizamos su perfil y valoramos los<br \/>\r\nriesgos que deber\u00e1n asumir en sus decisiones financieras.<\/h3>\n                            <\/div>\n        <\/div>\n    <\/section>\n    <style>\n        .section-hero-secondary a.border-white{\n            transition: all 0.2s;\n        }\n        .section-hero-secondary a.border-white:hover{\n            color: #369125;\n            background-color: white;\n        }\n        .section-hero-secondary a.border-white:hover .icon-white-fill path{\n            fill: #369125;\n        }\n        .section-hero-secondary.text-light .container{\n            height: auto !important;\n        }\n        .section-hero-secondary.text-light h1{\n            font-weight: 400 !important;\n        }\n        .section-hero-secondary .big-text{\n            font-size: 18px;\n            line-height: 28px;\n        }\n        @media (min-width: 1024px){\n            .section-hero-secondary .big-text{\n                font-size: 22px;\n                line-height: 32px;\n            }\n        }\n    <\/style>\n\n\n<section data-block_9395f6b789ea79e4cd09044c48c6a166 class=\"navigation align section-navigation hidden lg:block  border-b sticky top-10 xl:top-20 bg-white overflow-hidden border-t border-gallery_gray \" data-aos=\"fade\" data-aos-duration=\"500\" data-aos-easing=\"ease-in-out\" data-aos-once=\"true\">\n    <div class=\"container\">\n        <div class=\"wrapper flex items-center\">\n            <div class=\"flex items-center gap-5 lg:gap-8 text-center justify-evenly uppercase navigation-list mx-auto font-roboto_regular\">\n                                             <a href=\"https:\/\/creandgroup.com\/es\/negocio\/vision-estrategica\/\" class=\"text-sm lg:text-base py-5 xl:pt-8 xl:pb-6 cursor-pointer\">Visi\u00f3n estrat\u00e9gica<\/a>\n                                             <a href=\"https:\/\/creandgroup.com\/es\/negocio\/expertos-en-inversion\/\" class=\"text-sm lg:text-base py-5 xl:pt-8 xl:pb-6 cursor-pointer\">Expertos en inversi\u00f3n<\/a>\n                                             <a href=\"#\" class=\"text-sm lg:text-base py-5 xl:pt-8 xl:pb-6 cursor-pointer\">Modelo de gesti\u00f3n<\/a>\n                                             <a href=\"https:\/\/creandgroup.com\/es\/negocio\/presencia-internacional\/\" class=\"text-sm lg:text-base py-5 xl:pt-8 xl:pb-6 cursor-pointer\">Presencia internacional<\/a>\n                                             <a href=\"https:\/\/creandgroup.com\/es\/negocio\/reconocimientos-y-certificaciones\/\" class=\"text-sm lg:text-base py-5 xl:pt-8 xl:pb-6 cursor-pointer\">Reconocimientos y certificaciones<\/a>\n                        <\/div>\n        <\/div>\n    <\/div>\n\n<\/section>\n<style>\n    .section-navigation{\n        z-index: 19;\n    }\n    .section-navigation .currentPage{\n        color: #369125;\n        font-weight: 700;\n        border-bottom: 2px solid #369125;\n    }\n    .section-navigation .active{\n        color: #369125;\n        font-weight: 700;\n        border-bottom: 2px solid #369125;\n    }\n    .navigation-list a:hover{\n        color: #369125;\n        border-bottom: 2px solid #369125;\n    }\n    .section-navigation .go-back:hover .icon-arrow-down path{\n        stroke: #369125;\n    }\n<\/style>\n<script>\n    function goBack() {\n        window.history.back();\n    }\n<\/script>\n\n<section id=\"block_edf9291cf0cf8c41e459f55a7ec5d803\"  data-block_edf9291cf0cf8c41e459f55a7ec5d803 class=\"text-img-cta align w-full section-text-img-cta bg-white relative block clear-both overflow-hidden my-8 lg:my-20 lg:h-auto  \">\n    <div class=\"relatize z-1  max-w-extra_wide mx-auto   flex-row-reverse mt-12  wrapper mt-12 flex items-center flex-wrap lg:flex-wrap justify-center lg:justify-end\">\n        <div class=\"w-full lg:w-1\/2  px-4 md:px-8   md:pl-20  section-info  text-center md:text-left\" data-aos=\"fade-in\" data-aos-duration=\"500\"  data-aos-delay=\"300\" data-aos-easing=\"ease-in-out\" data-aos-once=\"true\">\n            <h2 class=\"text-title font-tiempos_bold\">Atenci\u00f3n multidisciplinar<\/h2>\n                                        <div class=\"mt-5 wysiwyg lg:pr-10 font-roboto_regular font-light\"><p>El enfoque integral del patrimonio es posible gracias<br \/>\na las reuniones entre el cliente y su banquero, en las<br \/>\nque se implica a un equipo de especialistas y se ofrece<br \/>\nuna atenci\u00f3n multidisciplinar. Coordinamos todo el<br \/>\nproceso para que el cliente tenga un interlocutor \u00fanico<br \/>\ny reciba la informaci\u00f3n de forma clara y transparente.<\/p>\n<\/div>\n                                                \n                    <\/div>\n                    <div class=\"w-full mt-10 md:mt-0 md:w-5\/12 flex  justify-end \" data-aos=\"fade-in\" data-aos-duration=\"500\" data-aos-easing=\"ease-in-out\" data-aos-once=\"true\">\n                                    <img  data-src=\"https:\/\/creandgroup.com\/wp-content\/uploads\/ATENCION-MULTIDISCIPLINAR.jpg\" alt=\"ATENCION-MULTIDISCIPLINAR\" class=\"w-full lozad mt-5 lg:mt-0\">\n                                            <\/div>\n            <\/div>\n<\/section>\n<style>\n    .section-text-img-cta .wp-video{\n        width: 100% !important;\n    }\n    .section-text-img-cta .wysiwyg a{\n        color: #369125;\n        text-decoration: underline;\n    }\n    .text-img-cta-card-list-el-inner{\n        box-shadow: 0px 4px 51px 0px rgba(0, 0, 0, 0.07);\n    }\n\n    .section-text-img-cta .wysiwyg ul {\n            margin-top: 10px;\n    }\n    .section-text-img-cta .wysiwyg ul li{\n        background-image: url(\"https:\/\/creandgroup.com\/wp-content\/themes\/creand\/public\/images\/icon-tick.ca4fad.svg\");\n        background-position: 0 5px;\n        padding: 2px 0 5px 32px;\n        margin-bottom: 8px;\n        background-repeat: no-repeat;\n    }\n    .text-img-cta-card-list-el .hover-state{\n        background: linear-gradient(112.89deg, #369125 3.9%, #70BC8F 83.71%);\n\n    }\n    .section-text-img-cta .icon-gray path{\n        fill: transparent;\n        stroke: #434343;\n    }\n    .section-text-img-cta .icon-white path{\n        fill: transparent;\n        stroke: white;\n    }\n\n    .section-text-img-cta.black::before{\n        content: \"\";\n        display: block;\n        width: 100%;\n        height: 100%;\n        position: absolute;\n        z-index: 0;\n        background-color: rgba(0, 0, 0, 0.3);\n    }\n    .section-text-img-cta.white::before{\n        content: \"\";\n        display: block;\n        width: 100%;\n        height: 100%;\n        position: absolute;\n        z-index: 0;\n        background-color: rgba(255, 255, 255, 0.3);\n    }\n\n    .section-text-img-cta .button-primary svg path{\n        fill: white;\n        transition: all 0.3s;\n    }\n<\/style>\n\n<section id=\"block_7d5a2f4c99f0e947a7e6b9dd5f8e1b59\"  data-block_7d5a2f4c99f0e947a7e6b9dd5f8e1b59 class=\"text-img-cta align w-full section-text-img-cta bg-white relative block clear-both overflow-hidden my-8 lg:my-20 lg:h-auto  \">\n    <div class=\"relatize z-1  max-w-extra_wide mx-auto   wrapper mt-12 flex items-center flex-wrap lg:flex-wrap justify-center lg:justify-end\">\n        <div class=\"w-full lg:w-1\/2  px-4 md:px-8   section-info  text-center md:text-left\" data-aos=\"fade-in\" data-aos-duration=\"500\"  data-aos-delay=\"300\" data-aos-easing=\"ease-in-out\" data-aos-once=\"true\">\n            <h2 class=\"text-title font-tiempos_bold\">Enfoque integral<br \/>\r\ndel patrimonio<\/h2>\n                                        <div class=\"mt-5 wysiwyg lg:pr-10 font-roboto_regular font-light\"><p>Seguimos m\u00e9todos rigurosos de an\u00e1lisis e inversi\u00f3n con<br \/>\nlos que aplicamos criterios de prudencia a la hora de<br \/>\nasesorar y tomar decisiones con nuestros clientes.<\/p>\n<\/div>\n                                                \n                    <\/div>\n                    <div class=\"w-full mt-10 md:mt-0 md:w-5\/12 flex  justify-start \" data-aos=\"fade-in\" data-aos-duration=\"500\" data-aos-easing=\"ease-in-out\" data-aos-once=\"true\">\n                                    <img  data-src=\"https:\/\/creandgroup.com\/wp-content\/uploads\/ENFOCAMENT-INTERNAL-PATRIMONIS.jpg\" alt=\"ENFOCAMENT-INTERNAL-PATRIMONIS\" class=\"w-full lozad mt-5 lg:mt-0\">\n                                            <\/div>\n            <\/div>\n<\/section>\n<style>\n    .section-text-img-cta .wp-video{\n        width: 100% !important;\n    }\n    .section-text-img-cta .wysiwyg a{\n        color: #369125;\n        text-decoration: underline;\n    }\n    .text-img-cta-card-list-el-inner{\n        box-shadow: 0px 4px 51px 0px rgba(0, 0, 0, 0.07);\n    }\n\n    .section-text-img-cta .wysiwyg ul {\n            margin-top: 10px;\n    }\n    .section-text-img-cta .wysiwyg ul li{\n        background-image: url(\"https:\/\/creandgroup.com\/wp-content\/themes\/creand\/public\/images\/icon-tick.ca4fad.svg\");\n        background-position: 0 5px;\n        padding: 2px 0 5px 32px;\n        margin-bottom: 8px;\n        background-repeat: no-repeat;\n    }\n    .text-img-cta-card-list-el .hover-state{\n        background: linear-gradient(112.89deg, #369125 3.9%, #70BC8F 83.71%);\n\n    }\n    .section-text-img-cta .icon-gray path{\n        fill: transparent;\n        stroke: #434343;\n    }\n    .section-text-img-cta .icon-white path{\n        fill: transparent;\n        stroke: white;\n    }\n\n    .section-text-img-cta.black::before{\n        content: \"\";\n        display: block;\n        width: 100%;\n        height: 100%;\n        position: absolute;\n        z-index: 0;\n        background-color: rgba(0, 0, 0, 0.3);\n    }\n    .section-text-img-cta.white::before{\n        content: \"\";\n        display: block;\n        width: 100%;\n        height: 100%;\n        position: absolute;\n        z-index: 0;\n        background-color: rgba(255, 255, 255, 0.3);\n    }\n\n    .section-text-img-cta .button-primary svg path{\n        fill: white;\n        transition: all 0.3s;\n    }\n<\/style>\n\n<section id=\"block_f0a6e69ef84b36068ca5df00a581b2a9\"  data-block_f0a6e69ef84b36068ca5df00a581b2a9 class=\"text-img-cta align w-full section-text-img-cta bg-white relative block clear-both overflow-hidden my-8 lg:my-20 lg:h-auto  \">\n    <div class=\"relatize z-1  max-w-extra_wide mx-auto   flex-row-reverse mt-12  wrapper mt-12 flex items-center flex-wrap lg:flex-wrap justify-center lg:justify-end\">\n        <div class=\"w-full lg:w-1\/2  px-4 md:px-8   md:pl-20  section-info  text-center md:text-left\" data-aos=\"fade-in\" data-aos-duration=\"500\"  data-aos-delay=\"300\" data-aos-easing=\"ease-in-out\" data-aos-once=\"true\">\n            <h2 class=\"text-title font-tiempos_bold\">Flexibilidad<\/h2>\n                                        <div class=\"mt-5 wysiwyg lg:pr-10 font-roboto_regular font-light\"><p>Aplicamos una filosof\u00eda de gesti\u00f3n de las inversiones<br \/>\nque las haga flexibles en entornos complejos de mercado<br \/>\ny adaptables a las necesidades de cada cliente.<\/p>\n<\/div>\n                                                \n                    <\/div>\n                    <div class=\"w-full mt-10 md:mt-0 md:w-5\/12 flex  justify-end \" data-aos=\"fade-in\" data-aos-duration=\"500\" data-aos-easing=\"ease-in-out\" data-aos-once=\"true\">\n                                    <img  data-src=\"https:\/\/creandgroup.com\/wp-content\/uploads\/Flexibles-1.jpg\" alt=\"Flexibles (1)\" class=\"w-full lozad mt-5 lg:mt-0\">\n                                            <\/div>\n            <\/div>\n<\/section>\n<style>\n    .section-text-img-cta .wp-video{\n        width: 100% !important;\n    }\n    .section-text-img-cta .wysiwyg a{\n        color: #369125;\n        text-decoration: underline;\n    }\n    .text-img-cta-card-list-el-inner{\n        box-shadow: 0px 4px 51px 0px rgba(0, 0, 0, 0.07);\n    }\n\n    .section-text-img-cta .wysiwyg ul {\n            margin-top: 10px;\n    }\n    .section-text-img-cta .wysiwyg ul li{\n        background-image: url(\"https:\/\/creandgroup.com\/wp-content\/themes\/creand\/public\/images\/icon-tick.ca4fad.svg\");\n        background-position: 0 5px;\n        padding: 2px 0 5px 32px;\n        margin-bottom: 8px;\n        background-repeat: no-repeat;\n    }\n    .text-img-cta-card-list-el .hover-state{\n        background: linear-gradient(112.89deg, #369125 3.9%, #70BC8F 83.71%);\n\n    }\n    .section-text-img-cta .icon-gray path{\n        fill: transparent;\n        stroke: #434343;\n    }\n    .section-text-img-cta .icon-white path{\n        fill: transparent;\n        stroke: white;\n    }\n\n    .section-text-img-cta.black::before{\n        content: \"\";\n        display: block;\n        width: 100%;\n        height: 100%;\n        position: absolute;\n        z-index: 0;\n        background-color: rgba(0, 0, 0, 0.3);\n    }\n    .section-text-img-cta.white::before{\n        content: \"\";\n        display: block;\n        width: 100%;\n        height: 100%;\n        position: absolute;\n        z-index: 0;\n        background-color: rgba(255, 255, 255, 0.3);\n    }\n\n    .section-text-img-cta .button-primary svg path{\n        fill: white;\n        transition: all 0.3s;\n    }\n<\/style>\n\n<section id=\"block_a14b9fdf14ad5f9dff1205e20c16b5ee\"  data-block_a14b9fdf14ad5f9dff1205e20c16b5ee class=\"text-img-cta align w-full section-text-img-cta bg-white relative block clear-both overflow-hidden my-8 lg:my-20 lg:h-auto  \">\n    <div class=\"relatize z-1  max-w-extra_wide mx-auto   wrapper mt-12 flex items-center flex-wrap lg:flex-wrap justify-center lg:justify-end\">\n        <div class=\"w-full lg:w-1\/2  px-4 md:px-8   section-info  text-center md:text-left\" data-aos=\"fade-in\" data-aos-duration=\"500\"  data-aos-delay=\"300\" data-aos-easing=\"ease-in-out\" data-aos-once=\"true\">\n            <h2 class=\"text-title font-tiempos_bold\">Esquema de comisiones<br \/>\r\nbasado en resultados<\/h2>\n                                        <div class=\"mt-5 wysiwyg lg:pr-10 font-roboto_regular font-light\"><p>Queremos aportar valor real al patrimonio de nuestros clientes.<br \/>\nPor este motivo, les ofrecemos un esquema de comisiones<br \/>\nbasado en resultados.<\/p>\n<\/div>\n                                                \n                    <\/div>\n                    <div class=\"w-full mt-10 md:mt-0 md:w-5\/12 flex  justify-start \" data-aos=\"fade-in\" data-aos-duration=\"500\" data-aos-easing=\"ease-in-out\" data-aos-once=\"true\">\n                                    <img  data-src=\"https:\/\/creandgroup.com\/wp-content\/uploads\/ESQUEMA-DE-COMISIONES.jpg\" alt=\"ESQUEMA-DE-COMISIONES\" class=\"w-full lozad mt-5 lg:mt-0\">\n                                            <\/div>\n            <\/div>\n<\/section>\n<style>\n    .section-text-img-cta .wp-video{\n        width: 100% !important;\n    }\n    .section-text-img-cta .wysiwyg a{\n        color: #369125;\n        text-decoration: underline;\n    }\n    .text-img-cta-card-list-el-inner{\n        box-shadow: 0px 4px 51px 0px rgba(0, 0, 0, 0.07);\n    }\n\n    .section-text-img-cta .wysiwyg ul {\n            margin-top: 10px;\n    }\n    .section-text-img-cta .wysiwyg ul li{\n        background-image: url(\"https:\/\/creandgroup.com\/wp-content\/themes\/creand\/public\/images\/icon-tick.ca4fad.svg\");\n        background-position: 0 5px;\n        padding: 2px 0 5px 32px;\n        margin-bottom: 8px;\n        background-repeat: no-repeat;\n    }\n    .text-img-cta-card-list-el .hover-state{\n        background: linear-gradient(112.89deg, #369125 3.9%, #70BC8F 83.71%);\n\n    }\n    .section-text-img-cta .icon-gray path{\n        fill: transparent;\n        stroke: #434343;\n    }\n    .section-text-img-cta .icon-white path{\n        fill: transparent;\n        stroke: white;\n    }\n\n    .section-text-img-cta.black::before{\n        content: \"\";\n        display: block;\n        width: 100%;\n        height: 100%;\n        position: absolute;\n        z-index: 0;\n        background-color: rgba(0, 0, 0, 0.3);\n    }\n    .section-text-img-cta.white::before{\n        content: \"\";\n        display: block;\n        width: 100%;\n        height: 100%;\n        position: absolute;\n        z-index: 0;\n        background-color: rgba(255, 255, 255, 0.3);\n    }\n\n    .section-text-img-cta .button-primary svg path{\n        fill: white;\n        transition: all 0.3s;\n    }\n<\/style>","protected":false},"excerpt":{"rendered":"","protected":false},"author":1,"featured_media":0,"parent":6901,"menu_order":0,"comment_status":"closed","ping_status":"closed","template":"","meta":{"_acf_changed":false,"inline_featured_image":false,"footnotes":""},"class_list":["post-6917","page","type-page","status-publish","hentry"],"acf":[],"_links":{"self":[{"href":"https:\/\/creandgroup.com\/es\/wp-json\/wp\/v2\/pages\/6917","targetHints":{"allow":["GET"]}}],"collection":[{"href":"https:\/\/creandgroup.com\/es\/wp-json\/wp\/v2\/pages"}],"about":[{"href":"https:\/\/creandgroup.com\/es\/wp-json\/wp\/v2\/types\/page"}],"author":[{"embeddable":true,"href":"https:\/\/creandgroup.com\/es\/wp-json\/wp\/v2\/users\/1"}],"replies":[{"embeddable":true,"href":"https:\/\/creandgroup.com\/es\/wp-json\/wp\/v2\/comments?post=6917"}],"version-history":[{"count":0,"href":"https:\/\/creandgroup.com\/es\/wp-json\/wp\/v2\/pages\/6917\/revisions"}],"up":[{"embeddable":true,"href":"https:\/\/creandgroup.com\/es\/wp-json\/wp\/v2\/pages\/6901"}],"wp:attachment":[{"href":"https:\/\/creandgroup.com\/es\/wp-json\/wp\/v2\/media?parent=6917"}],"curies":[{"name":"wp","href":"https:\/\/api.w.org\/{rel}","templated":true}]}}