{"id":6909,"date":"2021-10-14T14:29:45","date_gmt":"2021-10-14T12:29:45","guid":{"rendered":"https:\/\/creandgroup.com\/negoci\/experts-en-inversio\/"},"modified":"2023-08-23T12:07:24","modified_gmt":"2023-08-23T10:07:24","slug":"expertos-en-inversion","status":"publish","type":"page","link":"https:\/\/creandgroup.com\/es\/negocio\/expertos-en-inversion\/","title":{"rendered":"Expertos en inversi\u00f3n"},"content":{"rendered":"<section data-block_51310d06a1c070307a2b75434f45ffc7 class=\"hero align section-hero-secondary relative block clear-both overflow-hidden bg-center bg-cover\" style=\"background-image: url('https:\/\/creandgroup.com\/wp-content\/uploads\/Mask_Group_3.jpg')\" data-aos=\"fade\" data-aos-duration=\"500\" data-aos-easing=\"ease-in-out\" data-aos-mirror=\"false\">\n        <div class=\"container relative flex flex-wrap items-center py-10 xl:pl-48 lg:h-68 lg:flex-nowrap\">\n            <svg class=\"icon-oval-secundary hidden md:block absolute top-0 -left-5 lg:-left-20 xl:left-24 h-full\" width=\"317\" height=\"247\" viewBox=\"0 0 317 247\" fill=\"none\" xmlns=\"https:\/\/www.w3.org\/2000\/svg\">\n<path opacity=\"0.5\" d=\"M317 370C142.478 370 1 259.638 1 123.5C1 -12.6382 142.478 -123 317 -123\" stroke=\"white\" stroke-width=\"1.6658\"\/>\n<\/svg> \n            <h1 class=\"text-white lg:w-1\/2 lg:pr-10  font-tiempos_bold \"   style=\"line-height: 52px; letter-spacing: 2px; font-size: 45px;\" >Expertos<br \/>\r\nen inversi\u00f3n<\/h1>\n            <div class=\"pl-3 mt-3 lg:mt-0 text-white lg:w-2\/3\">\n                <h3 class=\" big-text   leading-normal\">En Creand somos expertos en banca privada internacional<br \/>\r\ny en gesti\u00f3n de patrimonios.<\/h3>\n                            <\/div>\n        <\/div>\n    <\/section>\n    <style>\n        .section-hero-secondary a.border-white{\n            transition: all 0.2s;\n        }\n        .section-hero-secondary a.border-white:hover{\n            color: #369125;\n            background-color: white;\n        }\n        .section-hero-secondary a.border-white:hover .icon-white-fill path{\n            fill: #369125;\n        }\n        .section-hero-secondary.text-light .container{\n            height: auto !important;\n        }\n        .section-hero-secondary.text-light h1{\n            font-weight: 400 !important;\n        }\n        .section-hero-secondary .big-text{\n            font-size: 18px;\n            line-height: 28px;\n        }\n        @media (min-width: 1024px){\n            .section-hero-secondary .big-text{\n                font-size: 22px;\n                line-height: 32px;\n            }\n        }\n    <\/style>\n\n\n<section data-block_b612c5d95b7887820a0a5815c146737c class=\"navigation align section-navigation hidden lg:block  border-b sticky top-10 xl:top-20 bg-white overflow-hidden border-t border-gallery_gray \" data-aos=\"fade\" data-aos-duration=\"500\" data-aos-easing=\"ease-in-out\" data-aos-once=\"true\">\n    <div class=\"container\">\n        <div class=\"wrapper flex items-center\">\n            <div class=\"flex items-center gap-5 lg:gap-8 text-center justify-evenly uppercase navigation-list mx-auto font-roboto_regular\">\n                                             <a href=\"https:\/\/creandgroup.com\/es\/negocio\/vision-estrategica\/\" class=\"text-sm lg:text-base py-5 xl:pt-8 xl:pb-6 cursor-pointer\">Visi\u00f3n estrat\u00e9gica<\/a>\n                                             <a href=\"#\" class=\"text-sm lg:text-base py-5 xl:pt-8 xl:pb-6 cursor-pointer\">Expertos en inversi\u00f3n<\/a>\n                                             <a href=\"https:\/\/creandgroup.com\/es\/negocio\/modelo-de-gestion\/\" class=\"text-sm lg:text-base py-5 xl:pt-8 xl:pb-6 cursor-pointer\">Modelo de gesti\u00f3n<\/a>\n                                             <a href=\"https:\/\/creandgroup.com\/es\/negocio\/presencia-internacional\/\" class=\"text-sm lg:text-base py-5 xl:pt-8 xl:pb-6 cursor-pointer\">Presencia internacional<\/a>\n                                             <a href=\"https:\/\/creandgroup.com\/es\/negocio\/reconocimientos-y-certificaciones\/\" class=\"text-sm lg:text-base py-5 xl:pt-8 xl:pb-6 cursor-pointer\">Reconocimientos y certificaciones<\/a>\n                        <\/div>\n        <\/div>\n    <\/div>\n\n<\/section>\n<style>\n    .section-navigation{\n        z-index: 19;\n    }\n    .section-navigation .currentPage{\n        color: #369125;\n        font-weight: 700;\n        border-bottom: 2px solid #369125;\n    }\n    .section-navigation .active{\n        color: #369125;\n        font-weight: 700;\n        border-bottom: 2px solid #369125;\n    }\n    .navigation-list a:hover{\n        color: #369125;\n        border-bottom: 2px solid #369125;\n    }\n    .section-navigation .go-back:hover .icon-arrow-down path{\n        stroke: #369125;\n    }\n<\/style>\n<script>\n    function goBack() {\n        window.history.back();\n    }\n<\/script>\n\n<section id=\"block_d8af0cab8257047d08413a4c955f75f8\"  data-block_d8af0cab8257047d08413a4c955f75f8 class=\"text-img-cta align w-full section-text-img-cta bg-white relative block clear-both overflow-hidden my-8 lg:my-20 lg:h-auto  \">\n    <div class=\"relatize z-1  max-w-extra_wide mx-auto   wrapper mt-12 flex items-center flex-wrap lg:flex-wrap justify-center lg:justify-end\">\n        <div class=\"w-full lg:w-1\/2  px-4 md:px-8   section-info  text-center md:text-left\" data-aos=\"fade-in\" data-aos-duration=\"500\"  data-aos-delay=\"300\" data-aos-easing=\"ease-in-out\" data-aos-once=\"true\">\n            <h2 class=\"text-title font-tiempos_bold\">Expertos en inversi\u00f3n<\/h2>\n                                        <div class=\"mt-5 wysiwyg lg:pr-10 font-roboto_regular font-light\"><p>En Creand, una s\u00f3lida trayectoria nos avala como expertos en banca privada internacional y en gesti\u00f3n de patrimonios. Nos avala una s\u00f3lida trayectoria y m\u00e1s de setenta a\u00f1os de experiencia gestionando las inversiones de nuestros clientes con la vocaci\u00f3n de ofrecerles soluciones a su medida.<\/p>\n<p>Proponemos un servicio basado en un modelo <strong>de arquitectura abierta<\/strong>, especializado y flexible, con el <strong>asesoramiento personalizado<\/strong> como clave principal. Nuestros clientes eligen un trato personal, con la certeza de saber que cuentan con especialistas y expertos internacionales.<\/p>\n<p>&nbsp;<\/p>\n<\/div>\n                                                \n                    <\/div>\n                    <div class=\"w-full mt-10 md:mt-0 md:w-5\/12 flex  justify-start \" data-aos=\"fade-in\" data-aos-duration=\"500\" data-aos-easing=\"ease-in-out\" data-aos-once=\"true\">\n                                    <img  data-src=\"https:\/\/creandgroup.com\/wp-content\/uploads\/expertos-en-emprender.jpg\" alt=\"expertos-en-emprender\" class=\"w-full lozad mt-5 lg:mt-0\">\n                                            <\/div>\n            <\/div>\n<\/section>\n<style>\n    .section-text-img-cta .wp-video{\n        width: 100% !important;\n    }\n    .section-text-img-cta .wysiwyg a{\n        color: #369125;\n        text-decoration: underline;\n    }\n    .text-img-cta-card-list-el-inner{\n        box-shadow: 0px 4px 51px 0px rgba(0, 0, 0, 0.07);\n    }\n\n    .section-text-img-cta .wysiwyg ul {\n            margin-top: 10px;\n    }\n    .section-text-img-cta .wysiwyg ul li{\n        background-image: url(\"https:\/\/creandgroup.com\/wp-content\/themes\/creand\/public\/images\/icon-tick.ca4fad.svg\");\n        background-position: 0 5px;\n        padding: 2px 0 5px 32px;\n        margin-bottom: 8px;\n        background-repeat: no-repeat;\n    }\n    .text-img-cta-card-list-el .hover-state{\n        background: linear-gradient(112.89deg, #369125 3.9%, #70BC8F 83.71%);\n\n    }\n    .section-text-img-cta .icon-gray path{\n        fill: transparent;\n        stroke: #434343;\n    }\n    .section-text-img-cta .icon-white path{\n        fill: transparent;\n        stroke: white;\n    }\n\n    .section-text-img-cta.black::before{\n        content: \"\";\n        display: block;\n        width: 100%;\n        height: 100%;\n        position: absolute;\n        z-index: 0;\n        background-color: rgba(0, 0, 0, 0.3);\n    }\n    .section-text-img-cta.white::before{\n        content: \"\";\n        display: block;\n        width: 100%;\n        height: 100%;\n        position: absolute;\n        z-index: 0;\n        background-color: rgba(255, 255, 255, 0.3);\n    }\n\n    .section-text-img-cta .button-primary svg path{\n        fill: white;\n        transition: all 0.3s;\n    }\n<\/style>\n\n<section id=\"block_44e2b93f7cdce3a4993fe28c007276e4\"  data-block_44e2b93f7cdce3a4993fe28c007276e4 class=\"colums-w-icons align section-colums-w-icons relative block clear-both overflow-hidden my-10 lg:mt-20\">\n    <div class=\"container mt-10 flex flex-wrap justify-between lg:flex-nowrap\">\n        <div class=\"relative block w-full pr-0 section-info lg:w-2\/6 md:pr-10 \">\n            <h2 class=\"text-title font-tiempos_bold\" data-aos=\"fade-right\" data-aos-duration=\"500\"  data-aos-delay=\"0\" data-aos-easing=\"ease-in-out\" data-aos-once=\"true\">Una soluci\u00f3n para<br \/>\r\ncada cliente<\/h2>\n                            <p class=\"mt-3 font-light\" data-aos=\"fade-right\" data-aos-duration=\"500\"  data-aos-delay=\"150\" data-aos-easing=\"ease-in-out\" data-aos-once=\"true\"> <\/p>\n                    <\/div>\n        <div class=\"flex flex-wrap w-full section-content colums-icons-list lg:w-4\/6\">\n                                             <div class=\"relative block w-full mt-8 lg:mb-20 lg:mt-0 md:w-1\/2 colums-icons-list-el md:pr-5 lg:pr-9\" data-aos=\"fade\" data-aos-duration=\"500\"  data-aos-delay=\"0\" data-aos-easing=\"ease-in-out\" data-aos-once=\"true\">\n                    <div class=\"flex  flex-wrap colums-icons-list-el-inner\">\n                        <img data-src=\"https:\/\/creandgroup.com\/wp-content\/uploads\/Client.svg\" alt=\"Client\" class=\"lozad w-12 h-12\">\n                        <h6 class=\"w-full mt-2 text-lg font-bold\">Inversores particulares<\/h6>\n                        <div class=\"mt-2 font-light\"><p>Ofrecemos distintas soluciones de inversi\u00f3n para<br \/>\ncumplir con los objetivos financieros de nuestros<br \/>\nclientes. Desde la custodia y administraci\u00f3n de<br \/>\nvalores, pasando por la gesti\u00f3n de carteras, hasta<br \/>\nuna amplia gama de fondos de inversi\u00f3n.<\/p>\n<\/div>\n                                            <\/div>\n                <\/div>\n                                                             <div class=\"relative block w-full mt-8 lg:mb-20 lg:mt-0 md:w-1\/2 colums-icons-list-el md:pr-5 lg:pr-9\" data-aos=\"fade\" data-aos-duration=\"500\"  data-aos-delay=\"250\" data-aos-easing=\"ease-in-out\" data-aos-once=\"true\">\n                    <div class=\"flex  flex-wrap colums-icons-list-el-inner\">\n                        <img data-src=\"https:\/\/creandgroup.com\/wp-content\/uploads\/Patrimony.svg\" alt=\"Patrimony\" class=\"lozad w-12 h-12\">\n                        <h6 class=\"w-full mt-2 text-lg font-bold\">Clientes de banca privada<\/h6>\n                        <div class=\"mt-2 font-light\"><p>Ponemos a disposici\u00f3n de los clientes un servicio que permite una gesti\u00f3n integral con visi\u00f3n estrat\u00e9gica de su patrimonio, con el asesoramiento personalizado como eje clave.<\/p>\n<p>Un equipo de especialistas vela por una planificaci\u00f3n financiera con un servicio de calidad.<\/p>\n<\/div>\n                                            <\/div>\n                <\/div>\n                                                             <div class=\"relative block w-full mt-8 lg:mb-20 lg:mt-0 md:w-1\/2 colums-icons-list-el md:pr-5 lg:pr-9\" data-aos=\"fade\" data-aos-duration=\"500\"  data-aos-delay=\"500\" data-aos-easing=\"ease-in-out\" data-aos-once=\"true\">\n                    <div class=\"flex  flex-wrap colums-icons-list-el-inner\">\n                        <img data-src=\"https:\/\/creandgroup.com\/wp-content\/uploads\/Family.svg\" alt=\"Family\" class=\"lozad w-12 h-12\">\n                        <h6 class=\"w-full mt-2 text-lg font-bold\">Grupos familiares o family office<\/h6>\n                        <div class=\"mt-2 font-light\"><p>Proponemos un servicio preparado para personas y grupos familiares con patrimonios de composici\u00f3n compleja y trabajamos de forma global todas las necesidades dentro del \u00e1mbito del patrimonio, la<br \/>\nfamilia y la empresa.<\/p>\n<p>Dise\u00f1amos un plan estrat\u00e9gico a medida y \u00f3ptimo teniendo en cuenta las circunstancias de cada grupo familiar.<\/p>\n<\/div>\n                                            <\/div>\n                <\/div>\n                                                             <div class=\"relative block w-full mt-8 lg:mb-20 lg:mt-0 md:w-1\/2 colums-icons-list-el md:pr-5 lg:pr-9\" data-aos=\"fade\" data-aos-duration=\"500\"  data-aos-delay=\"750\" data-aos-easing=\"ease-in-out\" data-aos-once=\"true\">\n                    <div class=\"flex  flex-wrap colums-icons-list-el-inner\">\n                        <img data-src=\"https:\/\/creandgroup.com\/wp-content\/uploads\/Institution.svg\" alt=\"Institution\" class=\"lozad w-12 h-12\">\n                        <h6 class=\"w-full mt-2 text-lg font-bold\">Instituciones <\/h6>\n                        <div class=\"mt-2 font-light\"><p>Colaboramos con muchas y diversas instituciones apoy\u00e1ndoles para que puedan cumplir sus objetivos sociales en el \u00e1mbito financiero.<\/p>\n<\/div>\n                                            <\/div>\n                <\/div>\n                                    <\/div>\n    <\/div>\n<\/section>\n<style>\n    .group-svg:hover svg path, .group-svg:hover circle{\n        stroke: #356C20;\n    } \n<\/style>\n\n<section id=\"block_6e7cbb97fe51d13cf7d4462098d27dc1\"  class=\"full-width-cards align  section-full-width-cards py-8 lg:py-16 relative block clear-both w-full overflow-hidden\">\n  <div class=\"container\">\n    <div class=\"section-header\" data-aos=\"fade-in\" data-aos-duration=\"500\"  data-aos-delay=\"0\" data-aos-easing=\"ease-in-out\" data-aos-once=\"true\">\n              <h3 class=\"text-title font-tiempos_bold text-center\">Nuestras soluciones financieras<\/h3>\n                <\/div>\n    <div class=\"section-content\">\n      <div class=\"full-width-cards-list\">\n                               <div class=\"full-width-cards-list-el mt-16 font-roboto_regular\" data-aos=\"fade-right\" data-aos-duration=\"500\"  data-aos-delay=\"0\" data-aos-easing=\"ease-in-out\" data-aos-once=\"true\">\n            <div class=\"full-width-cards-list-el-inner flex flex-col  lg:flex-row  items-center\">\n                                  <img data-src=\"https:\/\/creandgroup.com\/wp-content\/uploads\/ASESORAMIENTO-DEL-PATRIMONIO.jpg\" alt=\"ASESORAMIENTO-DEL-PATRIMONIO\" class=\"w-full lozad lg:w-auto\">\n                                <div class=\" lg:pl-20 lg:pr-7  py-10 lg:py-0 flex items-center\">\n                  <div class=\"border-l border-primary_direct_green_light h-28\"><\/div>\n                  <div class=\"content  pl-12\">\n                    <h5 class=\"text-primary_direct_green_light\">Asesoramiento global del patrimonio<br \/>\r\n<\/h5>\n                    <div class=\"mt-3 font-light\"><p>Para inversores que, por su complejidad, precisan un asesoramiento profesional para todo su patrimonio, con una visi\u00f3n global sobre activos de distintos tipos.<\/p>\n<p>&nbsp;<\/p>\n<\/div>\n                  <\/div>\n                <\/div>\n            <\/div>\n          <\/div>\n                                         <div class=\"full-width-cards-list-el mt-16 font-roboto_regular\" data-aos=\"fade-left\" data-aos-duration=\"500\"  data-aos-delay=\"150\" data-aos-easing=\"ease-in-out\" data-aos-once=\"true\">\n            <div class=\"full-width-cards-list-el-inner flex flex-col  lg:flex-row-reverse  items-center\">\n                                  <img data-src=\"https:\/\/creandgroup.com\/wp-content\/uploads\/asesoramiento-inversiones-cafe.jpg\" alt=\"asesoramiento-inversiones-cafe\" class=\"w-full lozad lg:w-auto\">\n                                <div class=\" lg:pr-20 lg:pl-7   py-10 lg:py-0 flex items-center\">\n                  <div class=\"border-l border-primary_direct_green_light h-28\"><\/div>\n                  <div class=\"content  pl-12\">\n                    <h5 class=\"text-primary_direct_green_light\">Asesoramiento en servicios de inversi\u00f3n<\/h5>\n                    <div class=\"mt-3 font-light\"><p>Para inversores que, partiendo de una estrategia de inversi\u00f3n individualizada, necesitan recomendaciones de inversi\u00f3n a medida y recurrentes que se adapten en cada momento a las metas de rentabilidad, perfil de riesgo, plazo y liquidez.<\/p>\n<p>&nbsp;<\/p>\n<\/div>\n                  <\/div>\n                <\/div>\n            <\/div>\n          <\/div>\n                                         <div class=\"full-width-cards-list-el mt-16 font-roboto_regular\" data-aos=\"fade-right\" data-aos-duration=\"500\"  data-aos-delay=\"300\" data-aos-easing=\"ease-in-out\" data-aos-once=\"true\">\n            <div class=\"full-width-cards-list-el-inner flex flex-col  lg:flex-row  items-center\">\n                                  <img data-src=\"https:\/\/creandgroup.com\/wp-content\/uploads\/discrecio\u0301n-carteras.jpg\" alt=\"discrecio\u0301n-carteras\" class=\"w-full lozad lg:w-auto\">\n                                <div class=\" lg:pl-20 lg:pr-7  py-10 lg:py-0 flex items-center\">\n                  <div class=\"border-l border-primary_direct_green_light h-28\"><\/div>\n                  <div class=\"content  pl-12\">\n                    <h5 class=\"text-primary_direct_green_light\">Gesti\u00f3n discrecional de carteras<\/h5>\n                    <div class=\"mt-3 font-light\"><p>Para inversores que, partiendo de una estrategia de inversi\u00f3n individualizada, delegan las decisiones de inversi\u00f3n en nuestro equipo de expertos.<\/p>\n<p>&nbsp;<\/p>\n<\/div>\n                  <\/div>\n                <\/div>\n            <\/div>\n          <\/div>\n                                         <div class=\"full-width-cards-list-el mt-16 font-roboto_regular\" data-aos=\"fade-left\" data-aos-duration=\"500\"  data-aos-delay=\"450\" data-aos-easing=\"ease-in-out\" data-aos-once=\"true\">\n            <div class=\"full-width-cards-list-el-inner flex flex-col  lg:flex-row-reverse  items-center\">\n                                  <img data-src=\"https:\/\/creandgroup.com\/wp-content\/uploads\/estructuracio-de-vehicles.jpg\" alt=\"estructuracio-de-vehicles\" class=\"w-full lozad lg:w-auto\">\n                                <div class=\" lg:pr-20 lg:pl-7   py-10 lg:py-0 flex items-center\">\n                  <div class=\"border-l border-primary_direct_green_light h-28\"><\/div>\n                  <div class=\"content  pl-12\">\n                    <h5 class=\"text-primary_direct_green_light\">Estructuraci\u00f3n de veh\u00edculos<br \/>\r\n<\/h5>\n                    <div class=\"mt-3 font-light\"><p>Para inversores que tienen necesidades propias, globales y eficientes de estructuraci\u00f3n de productos. Los servicios que ofrecemos comprenden todas las fases y aspectos que hay que tener en cuenta, desde la creaci\u00f3n del veh\u00edculo de inversi\u00f3n hasta su funcionamiento despu\u00e9s del lanzamiento.<\/p>\n<p>&nbsp;<\/p>\n<\/div>\n                  <\/div>\n                <\/div>\n            <\/div>\n          <\/div>\n                                         <div class=\"full-width-cards-list-el mt-16 font-roboto_regular\" data-aos=\"fade-right\" data-aos-duration=\"500\"  data-aos-delay=\"600\" data-aos-easing=\"ease-in-out\" data-aos-once=\"true\">\n            <div class=\"full-width-cards-list-el-inner flex flex-col  lg:flex-row  items-center\">\n                                  <img data-src=\"https:\/\/creandgroup.com\/wp-content\/uploads\/PRODUCTOS-INVERSIO\u0301N-ALTERNATIVA-ECON..jpg\" alt=\"PRODUCTOS-INVERSIO\u0301N-ALTERNATIVA-ECON.\" class=\"w-full lozad lg:w-auto\">\n                                <div class=\" lg:pl-20 lg:pr-7  py-10 lg:py-0 flex items-center\">\n                  <div class=\"border-l border-primary_direct_green_light h-28\"><\/div>\n                  <div class=\"content  pl-12\">\n                    <h5 class=\"text-primary_direct_green_light\">Productos de inversi\u00f3n alternativa y econom\u00eda real<\/h5>\n                    <div class=\"mt-3 font-light\"><p>Identificamos proyectos de inversi\u00f3n alternativa y de econom\u00eda real para ofrecer oportunidades de mercado atractivas que faciliten la optimizaci\u00f3n del patrimonio del cliente.<\/p>\n<p>&nbsp;<\/p>\n<\/div>\n                  <\/div>\n                <\/div>\n            <\/div>\n          <\/div>\n                        <\/div>\n    <\/div>\n  <\/div>\n<\/section>\n<style>\n\n<\/style>\n","protected":false},"excerpt":{"rendered":"","protected":false},"author":1,"featured_media":0,"parent":6901,"menu_order":0,"comment_status":"closed","ping_status":"closed","template":"","meta":{"_acf_changed":false,"inline_featured_image":false,"footnotes":""},"class_list":["post-6909","page","type-page","status-publish","hentry"],"acf":[],"_links":{"self":[{"href":"https:\/\/creandgroup.com\/es\/wp-json\/wp\/v2\/pages\/6909","targetHints":{"allow":["GET"]}}],"collection":[{"href":"https:\/\/creandgroup.com\/es\/wp-json\/wp\/v2\/pages"}],"about":[{"href":"https:\/\/creandgroup.com\/es\/wp-json\/wp\/v2\/types\/page"}],"author":[{"embeddable":true,"href":"https:\/\/creandgroup.com\/es\/wp-json\/wp\/v2\/users\/1"}],"replies":[{"embeddable":true,"href":"https:\/\/creandgroup.com\/es\/wp-json\/wp\/v2\/comments?post=6909"}],"version-history":[{"count":0,"href":"https:\/\/creandgroup.com\/es\/wp-json\/wp\/v2\/pages\/6909\/revisions"}],"up":[{"embeddable":true,"href":"https:\/\/creandgroup.com\/es\/wp-json\/wp\/v2\/pages\/6901"}],"wp:attachment":[{"href":"https:\/\/creandgroup.com\/es\/wp-json\/wp\/v2\/media?parent=6909"}],"curies":[{"name":"wp","href":"https:\/\/api.w.org\/{rel}","templated":true}]}}